{"id":1719,"date":"2025-11-05T07:55:56","date_gmt":"2025-11-05T07:55:56","guid":{"rendered":"http:\/\/theraderm.vn\/?page_id=1719"},"modified":"2026-01-31T11:31:43","modified_gmt":"2026-01-31T04:31:43","slug":"cooperated-clinic-interview","status":"publish","type":"page","link":"https:\/\/theraderm.vn\/vi\/cooperated-clinic-interview\/","title":{"rendered":"\u0110\u1ed0I T\u00c1C PH\u00d2NG KH\u00c1M"},"content":{"rendered":"<div data-elementor-type=\"wp-page\" data-elementor-id=\"1719\" class=\"elementor elementor-1719\" data-elementor-post-type=\"page\">\n\t\t\t\t\t\t<section class=\"elementor-section elementor-top-section elementor-element elementor-element-abbtt2l elementor-section-boxed elementor-section-height-default elementor-section-height-default\" data-id=\"abbtt2l\" data-element_type=\"section\" data-e-type=\"section\" data-settings=\"{&quot;background_background&quot;:&quot;classic&quot;}\">\n\t\t\t\t\t\t<div class=\"elementor-container elementor-column-gap-no\">\n\t\t\t\t\t<div class=\"elementor-column elementor-col-100 elementor-top-column elementor-element elementor-element-3edb3e6\" data-id=\"3edb3e6\" data-element_type=\"column\" data-e-type=\"column\">\n\t\t\t<div class=\"elementor-widget-wrap elementor-element-populated\">\n\t\t\t\t\t\t<section class=\"elementor-section elementor-inner-section elementor-element elementor-element-f18eb3f elementor-section-boxed elementor-section-height-default elementor-section-height-default\" data-id=\"f18eb3f\" data-element_type=\"section\" data-e-type=\"section\">\n\t\t\t\t\t\t<div class=\"elementor-container elementor-column-gap-no\">\n\t\t\t\t\t<div class=\"elementor-column elementor-col-25 elementor-inner-column elementor-element elementor-element-e6adec4\" data-id=\"e6adec4\" data-element_type=\"column\" data-e-type=\"column\" data-settings=\"{&quot;background_background&quot;:&quot;classic&quot;}\">\n\t\t\t<div class=\"elementor-widget-wrap elementor-element-populated\">\n\t\t\t\t\t\t<div class=\"elementor-element elementor-element-e805f7f elementor-widget elementor-widget-image\" data-id=\"e805f7f\" data-element_type=\"widget\" data-e-type=\"widget\" data-widget_type=\"image.default\">\n\t\t\t\t<div class=\"elementor-widget-container\">\n\t\t\t\t\t\t\t\t\t\t\t\t\t\t\t<img fetchpriority=\"high\" decoding=\"async\" width=\"642\" height=\"644\" src=\"https:\/\/theraderm.vn\/wp-content\/uploads\/2025\/11\/Screenshot-2025-11-05-at-1.56.49-PM.png\" class=\"attachment-large size-large wp-image-1728\" alt=\"screenshot 2025 11 05 at 1.56.49\u202fpm\" srcset=\"https:\/\/theraderm.vn\/wp-content\/uploads\/2025\/11\/Screenshot-2025-11-05-at-1.56.49-PM.png 642w, https:\/\/theraderm.vn\/wp-content\/uploads\/2025\/11\/Screenshot-2025-11-05-at-1.56.49-PM-400x400.png 400w, https:\/\/theraderm.vn\/wp-content\/uploads\/2025\/11\/Screenshot-2025-11-05-at-1.56.49-PM-12x12.png 12w, https:\/\/theraderm.vn\/wp-content\/uploads\/2025\/11\/Screenshot-2025-11-05-at-1.56.49-PM-300x300.png 300w, https:\/\/theraderm.vn\/wp-content\/uploads\/2025\/11\/Screenshot-2025-11-05-at-1.56.49-PM-600x602.png 600w, https:\/\/theraderm.vn\/wp-content\/uploads\/2025\/11\/Screenshot-2025-11-05-at-1.56.49-PM-100x100.png 100w\" sizes=\"(max-width: 642px) 100vw, 642px\" \/>\t\t\t\t\t\t\t\t\t\t\t\t\t\t\t<\/div>\n\t\t\t\t<\/div>\n\t\t\t\t<div class=\"elementor-element elementor-element-01f0e61 elementor-widget elementor-widget-image-box\" data-id=\"01f0e61\" data-element_type=\"widget\" data-e-type=\"widget\" data-widget_type=\"image-box.default\">\n\t\t\t\t<div class=\"elementor-widget-container\">\n\t\t\t\t\t<div class=\"elementor-image-box-wrapper\"><div class=\"elementor-image-box-content\"><h5 class=\"elementor-image-box-title\">Ph\u1ecfng v\u1ea5n b\u1ec7nh vi\u1ec7n \u0111\u1ed1i t\u00e1c<\/h5><p class=\"elementor-image-box-description\">B\u1ec7nh vi\u1ec7n Yonsei-ro<br>\n\nGi\u00e1m \u0111\u1ed1c Jeong Se-won<\/p><\/div><\/div>\t\t\t\t<\/div>\n\t\t\t\t<\/div>\n\t\t\t\t\t<\/div>\n\t\t<\/div>\n\t\t\t\t<div class=\"elementor-column elementor-col-25 elementor-inner-column elementor-element elementor-element-d475267\" data-id=\"d475267\" data-element_type=\"column\" data-e-type=\"column\" data-settings=\"{&quot;background_background&quot;:&quot;classic&quot;}\">\n\t\t\t<div class=\"elementor-widget-wrap elementor-element-populated\">\n\t\t\t\t\t\t<div class=\"elementor-element elementor-element-65a6136 elementor-widget elementor-widget-image\" data-id=\"65a6136\" data-element_type=\"widget\" data-e-type=\"widget\" data-widget_type=\"image.default\">\n\t\t\t\t<div class=\"elementor-widget-container\">\n\t\t\t\t\t\t\t\t\t\t\t\t\t\t\t<img decoding=\"async\" width=\"646\" height=\"650\" src=\"https:\/\/theraderm.vn\/wp-content\/uploads\/2025\/11\/Screenshot-2025-11-05-at-1.56.55-PM.png\" class=\"attachment-large size-large wp-image-1729\" alt=\"screenshot 2025 11 05 at 1.56.55\u202fpm\" srcset=\"https:\/\/theraderm.vn\/wp-content\/uploads\/2025\/11\/Screenshot-2025-11-05-at-1.56.55-PM.png 646w, https:\/\/theraderm.vn\/wp-content\/uploads\/2025\/11\/Screenshot-2025-11-05-at-1.56.55-PM-398x400.png 398w, https:\/\/theraderm.vn\/wp-content\/uploads\/2025\/11\/Screenshot-2025-11-05-at-1.56.55-PM-12x12.png 12w, https:\/\/theraderm.vn\/wp-content\/uploads\/2025\/11\/Screenshot-2025-11-05-at-1.56.55-PM-600x604.png 600w, https:\/\/theraderm.vn\/wp-content\/uploads\/2025\/11\/Screenshot-2025-11-05-at-1.56.55-PM-100x100.png 100w\" sizes=\"(max-width: 646px) 100vw, 646px\" \/>\t\t\t\t\t\t\t\t\t\t\t\t\t\t\t<\/div>\n\t\t\t\t<\/div>\n\t\t\t\t<div class=\"elementor-element elementor-element-488daff elementor-widget elementor-widget-image-box\" data-id=\"488daff\" data-element_type=\"widget\" data-e-type=\"widget\" data-widget_type=\"image-box.default\">\n\t\t\t\t<div class=\"elementor-widget-container\">\n\t\t\t\t\t<div class=\"elementor-image-box-wrapper\"><div class=\"elementor-image-box-content\"><h5 class=\"elementor-image-box-title\">Ph\u1ecfng v\u1ea5n b\u1ec7nh vi\u1ec7n \u0111\u1ed1i t\u00e1c<\/h5><p class=\"elementor-image-box-description\">Ph\u00f2ng kh\u00e1m Shine Star - Chi nh\u00e1nh Hongdae<br>\n\nGi\u00e1m \u0111\u1ed1c \u0111i\u1ec1u h\u00e0nh Kim Dong-hyun<\/p><\/div><\/div>\t\t\t\t<\/div>\n\t\t\t\t<\/div>\n\t\t\t\t\t<\/div>\n\t\t<\/div>\n\t\t\t\t<div class=\"elementor-column elementor-col-25 elementor-inner-column elementor-element elementor-element-8c99614\" data-id=\"8c99614\" data-element_type=\"column\" data-e-type=\"column\" data-settings=\"{&quot;background_background&quot;:&quot;classic&quot;}\">\n\t\t\t<div class=\"elementor-widget-wrap elementor-element-populated\">\n\t\t\t\t\t\t<div class=\"elementor-element elementor-element-2ed02fd elementor-widget elementor-widget-image\" data-id=\"2ed02fd\" data-element_type=\"widget\" data-e-type=\"widget\" data-widget_type=\"image.default\">\n\t\t\t\t<div class=\"elementor-widget-container\">\n\t\t\t\t\t\t\t\t\t\t\t\t\t\t\t<img decoding=\"async\" width=\"648\" height=\"642\" src=\"https:\/\/theraderm.vn\/wp-content\/uploads\/2025\/11\/Screenshot-2025-11-05-at-1.57.03-PM.png\" class=\"attachment-large size-large wp-image-1730\" alt=\"screenshot 2025 11 05 at 1.57.03\u202fpm\" srcset=\"https:\/\/theraderm.vn\/wp-content\/uploads\/2025\/11\/Screenshot-2025-11-05-at-1.57.03-PM.png 648w, https:\/\/theraderm.vn\/wp-content\/uploads\/2025\/11\/Screenshot-2025-11-05-at-1.57.03-PM-400x396.png 400w, https:\/\/theraderm.vn\/wp-content\/uploads\/2025\/11\/Screenshot-2025-11-05-at-1.57.03-PM-12x12.png 12w, https:\/\/theraderm.vn\/wp-content\/uploads\/2025\/11\/Screenshot-2025-11-05-at-1.57.03-PM-600x594.png 600w, https:\/\/theraderm.vn\/wp-content\/uploads\/2025\/11\/Screenshot-2025-11-05-at-1.57.03-PM-100x100.png 100w\" sizes=\"(max-width: 648px) 100vw, 648px\" \/>\t\t\t\t\t\t\t\t\t\t\t\t\t\t\t<\/div>\n\t\t\t\t<\/div>\n\t\t\t\t<div class=\"elementor-element elementor-element-b4b6fc2 elementor-widget elementor-widget-image-box\" data-id=\"b4b6fc2\" data-element_type=\"widget\" data-e-type=\"widget\" data-widget_type=\"image-box.default\">\n\t\t\t\t<div class=\"elementor-widget-container\">\n\t\t\t\t\t<div class=\"elementor-image-box-wrapper\"><div class=\"elementor-image-box-content\"><h5 class=\"elementor-image-box-title\">Ph\u1ecfng v\u1ea5n b\u1ec7nh vi\u1ec7n \u0111\u1ed1i t\u00e1c<\/h5><p class=\"elementor-image-box-description\">Ph\u00f2ng kh\u00e1m Dr. Designer, Yeongdeungpo<br>\n\nGi\u00e1m \u0111\u1ed1c \u0110i\u1ec1u h\u00e0nh Choi Won-hyuk<\/p><\/div><\/div>\t\t\t\t<\/div>\n\t\t\t\t<\/div>\n\t\t\t\t\t<\/div>\n\t\t<\/div>\n\t\t\t\t<div class=\"elementor-column elementor-col-25 elementor-inner-column elementor-element elementor-element-85b6183\" data-id=\"85b6183\" data-element_type=\"column\" data-e-type=\"column\" data-settings=\"{&quot;background_background&quot;:&quot;classic&quot;}\">\n\t\t\t<div class=\"elementor-widget-wrap elementor-element-populated\">\n\t\t\t\t\t\t<div class=\"elementor-element elementor-element-2430362 elementor-widget elementor-widget-image\" data-id=\"2430362\" data-element_type=\"widget\" data-e-type=\"widget\" data-widget_type=\"image.default\">\n\t\t\t\t<div class=\"elementor-widget-container\">\n\t\t\t\t\t\t\t\t\t\t\t\t\t\t\t<img loading=\"lazy\" decoding=\"async\" width=\"330\" height=\"330\" src=\"https:\/\/theraderm.vn\/wp-content\/uploads\/2025\/11\/678e34eae1572.png\" class=\"attachment-large size-large wp-image-1727\" alt=\"678e34eae1572\" srcset=\"https:\/\/theraderm.vn\/wp-content\/uploads\/2025\/11\/678e34eae1572.png 330w, https:\/\/theraderm.vn\/wp-content\/uploads\/2025\/11\/678e34eae1572-12x12.png 12w, https:\/\/theraderm.vn\/wp-content\/uploads\/2025\/11\/678e34eae1572-300x300.png 300w, https:\/\/theraderm.vn\/wp-content\/uploads\/2025\/11\/678e34eae1572-100x100.png 100w\" sizes=\"(max-width: 330px) 100vw, 330px\" \/>\t\t\t\t\t\t\t\t\t\t\t\t\t\t\t<\/div>\n\t\t\t\t<\/div>\n\t\t\t\t<div class=\"elementor-element elementor-element-72ea03a elementor-widget elementor-widget-image-box\" data-id=\"72ea03a\" data-element_type=\"widget\" data-e-type=\"widget\" data-widget_type=\"image-box.default\">\n\t\t\t\t<div class=\"elementor-widget-container\">\n\t\t\t\t\t<div class=\"elementor-image-box-wrapper\"><div class=\"elementor-image-box-content\"><h5 class=\"elementor-image-box-title\">Ph\u1ecfng v\u1ea5n b\u1ec7nh vi\u1ec7n \u0111\u1ed1i t\u00e1c<\/h5><p class=\"elementor-image-box-description\">Ph\u00f2ng kh\u00e1m EG DONG AN, Gangnam Ch\u00ednh<br>\n\nGi\u00e1m \u0111\u1ed1c \u0110i\u1ec1u h\u00e0nh Do Jae-woon<\/p><\/div><\/div>\t\t\t\t<\/div>\n\t\t\t\t<\/div>\n\t\t\t\t\t<\/div>\n\t\t<\/div>\n\t\t\t\t\t<\/div>\n\t\t<\/section>\n\t\t\t\t<section class=\"elementor-section elementor-inner-section elementor-element elementor-element-9ce2b89 elementor-section-boxed elementor-section-height-default elementor-section-height-default\" data-id=\"9ce2b89\" data-element_type=\"section\" data-e-type=\"section\">\n\t\t\t\t\t\t<div class=\"elementor-container elementor-column-gap-no\">\n\t\t\t\t\t<div class=\"elementor-column elementor-col-25 elementor-inner-column elementor-element elementor-element-d5a0619\" data-id=\"d5a0619\" data-element_type=\"column\" data-e-type=\"column\" data-settings=\"{&quot;background_background&quot;:&quot;classic&quot;}\">\n\t\t\t<div class=\"elementor-widget-wrap elementor-element-populated\">\n\t\t\t\t\t\t<div class=\"elementor-element elementor-element-6c658a4 elementor-widget elementor-widget-image\" data-id=\"6c658a4\" data-element_type=\"widget\" data-e-type=\"widget\" data-widget_type=\"image.default\">\n\t\t\t\t<div class=\"elementor-widget-container\">\n\t\t\t\t\t\t\t\t\t\t\t\t\t\t\t<img loading=\"lazy\" decoding=\"async\" width=\"636\" height=\"650\" src=\"https:\/\/theraderm.vn\/wp-content\/uploads\/2025\/11\/Screenshot-2025-11-05-at-2.03.44-PM.png\" class=\"attachment-large size-large wp-image-1747\" alt=\"screenshot 2025 11 05 at 2.03.44\u202fpm\" srcset=\"https:\/\/theraderm.vn\/wp-content\/uploads\/2025\/11\/Screenshot-2025-11-05-at-2.03.44-PM.png 636w, https:\/\/theraderm.vn\/wp-content\/uploads\/2025\/11\/Screenshot-2025-11-05-at-2.03.44-PM-391x400.png 391w, https:\/\/theraderm.vn\/wp-content\/uploads\/2025\/11\/Screenshot-2025-11-05-at-2.03.44-PM-12x12.png 12w, https:\/\/theraderm.vn\/wp-content\/uploads\/2025\/11\/Screenshot-2025-11-05-at-2.03.44-PM-600x613.png 600w\" sizes=\"(max-width: 636px) 100vw, 636px\" \/>\t\t\t\t\t\t\t\t\t\t\t\t\t\t\t<\/div>\n\t\t\t\t<\/div>\n\t\t\t\t<div class=\"elementor-element elementor-element-5a3d6fc elementor-widget elementor-widget-image-box\" data-id=\"5a3d6fc\" data-element_type=\"widget\" data-e-type=\"widget\" data-widget_type=\"image-box.default\">\n\t\t\t\t<div class=\"elementor-widget-container\">\n\t\t\t\t\t<div class=\"elementor-image-box-wrapper\"><div class=\"elementor-image-box-content\"><h5 class=\"elementor-image-box-title\">Ph\u1ecfng v\u1ea5n b\u1ec7nh vi\u1ec7n \u0111\u1ed1i t\u00e1c<\/h5><p class=\"elementor-image-box-description\">Ph\u00f2ng kh\u00e1m Parkview, Jamsil<br>\n\nGi\u00e1m \u0111\u1ed1c \u0110i\u1ec1u h\u00e0nh Jo Ju-eun<\/p><\/div><\/div>\t\t\t\t<\/div>\n\t\t\t\t<\/div>\n\t\t\t\t\t<\/div>\n\t\t<\/div>\n\t\t\t\t<div class=\"elementor-column elementor-col-25 elementor-inner-column elementor-element elementor-element-e4c551a\" data-id=\"e4c551a\" data-element_type=\"column\" data-e-type=\"column\" data-settings=\"{&quot;background_background&quot;:&quot;classic&quot;}\">\n\t\t\t<div class=\"elementor-widget-wrap\">\n\t\t\t\t\t\t\t<\/div>\n\t\t<\/div>\n\t\t\t\t<div class=\"elementor-column elementor-col-25 elementor-inner-column elementor-element elementor-element-bbc062a\" data-id=\"bbc062a\" data-element_type=\"column\" data-e-type=\"column\" data-settings=\"{&quot;background_background&quot;:&quot;classic&quot;}\">\n\t\t\t<div class=\"elementor-widget-wrap\">\n\t\t\t\t\t\t\t<\/div>\n\t\t<\/div>\n\t\t\t\t<div class=\"elementor-column elementor-col-25 elementor-inner-column elementor-element elementor-element-7364c81\" data-id=\"7364c81\" data-element_type=\"column\" data-e-type=\"column\" data-settings=\"{&quot;background_background&quot;:&quot;classic&quot;}\">\n\t\t\t<div class=\"elementor-widget-wrap\">\n\t\t\t\t\t\t\t<\/div>\n\t\t<\/div>\n\t\t\t\t\t<\/div>\n\t\t<\/section>\n\t\t\t\t\t<\/div>\n\t\t<\/div>\n\t\t\t\t\t<\/div>\n\t\t<\/section>\n\t\t\t\t<\/div>","protected":false},"excerpt":{"rendered":"<p>\uc81c\ud734\ubcd1\uc6d0 \uc778\ud130\ubdf0 \uc5f0\uc138\ub85c\uc758\ub8cc\uc758\uc6d0 \uc815\uc138\uc6d0 \uc6d0\uc7a5 \uc81c\ud734\ubcd1\uc6d0 \uc778\ud130\ubdf0 \uc0e4\uc778\uc2a4\ud0c0\uc758\uc6d0 \ud64d\ub300\uc810 \uae40\ub3d9\ud604 \ub300\ud45c\uc6d0\uc7a5 \uc81c\ud734\ubcd1\uc6d0 \uc778\ud130\ubdf0 Dr. Designer Clinic, Yeongdeungpo Chief Director Choi Won-hyuk \uc81c\ud734\ubcd1\uc6d0 \uc778\ud130\ubdf0 EG DONG AN Clinic, Gangnam Main Chief Director Do Jae-woon \uc81c\ud734\ubcd1\uc6d0 \uc778\ud130\ubdf0 Parkview Clinic, Jamsil Chief Director Jo Ju-eun<\/p>","protected":false},"author":1,"featured_media":0,"parent":0,"menu_order":0,"comment_status":"closed","ping_status":"closed","template":"elementor_header_footer","meta":{"site-sidebar-layout":"no-sidebar","site-content-layout":"page-builder","ast-site-content-layout":"full-width-container","site-content-style":"default","site-sidebar-style":"default","ast-global-header-display":"","ast-banner-title-visibility":"","ast-main-header-display":"","ast-hfb-above-header-display":"","ast-hfb-below-header-display":"","ast-hfb-mobile-header-display":"","site-post-title":"","ast-breadcrumbs-content":"","ast-featured-img":"disabled","footer-sml-layout":"","ast-disable-related-posts":"","theme-transparent-header-meta":"","adv-header-id-meta":"","stick-header-meta":"","header-above-stick-meta":"","header-main-stick-meta":"","header-below-stick-meta":"","astra-migrate-meta-layouts":"set","ast-page-background-enabled":"default","ast-page-background-meta":{"desktop":{"background-color":"","background-image":"","background-repeat":"repeat","background-position":"center center","background-size":"auto","background-attachment":"scroll","background-type":"","background-media":"","overlay-type":"","overlay-color":"","overlay-opacity":"","overlay-gradient":""},"tablet":{"background-color":"","background-image":"","background-repeat":"repeat","background-position":"center center","background-size":"auto","background-attachment":"scroll","background-type":"","background-media":"","overlay-type":"","overlay-color":"","overlay-opacity":"","overlay-gradient":""},"mobile":{"background-color":"","background-image":"","background-repeat":"repeat","background-position":"center center","background-size":"auto","background-attachment":"scroll","background-type":"","background-media":"","overlay-type":"","overlay-color":"","overlay-opacity":"","overlay-gradient":""}},"ast-content-background-meta":{"desktop":{"background-color":"var(--ast-global-color-5)","background-image":"","background-repeat":"repeat","background-position":"center center","background-size":"auto","background-attachment":"scroll","background-type":"","background-media":"","overlay-type":"","overlay-color":"","overlay-opacity":"","overlay-gradient":""},"tablet":{"background-color":"var(--ast-global-color-5)","background-image":"","background-repeat":"repeat","background-position":"center center","background-size":"auto","background-attachment":"scroll","background-type":"","background-media":"","overlay-type":"","overlay-color":"","overlay-opacity":"","overlay-gradient":""},"mobile":{"background-color":"var(--ast-global-color-5)","background-image":"","background-repeat":"repeat","background-position":"center center","background-size":"auto","background-attachment":"scroll","background-type":"","background-media":"","overlay-type":"","overlay-color":"","overlay-opacity":"","overlay-gradient":""}},"footnotes":""},"class_list":["post-1719","page","type-page","status-publish","hentry"],"_links":{"self":[{"href":"https:\/\/theraderm.vn\/vi\/wp-json\/wp\/v2\/pages\/1719","targetHints":{"allow":["GET"]}}],"collection":[{"href":"https:\/\/theraderm.vn\/vi\/wp-json\/wp\/v2\/pages"}],"about":[{"href":"https:\/\/theraderm.vn\/vi\/wp-json\/wp\/v2\/types\/page"}],"author":[{"embeddable":true,"href":"https:\/\/theraderm.vn\/vi\/wp-json\/wp\/v2\/users\/1"}],"replies":[{"embeddable":true,"href":"https:\/\/theraderm.vn\/vi\/wp-json\/wp\/v2\/comments?post=1719"}],"version-history":[{"count":29,"href":"https:\/\/theraderm.vn\/vi\/wp-json\/wp\/v2\/pages\/1719\/revisions"}],"predecessor-version":[{"id":3858,"href":"https:\/\/theraderm.vn\/vi\/wp-json\/wp\/v2\/pages\/1719\/revisions\/3858"}],"wp:attachment":[{"href":"https:\/\/theraderm.vn\/vi\/wp-json\/wp\/v2\/media?parent=1719"}],"curies":[{"name":"wp","href":"https:\/\/api.w.org\/{rel}","templated":true}]}}