{"id":1783,"date":"2025-11-05T08:24:32","date_gmt":"2025-11-05T08:24:32","guid":{"rendered":"http:\/\/theraderm.vn\/?page_id=1783"},"modified":"2025-12-25T13:22:24","modified_gmt":"2025-12-25T06:22:24","slug":"medical-skincare","status":"publish","type":"page","link":"https:\/\/theraderm.vn\/vi\/medical-skincare\/","title":{"rendered":"CH\u0102M S\u00d3C DA Y T\u1ebe"},"content":{"rendered":"<div data-elementor-type=\"wp-page\" data-elementor-id=\"1783\" class=\"elementor elementor-1783\" data-elementor-post-type=\"page\">\n\t\t\t\t<div class=\"elementor-element elementor-element-8c0a213 e-flex e-con-boxed e-con e-parent\" data-id=\"8c0a213\" data-element_type=\"container\" data-e-type=\"container\" data-settings=\"{&quot;background_background&quot;:&quot;classic&quot;}\">\n\t\t\t\t\t<div class=\"e-con-inner\">\n\t\t\t\t<div class=\"elementor-element elementor-element-eaed277 elementor-widget elementor-widget-heading\" data-id=\"eaed277\" data-element_type=\"widget\" data-e-type=\"widget\" data-widget_type=\"heading.default\">\n\t\t\t\t<div class=\"elementor-widget-container\">\n\t\t\t\t\t<h1 class=\"elementor-heading-title elementor-size-default\">PH\u00c1T H\u00c0NH<\/h1>\t\t\t\t<\/div>\n\t\t\t\t<\/div>\n\t\t\t\t<div class=\"elementor-element elementor-element-274b0e5 elementor-widget elementor-widget-heading\" data-id=\"274b0e5\" data-element_type=\"widget\" data-e-type=\"widget\" data-widget_type=\"heading.default\">\n\t\t\t\t<div class=\"elementor-widget-container\">\n\t\t\t\t\t<h4 class=\"elementor-heading-title elementor-size-default\">S\u1ea3n ph\u1ea9m b\u00e1n ch\u1ea1y nh\u1ea5t d\u00e0nh cho b\u00e1c s\u0129 \u2018CH\u0102M S\u00d3C DA Y KHOA\u2019<\/h4>\t\t\t\t<\/div>\n\t\t\t\t<\/div>\n\t\t\t\t\t<\/div>\n\t\t\t\t<\/div>\n\t\t<div class=\"elementor-element elementor-element-09cb394 e-flex e-con-boxed e-con e-parent\" data-id=\"09cb394\" data-element_type=\"container\" data-e-type=\"container\">\n\t\t\t\t\t<div class=\"e-con-inner\">\n\t\t<div class=\"elementor-element elementor-element-2ad3a1e e-con-full e-flex e-con e-child\" data-id=\"2ad3a1e\" data-element_type=\"container\" data-e-type=\"container\">\n\t\t\t\t<div class=\"elementor-element elementor-element-8873e35 elementor-icon-list--layout-inline deco elementor-list-item-link-full_width elementor-widget elementor-widget-icon-list\" data-id=\"8873e35\" data-element_type=\"widget\" data-e-type=\"widget\" data-widget_type=\"icon-list.default\">\n\t\t\t\t<div class=\"elementor-widget-container\">\n\t\t\t\t\t\t\t<ul class=\"elementor-icon-list-items elementor-inline-items\">\n\t\t\t\t\t\t\t<li class=\"elementor-icon-list-item elementor-inline-item\">\n\t\t\t\t\t\t\t\t\t\t\t<a href=\"\/vi\/\">\n\n\t\t\t\t\t\t\t\t\t\t\t\t<span class=\"elementor-icon-list-icon\">\n\t\t\t\t\t\t\t<i aria-hidden=\"true\" class=\"fas fa-home\"><\/i>\t\t\t\t\t\t<\/span>\n\t\t\t\t\t\t\t\t\t\t<span class=\"elementor-icon-list-text\"><\/span>\n\t\t\t\t\t\t\t\t\t\t\t<\/a>\n\t\t\t\t\t\t\t\t\t<\/li>\n\t\t\t\t\t\t\t\t<li class=\"elementor-icon-list-item elementor-inline-item\">\n\t\t\t\t\t\t\t\t\t\t\t<a href=\"#\">\n\n\t\t\t\t\t\t\t\t\t\t\t\t<span class=\"elementor-icon-list-icon\">\n\t\t\t\t\t\t\t<i aria-hidden=\"true\" class=\"fas fa-angle-right\"><\/i>\t\t\t\t\t\t<\/span>\n\t\t\t\t\t\t\t\t\t\t<span class=\"elementor-icon-list-text\">Theraderm<\/span>\n\t\t\t\t\t\t\t\t\t\t\t<\/a>\n\t\t\t\t\t\t\t\t\t<\/li>\n\t\t\t\t\t\t\t\t<li class=\"elementor-icon-list-item elementor-inline-item\">\n\t\t\t\t\t\t\t\t\t\t\t<a href=\"\/vi\/medical-skincare\/\">\n\n\t\t\t\t\t\t\t\t\t\t\t\t<span class=\"elementor-icon-list-icon\">\n\t\t\t\t\t\t\t<i aria-hidden=\"true\" class=\"fas fa-angle-right\"><\/i>\t\t\t\t\t\t<\/span>\n\t\t\t\t\t\t\t\t\t\t<span class=\"elementor-icon-list-text\">Medical Skincare<\/span>\n\t\t\t\t\t\t\t\t\t\t\t<\/a>\n\t\t\t\t\t\t\t\t\t<\/li>\n\t\t\t\t\t\t<\/ul>\n\t\t\t\t\t\t<\/div>\n\t\t\t\t<\/div>\n\t\t\t\t<div class=\"elementor-element elementor-element-8073204 e-n-tabs-mobile elementor-widget elementor-widget-n-tabs\" data-id=\"8073204\" data-element_type=\"widget\" data-e-type=\"widget\" data-settings=\"{&quot;tabs_justify_horizontal&quot;:&quot;start&quot;,&quot;horizontal_scroll&quot;:&quot;disable&quot;}\" data-widget_type=\"nested-tabs.default\">\n\t\t\t\t<div class=\"elementor-widget-container\">\n\t\t\t\t\t\t\t<div class=\"e-n-tabs\" data-widget-number=\"134689284\" aria-label=\"C\u00e1c tab. M\u1edf m\u1ee5c b\u1eb1ng ph\u00edm Enter ho\u1eb7c Space, \u0111\u00f3ng b\u1eb1ng ph\u00edm Esc v\u00e0 di chuy\u1ec3n b\u1eb1ng c\u00e1c ph\u00edm m\u0169i t\u00ean.\" data-no-translation-aria-label=\"\">\n\t\t\t<div class=\"e-n-tabs-heading\" role=\"tablist\">\n\t\t\t\t\t<button id=\"e-n-tab-title-1346892841\" data-tab-title-id=\"e-n-tab-title-1346892841\" class=\"e-n-tab-title\" aria-selected=\"true\" data-tab-index=\"1\" role=\"tab\" tabindex=\"0\" aria-controls=\"e-n-tab-content-1346892841\" style=\"--n-tabs-title-order: 1;\">\n\t\t\t\t\t\t<span class=\"e-n-tab-title-text\">\n\t\t\t\tMedical Skincare 1\t\t\t<\/span>\n\t\t<\/button>\n\t\t\t\t<button id=\"e-n-tab-title-1346892842\" data-tab-title-id=\"e-n-tab-title-1346892842\" class=\"e-n-tab-title\" aria-selected=\"false\" data-tab-index=\"2\" role=\"tab\" tabindex=\"-1\" aria-controls=\"e-n-tab-content-1346892842\" style=\"--n-tabs-title-order: 2;\">\n\t\t\t\t\t\t<span class=\"e-n-tab-title-text\">\n\t\t\t\tMedical Skincare 2\t\t\t<\/span>\n\t\t<\/button>\n\t\t\t\t\t<\/div>\n\t\t\t<div class=\"e-n-tabs-content\">\n\t\t\t\t<div id=\"e-n-tab-content-1346892841\" role=\"tabpanel\" aria-labelledby=\"e-n-tab-title-1346892841\" data-tab-index=\"1\" style=\"--n-tabs-title-order: 1;\" class=\"e-active elementor-element elementor-element-0ca3760 e-con-full e-flex e-con e-child\" data-id=\"0ca3760\" data-element_type=\"container\" data-e-type=\"container\">\n\t\t<div class=\"elementor-element elementor-element-0f3253e e-flex e-con-boxed e-con e-child\" data-id=\"0f3253e\" data-element_type=\"container\" data-e-type=\"container\">\n\t\t\t\t\t<div class=\"e-con-inner\">\n\t\t<div class=\"elementor-element elementor-element-4626f1a e-con-full e-flex e-con e-child\" data-id=\"4626f1a\" data-element_type=\"container\" data-e-type=\"container\">\n\t\t\t\t<\/div>\n\t\t<div class=\"elementor-element elementor-element-e19a13f e-con-full e-flex e-con e-child\" data-id=\"e19a13f\" data-element_type=\"container\" data-e-type=\"container\">\n\t\t\t\t<div class=\"elementor-element elementor-element-4180389 elementor-widget elementor-widget-image\" data-id=\"4180389\" data-element_type=\"widget\" data-e-type=\"widget\" data-widget_type=\"image.default\">\n\t\t\t\t<div class=\"elementor-widget-container\">\n\t\t\t\t\t\t\t\t\t\t\t\t\t\t\t<img fetchpriority=\"high\" decoding=\"async\" width=\"393\" height=\"578\" src=\"https:\/\/theraderm.vn\/wp-content\/uploads\/2025\/11\/medical1.jpg\" class=\"attachment-large size-large wp-image-1793\" alt=\"medical1\" srcset=\"https:\/\/theraderm.vn\/wp-content\/uploads\/2025\/11\/medical1.jpg 393w, https:\/\/theraderm.vn\/wp-content\/uploads\/2025\/11\/medical1-272x400.jpg 272w, https:\/\/theraderm.vn\/wp-content\/uploads\/2025\/11\/medical1-8x12.jpg 8w\" sizes=\"(max-width: 393px) 100vw, 393px\" \/>\t\t\t\t\t\t\t\t\t\t\t\t\t\t\t<\/div>\n\t\t\t\t<\/div>\n\t\t\t\t<\/div>\n\t\t<div class=\"elementor-element elementor-element-57aa2fa e-con-full e-flex e-con e-child\" data-id=\"57aa2fa\" data-element_type=\"container\" data-e-type=\"container\">\n\t\t\t\t<div class=\"elementor-element elementor-element-53bc198 elementor-widget elementor-widget-heading\" data-id=\"53bc198\" data-element_type=\"widget\" data-e-type=\"widget\" data-widget_type=\"heading.default\">\n\t\t\t\t<div class=\"elementor-widget-container\">\n\t\t\t\t\t<h3 class=\"elementor-heading-title elementor-size-default\">Medical Skincare 1\/Obesity Spa\n<\/h3>\t\t\t\t<\/div>\n\t\t\t\t<\/div>\n\t\t\t\t<div class=\"elementor-element elementor-element-79e19af elementor-widget elementor-widget-text-editor\" data-id=\"79e19af\" data-element_type=\"widget\" data-e-type=\"widget\" data-widget_type=\"text-editor.default\">\n\t\t\t\t<div class=\"elementor-widget-container\">\n\t\t\t\t\t\t\t\t\t<p>M\u1ed9t ph\u01b0\u01a1ng ph\u00e1p ti\u1ebfp c\u1eadn m\u1edbi trong ch\u0103m s\u00f3c da y t\u1ebf, k\u1ebft h\u1ee3p gi\u1eefa y h\u1ecdc v\u00e0 m\u1ef9 ph\u1ea9m.<br \/>Phi\u00ean b\u1ea3n c\u1eadp nh\u1eadt n\u00e0y kh\u00f4ng ch\u1ec9 \u0111\u1ec1 c\u1eadp \u0111\u1ebfn c\u00e1c ph\u01b0\u01a1ng ph\u00e1p li\u00ean quan \u0111\u1ebfn da m\u00e0 c\u00f2n bao g\u1ed3m c\u00e1c ph\u01b0\u01a1ng ph\u00e1p to\u00e0n di\u1ec7n, bao g\u1ed3m li\u1ec7u ph\u00e1p nhau thai, thay th\u1ebf hormone, qu\u1ea3n l\u00fd b\u00e9o ph\u00ec, mesotherapy, spa y t\u1ebf v\u00e0 chi\u1ebfn l\u01b0\u1ee3c dinh d\u01b0\u1ee1ng.<\/p>\t\t\t\t\t\t\t\t<\/div>\n\t\t\t\t<\/div>\n\t\t<div class=\"elementor-element elementor-element-d132bdf e-con-full e-flex e-con e-child\" data-id=\"d132bdf\" data-element_type=\"container\" data-e-type=\"container\">\n\t\t<div class=\"elementor-element elementor-element-7939b5a e-con-full e-flex e-con e-child\" data-id=\"7939b5a\" data-element_type=\"container\" data-e-type=\"container\">\n\t\t\t\t<div class=\"elementor-element elementor-element-a84a540 elementor-widget elementor-widget-heading\" data-id=\"a84a540\" data-element_type=\"widget\" data-e-type=\"widget\" data-widget_type=\"heading.default\">\n\t\t\t\t<div class=\"elementor-widget-container\">\n\t\t\t\t\t<h4 class=\"elementor-heading-title elementor-size-default\">Ch\u01b0\u01a1ng 1: C\u1ea5u tr\u00fac c\u1ee7a da<\/h4>\t\t\t\t<\/div>\n\t\t\t\t<\/div>\n\t\t\t\t<div class=\"elementor-element elementor-element-47b5412 elementor-widget elementor-widget-heading\" data-id=\"47b5412\" data-element_type=\"widget\" data-e-type=\"widget\" data-widget_type=\"heading.default\">\n\t\t\t\t<div class=\"elementor-widget-container\">\n\t\t\t\t\t<h6 class=\"elementor-heading-title elementor-size-default\">1. Khoa h\u1ecdc c\u01a1 b\u1ea3n v\u1ec1 da<\/h6>\t\t\t\t<\/div>\n\t\t\t\t<\/div>\n\t\t\t\t<div class=\"elementor-element elementor-element-df4aba6 elementor-widget elementor-widget-heading\" data-id=\"df4aba6\" data-element_type=\"widget\" data-e-type=\"widget\" data-widget_type=\"heading.default\">\n\t\t\t\t<div class=\"elementor-widget-container\">\n\t\t\t\t\t<h4 class=\"elementor-heading-title elementor-size-default\">Ch\u01b0\u01a1ng 2: C\u00e1c t\u00ecnh tr\u1ea1ng da th\u01b0\u1eddng g\u1eb7p<\/h4>\t\t\t\t<\/div>\n\t\t\t\t<\/div>\n\t\t\t\t<div class=\"elementor-element elementor-element-7ee531c elementor-widget elementor-widget-heading\" data-id=\"7ee531c\" data-element_type=\"widget\" data-e-type=\"widget\" data-widget_type=\"heading.default\">\n\t\t\t\t<div class=\"elementor-widget-container\">\n\t\t\t\t\t<h6 class=\"elementor-heading-title elementor-size-default\">2. Da d\u1ec5 b\u1ecb m\u1ee5n tr\u1ee9ng c\u00e1<br>\n\n3. T\u00e0n nhang v\u00e0 t\u0103ng s\u1eafc t\u1ed1 da<br>\n\n4. Da nh\u1ea1y c\u1ea3m<br><\/h6>\t\t\t\t<\/div>\n\t\t\t\t<\/div>\n\t\t\t\t<div class=\"elementor-element elementor-element-9bd0fa7 elementor-widget elementor-widget-heading\" data-id=\"9bd0fa7\" data-element_type=\"widget\" data-e-type=\"widget\" data-widget_type=\"heading.default\">\n\t\t\t\t<div class=\"elementor-widget-container\">\n\t\t\t\t\t<h4 class=\"elementor-heading-title elementor-size-default\">Ch\u01b0\u01a1ng 3: L\u00e3o h\u00f3a da<\/h4>\t\t\t\t<\/div>\n\t\t\t\t<\/div>\n\t\t\t\t<div class=\"elementor-element elementor-element-b0e2c0a elementor-widget elementor-widget-heading\" data-id=\"b0e2c0a\" data-element_type=\"widget\" data-e-type=\"widget\" data-widget_type=\"heading.default\">\n\t\t\t\t<div class=\"elementor-widget-container\">\n\t\t\t\t\t<h6 class=\"elementor-heading-title elementor-size-default\">5. L\u00e3o h\u00f3a do \u00e1nh n\u1eafng m\u1eb7t tr\u1eddi (Photoaging) \n\n6. C\u00e1c g\u1ed1c t\u1ef1 do<br>\n\n7. Li\u1ec7u ph\u00e1p thay th\u1ebf hormone<br>\n\n8. C\u00e1c ph\u01b0\u01a1ng ph\u00e1p \u0111i\u1ec1u tr\u1ecb n\u1ebfp nh\u0103n \u0111\u1eb7c bi\u1ec7t<br><\/h6>\t\t\t\t<\/div>\n\t\t\t\t<\/div>\n\t\t\t\t<\/div>\n\t\t<div class=\"elementor-element elementor-element-841d355 e-con-full e-flex e-con e-child\" data-id=\"841d355\" data-element_type=\"container\" data-e-type=\"container\">\n\t\t\t\t<div class=\"elementor-element elementor-element-1927805 elementor-widget elementor-widget-heading\" data-id=\"1927805\" data-element_type=\"widget\" data-e-type=\"widget\" data-widget_type=\"heading.default\">\n\t\t\t\t<div class=\"elementor-widget-container\">\n\t\t\t\t\t<h4 class=\"elementor-heading-title elementor-size-default\">Ch\u01b0\u01a1ng 4: Ph\u01b0\u01a1ng ph\u00e1p peel da<\/h4>\t\t\t\t<\/div>\n\t\t\t\t<\/div>\n\t\t\t\t<div class=\"elementor-element elementor-element-6efc99e elementor-widget elementor-widget-heading\" data-id=\"6efc99e\" data-element_type=\"widget\" data-e-type=\"widget\" data-widget_type=\"heading.default\">\n\t\t\t\t<div class=\"elementor-widget-container\">\n\t\t\t\t\t<h6 class=\"elementor-heading-title elementor-size-default\">9. Peel da<\/h6>\t\t\t\t<\/div>\n\t\t\t\t<\/div>\n\t\t\t\t<div class=\"elementor-element elementor-element-4a1aae7 elementor-widget elementor-widget-heading\" data-id=\"4a1aae7\" data-element_type=\"widget\" data-e-type=\"widget\" data-widget_type=\"heading.default\">\n\t\t\t\t<div class=\"elementor-widget-container\">\n\t\t\t\t\t<h4 class=\"elementor-heading-title elementor-size-default\">Ch\u01b0\u01a1ng 5: M\u1ef9 ph\u1ea9m v\u00e0 ch\u0103m s\u00f3c da<\/h4>\t\t\t\t<\/div>\n\t\t\t\t<\/div>\n\t\t\t\t<div class=\"elementor-element elementor-element-aa81611 elementor-widget elementor-widget-heading\" data-id=\"aa81611\" data-element_type=\"widget\" data-e-type=\"widget\" data-widget_type=\"heading.default\">\n\t\t\t\t<div class=\"elementor-widget-container\">\n\t\t\t\t\t<h6 class=\"elementor-heading-title elementor-size-default\">10. M\u1ef9 ph\u1ea9m chuy\u00ean nghi\u1ec7p<br>\n\n11. Thi\u1ebft l\u1eadp v\u00e0 v\u1eadn h\u00e0nh ph\u00f2ng kh\u00e1m da li\u1ec5u<\/h6>\t\t\t\t<\/div>\n\t\t\t\t<\/div>\n\t\t\t\t<div class=\"elementor-element elementor-element-1f655bf elementor-widget elementor-widget-heading\" data-id=\"1f655bf\" data-element_type=\"widget\" data-e-type=\"widget\" data-widget_type=\"heading.default\">\n\t\t\t\t<div class=\"elementor-widget-container\">\n\t\t\t\t\t<h4 class=\"elementor-heading-title elementor-size-default\">Ch\u01b0\u01a1ng 6: B\u00e9o ph\u00ec<\/h4>\t\t\t\t<\/div>\n\t\t\t\t<\/div>\n\t\t\t\t<div class=\"elementor-element elementor-element-d5786ec elementor-widget elementor-widget-heading\" data-id=\"d5786ec\" data-element_type=\"widget\" data-e-type=\"widget\" data-widget_type=\"heading.default\">\n\t\t\t\t<div class=\"elementor-widget-container\">\n\t\t\t\t\t<h6 class=\"elementor-heading-title elementor-size-default\">12. B\u00e9o ph\u00ec<br>\n\n13. Spa Y t\u1ebf<\/h6>\t\t\t\t<\/div>\n\t\t\t\t<\/div>\n\t\t\t\t<\/div>\n\t\t\t\t<\/div>\n\t\t\t\t<\/div>\n\t\t\t\t\t<\/div>\n\t\t\t\t<\/div>\n\t\t\t\t<\/div>\n\t\t<div id=\"e-n-tab-content-1346892842\" role=\"tabpanel\" aria-labelledby=\"e-n-tab-title-1346892842\" data-tab-index=\"2\" style=\"--n-tabs-title-order: 2;\" class=\"elementor-element elementor-element-54a239e e-con-full e-flex e-con e-child\" data-id=\"54a239e\" data-element_type=\"container\" data-e-type=\"container\">\n\t\t<div class=\"elementor-element elementor-element-03dcf83 e-flex e-con-boxed e-con e-child\" data-id=\"03dcf83\" data-element_type=\"container\" data-e-type=\"container\">\n\t\t\t\t\t<div class=\"e-con-inner\">\n\t\t<div class=\"elementor-element elementor-element-7a75d05 e-con-full e-flex e-con e-child\" data-id=\"7a75d05\" data-element_type=\"container\" data-e-type=\"container\">\n\t\t\t\t<\/div>\n\t\t<div class=\"elementor-element elementor-element-0eef80e e-con-full e-flex e-con e-child\" data-id=\"0eef80e\" data-element_type=\"container\" data-e-type=\"container\">\n\t\t\t\t<div class=\"elementor-element elementor-element-78290a1 elementor-widget elementor-widget-image\" data-id=\"78290a1\" data-element_type=\"widget\" data-e-type=\"widget\" data-widget_type=\"image.default\">\n\t\t\t\t<div class=\"elementor-widget-container\">\n\t\t\t\t\t\t\t\t\t\t\t\t\t\t\t<img decoding=\"async\" width=\"393\" height=\"578\" src=\"https:\/\/theraderm.vn\/wp-content\/uploads\/2025\/12\/medical2.jpg\" class=\"attachment-large size-large wp-image-3104\" alt=\"\" \/>\t\t\t\t\t\t\t\t\t\t\t\t\t\t\t<\/div>\n\t\t\t\t<\/div>\n\t\t\t\t<\/div>\n\t\t<div class=\"elementor-element elementor-element-168d46c e-con-full e-flex e-con e-child\" data-id=\"168d46c\" data-element_type=\"container\" data-e-type=\"container\">\n\t\t\t\t<div class=\"elementor-element elementor-element-dcc3276 elementor-widget elementor-widget-heading\" data-id=\"dcc3276\" data-element_type=\"widget\" data-e-type=\"widget\" data-widget_type=\"heading.default\">\n\t\t\t\t<div class=\"elementor-widget-container\">\n\t\t\t\t\t<h3 class=\"elementor-heading-title elementor-size-default\">Medical Skincare 2\n<\/h3>\t\t\t\t<\/div>\n\t\t\t\t<\/div>\n\t\t\t\t<div class=\"elementor-element elementor-element-bb0866e elementor-widget elementor-widget-text-editor\" data-id=\"bb0866e\" data-element_type=\"widget\" data-e-type=\"widget\" data-widget_type=\"text-editor.default\">\n\t\t\t\t<div class=\"elementor-widget-container\">\n\t\t\t\t\t\t\t\t\t<p>M\u1ed9t ph\u01b0\u01a1ng ph\u00e1p ti\u1ebfp c\u1eadn m\u1edbi trong ch\u0103m s\u00f3c da y t\u1ebf, k\u1ebft h\u1ee3p gi\u1eefa y h\u1ecdc v\u00e0 m\u1ef9 ph\u1ea9m.<br \/>Phi\u00ean b\u1ea3n c\u1eadp nh\u1eadt n\u00e0y kh\u00f4ng ch\u1ec9 \u0111\u1ec1 c\u1eadp \u0111\u1ebfn c\u00e1c ph\u01b0\u01a1ng ph\u00e1p li\u00ean quan \u0111\u1ebfn da m\u00e0 c\u00f2n bao g\u1ed3m c\u00e1c ph\u01b0\u01a1ng ph\u00e1p to\u00e0n di\u1ec7n, bao g\u1ed3m li\u1ec7u ph\u00e1p nhau thai, thay th\u1ebf hormone, qu\u1ea3n l\u00fd b\u00e9o ph\u00ec, mesotherapy, spa y t\u1ebf v\u00e0 chi\u1ebfn l\u01b0\u1ee3c dinh d\u01b0\u1ee1ng.<\/p>\t\t\t\t\t\t\t\t<\/div>\n\t\t\t\t<\/div>\n\t\t<div class=\"elementor-element elementor-element-d674536 e-con-full e-flex e-con e-child\" data-id=\"d674536\" data-element_type=\"container\" data-e-type=\"container\">\n\t\t<div class=\"elementor-element elementor-element-2fee088 e-con-full e-flex e-con e-child\" data-id=\"2fee088\" data-element_type=\"container\" data-e-type=\"container\">\n\t\t\t\t<div class=\"elementor-element elementor-element-a75f04b elementor-widget elementor-widget-heading\" data-id=\"a75f04b\" data-element_type=\"widget\" data-e-type=\"widget\" data-widget_type=\"heading.default\">\n\t\t\t\t<div class=\"elementor-widget-container\">\n\t\t\t\t\t<h4 class=\"elementor-heading-title elementor-size-default\">Ch\u01b0\u01a1ng 1: D\u01b0\u1ee3c ph\u1ea9m<\/h4>\t\t\t\t<\/div>\n\t\t\t\t<\/div>\n\t\t\t\t<div class=\"elementor-element elementor-element-d50892b elementor-widget elementor-widget-heading\" data-id=\"d50892b\" data-element_type=\"widget\" data-e-type=\"widget\" data-widget_type=\"heading.default\">\n\t\t\t\t<div class=\"elementor-widget-container\">\n\t\t\t\t\t<h6 class=\"elementor-heading-title elementor-size-default\">T\u1ed5n th\u01b0\u01a1ng da \/ Thu\u1ed1c \u0111i\u1ec1u tr\u1ecb m\u1ee5n \/ Thu\u1ed1c \u0111i\u1ec1u tr\u1ecb d\u1ecb \u1ee9ng v\u00e0 da g\u1eb7p v\u1ea5n \u0111\u1ec1 \/ \u0110i\u1ec1u tr\u1ecb t\u00e0n nhang \/ Li\u1ec7u ph\u00e1p hormone<\/h6>\t\t\t\t<\/div>\n\t\t\t\t<\/div>\n\t\t\t\t<div class=\"elementor-element elementor-element-6f96c23 elementor-widget elementor-widget-heading\" data-id=\"6f96c23\" data-element_type=\"widget\" data-e-type=\"widget\" data-widget_type=\"heading.default\">\n\t\t\t\t<div class=\"elementor-widget-container\">\n\t\t\t\t\t<h4 class=\"elementor-heading-title elementor-size-default\">Ch\u01b0\u01a1ng 2: Ph\u01b0\u01a1ng ph\u00e1p s\u1ea3n xu\u1ea5t thu\u1ed1c m\u1ee1 m\u1ef9 ph\u1ea9m<\/h4>\t\t\t\t<\/div>\n\t\t\t\t<\/div>\n\t\t\t\t<div class=\"elementor-element elementor-element-19c9d74 elementor-widget elementor-widget-heading\" data-id=\"19c9d74\" data-element_type=\"widget\" data-e-type=\"widget\" data-widget_type=\"heading.default\">\n\t\t\t\t<div class=\"elementor-widget-container\">\n\t\t\t\t\t<h6 class=\"elementor-heading-title elementor-size-default\">Th\u00e0nh ph\u1ea7n thu\u1ed1c m\u1ee1 m\u1ef9 ph\u1ea9m v\u00e0 d\u01b0\u1ee3c ph\u1ea9m \/ C\u00e1c tr\u01b0\u1eddng h\u1ee3p \u1ee9ng d\u1ee5ng \u2013 c\u00e1ch thoa m\u1ef9 ph\u1ea9m<\/h6>\t\t\t\t<\/div>\n\t\t\t\t<\/div>\n\t\t\t\t<div class=\"elementor-element elementor-element-69fe763 elementor-widget elementor-widget-heading\" data-id=\"69fe763\" data-element_type=\"widget\" data-e-type=\"widget\" data-widget_type=\"heading.default\">\n\t\t\t\t<div class=\"elementor-widget-container\">\n\t\t\t\t\t<h4 class=\"elementor-heading-title elementor-size-default\">Ch\u01b0\u01a1ng 3: D\u01b0\u1ee3c li\u1ec7u h\u1ecdc (Phytomedicine) \u2013 Ho\u1ea1t ch\u1ea5t \u0111i\u1ec1u tr\u1ecb<\/h4>\t\t\t\t<\/div>\n\t\t\t\t<\/div>\n\t\t\t\t<div class=\"elementor-element elementor-element-d8b38b5 elementor-widget elementor-widget-heading\" data-id=\"d8b38b5\" data-element_type=\"widget\" data-e-type=\"widget\" data-widget_type=\"heading.default\">\n\t\t\t\t<div class=\"elementor-widget-container\">\n\t\t\t\t\t<h6 class=\"elementor-heading-title elementor-size-default\">Tinh d\u1ea7u \/ Bioflavonoid \/ C\u00e1c th\u00e0nh ph\u1ea7n kh\u00e1c \/ Th\u00e0nh ph\u1ea7n dinh d\u01b0\u1ee1ng<\/h6>\t\t\t\t<\/div>\n\t\t\t\t<\/div>\n\t\t\t\t<div class=\"elementor-element elementor-element-544cd4d elementor-widget elementor-widget-heading\" data-id=\"544cd4d\" data-element_type=\"widget\" data-e-type=\"widget\" data-widget_type=\"heading.default\">\n\t\t\t\t<div class=\"elementor-widget-container\">\n\t\t\t\t\t<h4 class=\"elementor-heading-title elementor-size-default\">Ch\u01b0\u01a1ng 4: \u1ee8ng d\u1ee5ng c\u1ee7a th\u1ea3o d\u01b0\u1ee3c trong \u0111i\u1ec1u tr\u1ecb da<\/h4>\t\t\t\t<\/div>\n\t\t\t\t<\/div>\n\t\t\t\t<div class=\"elementor-element elementor-element-6a3137c elementor-widget elementor-widget-heading\" data-id=\"6a3137c\" data-element_type=\"widget\" data-e-type=\"widget\" data-widget_type=\"heading.default\">\n\t\t\t\t<div class=\"elementor-widget-container\">\n\t\t\t\t\t<h6 class=\"elementor-heading-title elementor-size-default\">Da d\u1ea7u, da d\u1ec5 m\u1ee5n \/ Da d\u1ea7u, nh\u1ea1y c\u1ea3m &amp; gi\u00e3n mao m\u1ea1ch \/ Da kh\u00f4, nh\u1ea1y c\u1ea3m \/ Da c\u01a1 \u0111\u1ecba d\u1ecb \u1ee9ng (Atopic) \/ T\u00e0n nhang, \u0111\u1ed1m n\u00e2u, t\u0103ng s\u1eafc t\u1ed1 \/ Da l\u00e3o h\u00f3a<\/h6>\t\t\t\t<\/div>\n\t\t\t\t<\/div>\n\t\t\t\t<\/div>\n\t\t\t\t<\/div>\n\t\t\t\t<\/div>\n\t\t\t\t\t<\/div>\n\t\t\t\t<\/div>\n\t\t\t\t<\/div>\n\t\t\t\t\t<\/div>\n\t\t<\/div>\n\t\t\t\t\t\t<\/div>\n\t\t\t\t<\/div>\n\t\t\t\t<\/div>\n\t\t\t\t\t<\/div>\n\t\t\t\t<\/div>\n\t\t\t\t<\/div>","protected":false},"excerpt":{"rendered":"<p>PUBLICATION Best seller to doctors \u2018MEDICAL SKINCARE\u2019 Theraderm Medical Skincare Medical Skincare 1 Medical Skincare 2 Medical Skincare 1\/Obesity Spa A revised approach to medical skincare, combining medicine and cosmetics.This updated edition covers not only skin-related approaches but also holistic methods, including placenta therapy, hormone replacement, obesity management, mesotherapy, medical spas, and dietary strategies. Chapter [&hellip;]<\/p>\n","protected":false},"author":1,"featured_media":0,"parent":0,"menu_order":0,"comment_status":"closed","ping_status":"closed","template":"elementor_header_footer","meta":{"site-sidebar-layout":"no-sidebar","site-content-layout":"page-builder","ast-site-content-layout":"full-width-container","site-content-style":"default","site-sidebar-style":"default","ast-global-header-display":"","ast-banner-title-visibility":"","ast-main-header-display":"","ast-hfb-above-header-display":"","ast-hfb-below-header-display":"","ast-hfb-mobile-header-display":"","site-post-title":"","ast-breadcrumbs-content":"","ast-featured-img":"disabled","footer-sml-layout":"","ast-disable-related-posts":"","theme-transparent-header-meta":"","adv-header-id-meta":"","stick-header-meta":"","header-above-stick-meta":"","header-main-stick-meta":"","header-below-stick-meta":"","astra-migrate-meta-layouts":"set","ast-page-background-enabled":"default","ast-page-background-meta":{"desktop":{"background-color":"","background-image":"","background-repeat":"repeat","background-position":"center center","background-size":"auto","background-attachment":"scroll","background-type":"","background-media":"","overlay-type":"","overlay-color":"","overlay-opacity":"","overlay-gradient":""},"tablet":{"background-color":"","background-image":"","background-repeat":"repeat","background-position":"center center","background-size":"auto","background-attachment":"scroll","background-type":"","background-media":"","overlay-type":"","overlay-color":"","overlay-opacity":"","overlay-gradient":""},"mobile":{"background-color":"","background-image":"","background-repeat":"repeat","background-position":"center center","background-size":"auto","background-attachment":"scroll","background-type":"","background-media":"","overlay-type":"","overlay-color":"","overlay-opacity":"","overlay-gradient":""}},"ast-content-background-meta":{"desktop":{"background-color":"var(--ast-global-color-5)","background-image":"","background-repeat":"repeat","background-position":"center center","background-size":"auto","background-attachment":"scroll","background-type":"","background-media":"","overlay-type":"","overlay-color":"","overlay-opacity":"","overlay-gradient":""},"tablet":{"background-color":"var(--ast-global-color-5)","background-image":"","background-repeat":"repeat","background-position":"center center","background-size":"auto","background-attachment":"scroll","background-type":"","background-media":"","overlay-type":"","overlay-color":"","overlay-opacity":"","overlay-gradient":""},"mobile":{"background-color":"var(--ast-global-color-5)","background-image":"","background-repeat":"repeat","background-position":"center center","background-size":"auto","background-attachment":"scroll","background-type":"","background-media":"","overlay-type":"","overlay-color":"","overlay-opacity":"","overlay-gradient":""}},"footnotes":""},"class_list":["post-1783","page","type-page","status-publish","hentry"],"_links":{"self":[{"href":"https:\/\/theraderm.vn\/vi\/wp-json\/wp\/v2\/pages\/1783","targetHints":{"allow":["GET"]}}],"collection":[{"href":"https:\/\/theraderm.vn\/vi\/wp-json\/wp\/v2\/pages"}],"about":[{"href":"https:\/\/theraderm.vn\/vi\/wp-json\/wp\/v2\/types\/page"}],"author":[{"embeddable":true,"href":"https:\/\/theraderm.vn\/vi\/wp-json\/wp\/v2\/users\/1"}],"replies":[{"embeddable":true,"href":"https:\/\/theraderm.vn\/vi\/wp-json\/wp\/v2\/comments?post=1783"}],"version-history":[{"count":32,"href":"https:\/\/theraderm.vn\/vi\/wp-json\/wp\/v2\/pages\/1783\/revisions"}],"predecessor-version":[{"id":3301,"href":"https:\/\/theraderm.vn\/vi\/wp-json\/wp\/v2\/pages\/1783\/revisions\/3301"}],"wp:attachment":[{"href":"https:\/\/theraderm.vn\/vi\/wp-json\/wp\/v2\/media?parent=1783"}],"curies":[{"name":"wp","href":"https:\/\/api.w.org\/{rel}","templated":true}]}}