{"id":2439,"date":"2025-11-12T07:16:57","date_gmt":"2025-11-12T07:16:57","guid":{"rendered":"http:\/\/theraderm.vn\/?page_id=2439"},"modified":"2026-01-26T10:41:41","modified_gmt":"2026-01-26T03:41:41","slug":"contact-2","status":"publish","type":"page","link":"https:\/\/theraderm.vn\/vi\/contact-2\/","title":{"rendered":"LI\u00caN H\u1ec6"},"content":{"rendered":"<div data-elementor-type=\"wp-page\" data-elementor-id=\"2439\" class=\"elementor elementor-2439\" data-elementor-post-type=\"page\">\n\t\t\t\t<div class=\"elementor-element elementor-element-c02f536 e-flex e-con-boxed e-con e-parent\" data-id=\"c02f536\" data-element_type=\"container\" data-e-type=\"container\" data-settings=\"{&quot;background_background&quot;:&quot;classic&quot;}\">\n\t\t\t\t\t<div class=\"e-con-inner\">\n\t\t\t\t<div class=\"elementor-element elementor-element-045c546 elementor-widget elementor-widget-heading\" data-id=\"045c546\" data-element_type=\"widget\" data-e-type=\"widget\" data-widget_type=\"heading.default\">\n\t\t\t\t<div class=\"elementor-widget-container\">\n\t\t\t\t\t<h3 class=\"elementor-heading-title elementor-size-default\">\u0110\u0103ng k\u00ed t\u01b0 v\u1ea5n s\u1ea3n ph\u1ea9m \nv\u00e0 x\u00e2y d\u1ef1ng ph\u00e1c \u0111\u1ed3 Theraderm \n<\/h3>\t\t\t\t<\/div>\n\t\t\t\t<\/div>\n\t\t\t\t\t<\/div>\n\t\t\t\t<\/div>\n\t\t<div class=\"elementor-element elementor-element-497c3f6 e-flex e-con-boxed e-con e-parent\" data-id=\"497c3f6\" data-element_type=\"container\" data-e-type=\"container\" data-settings=\"{&quot;background_background&quot;:&quot;classic&quot;}\">\n\t\t\t\t\t<div class=\"e-con-inner\">\n\t\t\t\t<div class=\"elementor-element elementor-element-a4f4cfe elementor-widget elementor-widget-text-editor\" data-id=\"a4f4cfe\" data-element_type=\"widget\" data-e-type=\"widget\" data-widget_type=\"text-editor.default\">\n\t\t\t\t<div class=\"elementor-widget-container\">\n\t\t\t\t\t\t\t\t\t<h5><span style=\"color: #ffffff;\"><strong>Chi ti\u1ebft vui l\u00f2ng li\u00ean h\u1ec7<\/strong><\/span><\/h5><p><span style=\"color: #ffffff;\"><strong>Nh\u00e0 ph\u00e2n ph\u1ed1i \u0111\u1ed9c quy\u1ec1n \u2013 Vi\u1ec7t Nam: C\u00f4ng ty TNHH Th\u01b0\u01a1ng m\u1ea1i GBT Vi\u1ec7t Nam<\/strong><\/span><\/p><h5><span style=\"color: #ffffff;\"><strong>Th\u00f4ng tin li\u00ean l\u1ea1c<\/strong><\/span><\/h5><p><span style=\"color: #ffffff;\"><strong>Hotline: 094 676 00 95<\/strong><\/span><\/p><p><span style=\"color: #ffffff;\"><strong>Email :\u00a0<a style=\"color: #ffffff;\" href=\"mailto:info@theraderm.vn\">info@theraderm.vn<\/a><\/strong><\/span><\/p><p><strong style=\"color: #ffffff; font-style: inherit;\">Facebook :\u00a0<a href=\"https:\/\/www.facebook.com\/theradermvnofficial\/\">https:\/\/www.facebook.com\/theradermvnofficial\/<\/a><\/strong><\/p>\t\t\t\t\t\t\t\t<\/div>\n\t\t\t\t<\/div>\n\t\t\t\t\t<\/div>\n\t\t\t\t<\/div>\n\t\t\t\t<\/div>","protected":false},"excerpt":{"rendered":"<p>\u0110\u0103ng k\u00ed t\u01b0 v\u1ea5n s\u1ea3n ph\u1ea9m v\u00e0 x\u00e2y d\u1ef1ng ph\u00e1c \u0111\u1ed3 Theraderm Chi ti\u1ebft vui l\u00f2ng li\u00ean h\u1ec7 Nh\u00e0 ph\u00e2n ph\u1ed1i \u0111\u1ed9c quy\u1ec1n \u2013 Vi\u1ec7t Nam: C\u00f4ng ty TNHH Th\u01b0\u01a1ng m\u1ea1i GBT Vi\u1ec7t Nam Th\u00f4ng tin li\u00ean l\u1ea1c Hotline: 094 676 00 95 Email :\u00a0info@theraderm.vn Facebook :\u00a0https:\/\/www.facebook.com\/theradermvnofficial\/<\/p>","protected":false},"author":2,"featured_media":0,"parent":0,"menu_order":0,"comment_status":"closed","ping_status":"closed","template":"elementor_header_footer","meta":{"site-sidebar-layout":"no-sidebar","site-content-layout":"page-builder","ast-site-content-layout":"full-width-container","site-content-style":"default","site-sidebar-style":"default","ast-global-header-display":"","ast-banner-title-visibility":"","ast-main-header-display":"","ast-hfb-above-header-display":"","ast-hfb-below-header-display":"","ast-hfb-mobile-header-display":"","site-post-title":"","ast-breadcrumbs-content":"","ast-featured-img":"disabled","footer-sml-layout":"","ast-disable-related-posts":"","theme-transparent-header-meta":"","adv-header-id-meta":"","stick-header-meta":"","header-above-stick-meta":"","header-main-stick-meta":"","header-below-stick-meta":"","astra-migrate-meta-layouts":"set","ast-page-background-enabled":"default","ast-page-background-meta":{"desktop":{"background-color":"","background-image":"","background-repeat":"repeat","background-position":"center center","background-size":"auto","background-attachment":"scroll","background-type":"","background-media":"","overlay-type":"","overlay-color":"","overlay-opacity":"","overlay-gradient":""},"tablet":{"background-color":"","background-image":"","background-repeat":"repeat","background-position":"center center","background-size":"auto","background-attachment":"scroll","background-type":"","background-media":"","overlay-type":"","overlay-color":"","overlay-opacity":"","overlay-gradient":""},"mobile":{"background-color":"","background-image":"","background-repeat":"repeat","background-position":"center center","background-size":"auto","background-attachment":"scroll","background-type":"","background-media":"","overlay-type":"","overlay-color":"","overlay-opacity":"","overlay-gradient":""}},"ast-content-background-meta":{"desktop":{"background-color":"var(--ast-global-color-5)","background-image":"","background-repeat":"repeat","background-position":"center center","background-size":"auto","background-attachment":"scroll","background-type":"","background-media":"","overlay-type":"","overlay-color":"","overlay-opacity":"","overlay-gradient":""},"tablet":{"background-color":"var(--ast-global-color-5)","background-image":"","background-repeat":"repeat","background-position":"center center","background-size":"auto","background-attachment":"scroll","background-type":"","background-media":"","overlay-type":"","overlay-color":"","overlay-opacity":"","overlay-gradient":""},"mobile":{"background-color":"var(--ast-global-color-5)","background-image":"","background-repeat":"repeat","background-position":"center center","background-size":"auto","background-attachment":"scroll","background-type":"","background-media":"","overlay-type":"","overlay-color":"","overlay-opacity":"","overlay-gradient":""}},"footnotes":""},"class_list":["post-2439","page","type-page","status-publish","hentry"],"_links":{"self":[{"href":"https:\/\/theraderm.vn\/vi\/wp-json\/wp\/v2\/pages\/2439","targetHints":{"allow":["GET"]}}],"collection":[{"href":"https:\/\/theraderm.vn\/vi\/wp-json\/wp\/v2\/pages"}],"about":[{"href":"https:\/\/theraderm.vn\/vi\/wp-json\/wp\/v2\/types\/page"}],"author":[{"embeddable":true,"href":"https:\/\/theraderm.vn\/vi\/wp-json\/wp\/v2\/users\/2"}],"replies":[{"embeddable":true,"href":"https:\/\/theraderm.vn\/vi\/wp-json\/wp\/v2\/comments?post=2439"}],"version-history":[{"count":15,"href":"https:\/\/theraderm.vn\/vi\/wp-json\/wp\/v2\/pages\/2439\/revisions"}],"predecessor-version":[{"id":3743,"href":"https:\/\/theraderm.vn\/vi\/wp-json\/wp\/v2\/pages\/2439\/revisions\/3743"}],"wp:attachment":[{"href":"https:\/\/theraderm.vn\/vi\/wp-json\/wp\/v2\/media?parent=2439"}],"curies":[{"name":"wp","href":"https:\/\/api.w.org\/{rel}","templated":true}]}}