{"id":1484,"date":"2025-10-15T14:03:55","date_gmt":"2025-10-15T14:03:55","guid":{"rendered":"http:\/\/theraderm.vn\/?post_type=product&#038;p=1484"},"modified":"2025-12-12T03:31:29","modified_gmt":"2025-12-12T03:31:29","slug":"all-skin-shea-butter-triple-collagen-vitamin-tree-fruit-exosomes","status":"publish","type":"product","link":"https:\/\/theraderm.vn\/vi\/san-pham\/all-skin-shea-butter-triple-collagen-vitamin-tree-fruit-exosomes\/","title":{"rendered":"CC Couple Cream 50ml"},"content":{"rendered":"<p><img fetchpriority=\"high\" decoding=\"async\" class=\"aligncenter size-full wp-image-1948\" src=\"http:\/\/theraderm.vn\/wp-content\/uploads\/2025\/10\/CC-Couple-Cream-.png\" alt=\"[youtuber kim's recommendation] recovery care cc couple cream for runners calming, moisturizing, and elasticity after running!\" width=\"1000\" height=\"4752\" \/><\/p>\n","protected":false},"excerpt":{"rendered":"<p data-start=\"36\" data-end=\"109\">Kem d\u01b0\u1ee1ng ch\u1ee9a b\u01a1 h\u1ea1t m\u1ee1 v\u00e0 collagen ba t\u1ea7ng (cao \/ trung \/ th\u1ea5p)<\/p>\n<p data-start=\"111\" data-end=\"181\">\u2713 M\u1ef9 ph\u1ea9m ch\u1ee9c n\u0103ng k\u00e9p h\u1ed7 tr\u1ee3 <strong data-start=\"142\" data-end=\"179\">l\u00e0m s\u00e1ng da v\u00e0 c\u1ea3i thi\u1ec7n n\u1ebfp nh\u0103n<\/strong><\/p>\n<p data-start=\"183\" data-end=\"289\" data-is-last-node=\"\" data-is-only-node=\"\">Kem d\u01b0\u1ee1ng <strong data-start=\"198\" data-end=\"217\">Vitamin C<\/strong> cung c\u1ea5p \u0111\u1ed9 \u0111\u00e0n h\u1ed3i, \u0111\u1ed9 \u1ea9m v\u00e0 h\u1ed7 tr\u1ee3 l\u00e0m s\u00e1ng da, gi\u00fap da m\u1ec1m m\u1ecbn v\u00e0 r\u1ea1ng r\u1ee1 h\u01a1n.<\/p>","protected":false},"featured_media":2473,"comment_status":"open","ping_status":"closed","template":"","meta":{"site-sidebar-layout":"no-sidebar","site-content-layout":"boxed-container","ast-site-content-layout":"normal-width-container","site-content-style":"boxed","site-sidebar-style":"boxed","ast-global-header-display":"","ast-banner-title-visibility":"","ast-main-header-display":"","ast-hfb-above-header-display":"","ast-hfb-below-header-display":"","ast-hfb-mobile-header-display":"","site-post-title":"","ast-breadcrumbs-content":"","ast-featured-img":"","footer-sml-layout":"","ast-disable-related-posts":"","theme-transparent-header-meta":"default","adv-header-id-meta":"","stick-header-meta":"","header-above-stick-meta":"","header-main-stick-meta":"","header-below-stick-meta":"","astra-migrate-meta-layouts":"set","ast-page-background-enabled":"default","ast-page-background-meta":{"desktop":{"background-color":"","background-image":"","background-repeat":"repeat","background-position":"center center","background-size":"auto","background-attachment":"scroll","background-type":"","background-media":"","overlay-type":"","overlay-color":"","overlay-opacity":"","overlay-gradient":""},"tablet":{"background-color":"","background-image":"","background-repeat":"repeat","background-position":"center center","background-size":"auto","background-attachment":"scroll","background-type":"","background-media":"","overlay-type":"","overlay-color":"","overlay-opacity":"","overlay-gradient":""},"mobile":{"background-color":"","background-image":"","background-repeat":"repeat","background-position":"center center","background-size":"auto","background-attachment":"scroll","background-type":"","background-media":"","overlay-type":"","overlay-color":"","overlay-opacity":"","overlay-gradient":""}},"ast-content-background-meta":{"desktop":{"background-color":"var(--ast-global-color-5)","background-image":"","background-repeat":"repeat","background-position":"center center","background-size":"auto","background-attachment":"scroll","background-type":"","background-media":"","overlay-type":"","overlay-color":"","overlay-opacity":"","overlay-gradient":""},"tablet":{"background-color":"var(--ast-global-color-5)","background-image":"","background-repeat":"repeat","background-position":"center center","background-size":"auto","background-attachment":"scroll","background-type":"","background-media":"","overlay-type":"","overlay-color":"","overlay-opacity":"","overlay-gradient":""},"mobile":{"background-color":"var(--ast-global-color-5)","background-image":"","background-repeat":"repeat","background-position":"center center","background-size":"auto","background-attachment":"scroll","background-type":"","background-media":"","overlay-type":"","overlay-color":"","overlay-opacity":"","overlay-gradient":""}}},"product_brand":[],"product_cat":[19,55,27,54],"product_tag":[],"class_list":{"0":"post-1484","1":"product","2":"type-product","3":"status-publish","4":"has-post-thumbnail","6":"product_cat-all","7":"product_cat-cream-retail","8":"product_cat-products","9":"product_cat-retail","10":"desktop-align-center","11":"tablet-align-left","12":"mobile-align-left","14":"first","15":"instock","16":"shipping-taxable","17":"purchasable","18":"product-type-simple"},"_links":{"self":[{"href":"https:\/\/theraderm.vn\/vi\/wp-json\/wp\/v2\/product\/1484","targetHints":{"allow":["GET"]}}],"collection":[{"href":"https:\/\/theraderm.vn\/vi\/wp-json\/wp\/v2\/product"}],"about":[{"href":"https:\/\/theraderm.vn\/vi\/wp-json\/wp\/v2\/types\/product"}],"replies":[{"embeddable":true,"href":"https:\/\/theraderm.vn\/vi\/wp-json\/wp\/v2\/comments?post=1484"}],"wp:featuredmedia":[{"embeddable":true,"href":"https:\/\/theraderm.vn\/vi\/wp-json\/wp\/v2\/media\/2473"}],"wp:attachment":[{"href":"https:\/\/theraderm.vn\/vi\/wp-json\/wp\/v2\/media?parent=1484"}],"wp:term":[{"taxonomy":"product_brand","embeddable":true,"href":"https:\/\/theraderm.vn\/vi\/wp-json\/wp\/v2\/product_brand?post=1484"},{"taxonomy":"product_cat","embeddable":true,"href":"https:\/\/theraderm.vn\/vi\/wp-json\/wp\/v2\/product_cat?post=1484"},{"taxonomy":"product_tag","embeddable":true,"href":"https:\/\/theraderm.vn\/vi\/wp-json\/wp\/v2\/product_tag?post=1484"}],"curies":[{"name":"wp","href":"https:\/\/api.w.org\/{rel}","templated":true}]}}