{"id":1494,"date":"2025-10-15T14:22:31","date_gmt":"2025-10-15T14:22:31","guid":{"rendered":"http:\/\/theraderm.vn\/?post_type=product&#038;p=1494"},"modified":"2025-12-12T03:31:49","modified_gmt":"2025-12-12T03:31:49","slug":"ha-serum-azul-ampoule-kit","status":"publish","type":"product","link":"https:\/\/theraderm.vn\/vi\/san-pham\/ha-serum-azul-ampoule-kit\/","title":{"rendered":"B\u1ed9 Kit Ampoule HA Azul (Ch\u0103m S\u00f3c Sau \u0110i\u1ec1u Tr\u1ecb)"},"content":{"rendered":"<p><img fetchpriority=\"high\" decoding=\"async\" class=\"aligncenter size-full wp-image-2049\" src=\"http:\/\/theraderm.vn\/wp-content\/uploads\/2025\/12\/HA-Serum-Azul-Ampoule-Kit-Post-Care.png\" alt=\"ha serum azul ampoule kit (post care)-product description\" width=\"1000\" height=\"2818\" \/><\/p>","protected":false},"excerpt":{"rendered":"<p>B\u1ed9 s\u1ea3n ph\u1ea9m ampoule l\u00e0m d\u1ecbu da sau khi t\u1ea9y da ch\u1ebft, cung c\u1ea5p d\u01b0\u1ee1ng ch\u1ea5t d\u1ed3i d\u00e0o cho l\u00e0n da nh\u1ea1y c\u1ea3m, da d\u1ea7u\/d\u1ec5 b\u1ecb m\u1ee5n. <strong data-start=\"1330\" data-end=\"1367\">Th\u00e0nh ph\u1ea7n HA, Collagen bi\u1ec3n &amp; Chondroitin<\/strong> k\u1ebft h\u1ee3p <strong data-start=\"1374\" data-end=\"1399\">Spirulina + Vitamin E<\/strong> L\u00e0m d\u1ecbu v\u00e0 c\u00e2n b\u1eb1ng d\u1ea7u - \u0111\u1ed9 \u1ea9m, mang l\u1ea1i l\u00e0n da m\u1ec1m m\u1ecbn, s\u00e1ng kh\u1ecfe v\u00e0 tho\u1ea3i m\u00e1i h\u01a1n.<\/p>","protected":false},"featured_media":2463,"comment_status":"open","ping_status":"closed","template":"","meta":{"site-sidebar-layout":"no-sidebar","site-content-layout":"boxed-container","ast-site-content-layout":"normal-width-container","site-content-style":"boxed","site-sidebar-style":"boxed","ast-global-header-display":"","ast-banner-title-visibility":"","ast-main-header-display":"","ast-hfb-above-header-display":"","ast-hfb-below-header-display":"","ast-hfb-mobile-header-display":"","site-post-title":"","ast-breadcrumbs-content":"","ast-featured-img":"","footer-sml-layout":"","ast-disable-related-posts":"","theme-transparent-header-meta":"default","adv-header-id-meta":"","stick-header-meta":"","header-above-stick-meta":"","header-main-stick-meta":"","header-below-stick-meta":"","astra-migrate-meta-layouts":"set","ast-page-background-enabled":"default","ast-page-background-meta":{"desktop":{"background-color":"","background-image":"","background-repeat":"repeat","background-position":"center center","background-size":"auto","background-attachment":"scroll","background-type":"","background-media":"","overlay-type":"","overlay-color":"","overlay-opacity":"","overlay-gradient":""},"tablet":{"background-color":"","background-image":"","background-repeat":"repeat","background-position":"center center","background-size":"auto","background-attachment":"scroll","background-type":"","background-media":"","overlay-type":"","overlay-color":"","overlay-opacity":"","overlay-gradient":""},"mobile":{"background-color":"","background-image":"","background-repeat":"repeat","background-position":"center center","background-size":"auto","background-attachment":"scroll","background-type":"","background-media":"","overlay-type":"","overlay-color":"","overlay-opacity":"","overlay-gradient":""}},"ast-content-background-meta":{"desktop":{"background-color":"var(--ast-global-color-5)","background-image":"","background-repeat":"repeat","background-position":"center center","background-size":"auto","background-attachment":"scroll","background-type":"","background-media":"","overlay-type":"","overlay-color":"","overlay-opacity":"","overlay-gradient":""},"tablet":{"background-color":"var(--ast-global-color-5)","background-image":"","background-repeat":"repeat","background-position":"center center","background-size":"auto","background-attachment":"scroll","background-type":"","background-media":"","overlay-type":"","overlay-color":"","overlay-opacity":"","overlay-gradient":""},"mobile":{"background-color":"var(--ast-global-color-5)","background-image":"","background-repeat":"repeat","background-position":"center center","background-size":"auto","background-attachment":"scroll","background-type":"","background-media":"","overlay-type":"","overlay-color":"","overlay-opacity":"","overlay-gradient":""}}},"product_brand":[],"product_cat":[19,56,27,54],"product_tag":[],"class_list":{"0":"post-1494","1":"product","2":"type-product","3":"status-publish","4":"has-post-thumbnail","6":"product_cat-all","7":"product_cat-ampoule-serum-spot","8":"product_cat-products","9":"product_cat-retail","10":"desktop-align-center","11":"tablet-align-left","12":"mobile-align-left","14":"first","15":"instock","16":"shipping-taxable","17":"purchasable","18":"product-type-simple"},"_links":{"self":[{"href":"https:\/\/theraderm.vn\/vi\/wp-json\/wp\/v2\/product\/1494","targetHints":{"allow":["GET"]}}],"collection":[{"href":"https:\/\/theraderm.vn\/vi\/wp-json\/wp\/v2\/product"}],"about":[{"href":"https:\/\/theraderm.vn\/vi\/wp-json\/wp\/v2\/types\/product"}],"replies":[{"embeddable":true,"href":"https:\/\/theraderm.vn\/vi\/wp-json\/wp\/v2\/comments?post=1494"}],"wp:featuredmedia":[{"embeddable":true,"href":"https:\/\/theraderm.vn\/vi\/wp-json\/wp\/v2\/media\/2463"}],"wp:attachment":[{"href":"https:\/\/theraderm.vn\/vi\/wp-json\/wp\/v2\/media?parent=1494"}],"wp:term":[{"taxonomy":"product_brand","embeddable":true,"href":"https:\/\/theraderm.vn\/vi\/wp-json\/wp\/v2\/product_brand?post=1494"},{"taxonomy":"product_cat","embeddable":true,"href":"https:\/\/theraderm.vn\/vi\/wp-json\/wp\/v2\/product_cat?post=1494"},{"taxonomy":"product_tag","embeddable":true,"href":"https:\/\/theraderm.vn\/vi\/wp-json\/wp\/v2\/product_tag?post=1494"}],"curies":[{"name":"wp","href":"https:\/\/api.w.org\/{rel}","templated":true}]}}