{"id":1498,"date":"2025-10-15T14:29:00","date_gmt":"2025-10-15T14:29:00","guid":{"rendered":"http:\/\/theraderm.vn\/?post_type=product&#038;p=1498"},"modified":"2025-12-12T03:32:09","modified_gmt":"2025-12-12T03:32:09","slug":"yes-cream-50ml","status":"publish","type":"product","link":"https:\/\/theraderm.vn\/vi\/san-pham\/yes-cream-50ml\/","title":{"rendered":"Yes Cream 50ml"},"content":{"rendered":"<p><img fetchpriority=\"high\" decoding=\"async\" class=\"aligncenter size-full wp-image-1699\" src=\"http:\/\/theraderm.vn\/wp-content\/uploads\/2025\/12\/Yes-Cream-.png\" alt=\"yes cream 50ml\" width=\"1000\" height=\"13829\" \/><\/p>","protected":false},"excerpt":{"rendered":"<p>Kem D\u01b0\u1ee1ng \u1ea8m D\u1ecbu Nh\u1eb9 Gi\u00fap C\u1ee7ng C\u1ed1 H\u00e0ng R\u00e0o B\u1ea3o V\u1ec7 Da<\/p>\n<p>\u2713 Ch\u1ee9a th\u00e0nh ph\u1ea7n \u0111\u1ed9c quy\u1ec1n c\u1ee7a Theraderm\n(Th\u00e0nh ph\u1ea7n m\u1ef9 ph\u1ea9m g\u1ed3m b\u01a1 h\u1ea1t m\u1ee1 l\u00ean men v\u00e0 exosome chi\u1ebft xu\u1ea5t t\u1eeb vi khu\u1ea9n axit lactic)<\/p>\n<p>\u2713 \u0110\u00e3 ho\u00e0n th\u00e0nh ki\u1ec3m nghi\u1ec7m k\u00edch \u1ee9ng da<\/p>\n<p>S\u1ea3n ph\u1ea9m ch\u1ee9a Axit Axetic l\u00ean men t\u1eeb b\u01a1 h\u1ea1t m\u1ee1, h\u1ec7 vi sinh v\u1eadt v\u00e0 Exosome c\u1ee7a b\u01a1 h\u1ea1t m\u1ee1, c\u00f9ng v\u1edbi Ceramide t\u1eeb c\u00e2y Moringa, gi\u00fap ph\u1ee5c h\u1ed3i l\u1edbp vi sinh v\u1eadt c\u00f3 l\u1ee3i tr\u00ean l\u1edbp bi\u1ec3u b\u00ec c\u1ee7a da. Kem d\u01b0\u1ee1ng \u1ea9m kh\u00f4ng g\u00e2y k\u00edch \u1ee9ng n\u00e0y gi\u00fap t\u0103ng c\u01b0\u1eddng \u0111\u1ed9 \u1ea9m v\u00e0 qu\u00e1 tr\u00ecnh t\u00e1i t\u1ea1o da, mang l\u1ea1i l\u00e0n da kh\u1ecfe m\u1ea1nh v\u00e0 \u0111\u01b0\u1ee3c nu\u00f4i d\u01b0\u1ee1ng.<\/p>","protected":false},"featured_media":2413,"comment_status":"open","ping_status":"closed","template":"","meta":{"site-sidebar-layout":"no-sidebar","site-content-layout":"boxed-container","ast-site-content-layout":"normal-width-container","site-content-style":"boxed","site-sidebar-style":"boxed","ast-global-header-display":"","ast-banner-title-visibility":"","ast-main-header-display":"","ast-hfb-above-header-display":"","ast-hfb-below-header-display":"","ast-hfb-mobile-header-display":"","site-post-title":"","ast-breadcrumbs-content":"","ast-featured-img":"","footer-sml-layout":"","ast-disable-related-posts":"","theme-transparent-header-meta":"default","adv-header-id-meta":"","stick-header-meta":"","header-above-stick-meta":"","header-main-stick-meta":"","header-below-stick-meta":"","astra-migrate-meta-layouts":"set","ast-page-background-enabled":"default","ast-page-background-meta":{"desktop":{"background-color":"","background-image":"","background-repeat":"repeat","background-position":"center center","background-size":"auto","background-attachment":"scroll","background-type":"","background-media":"","overlay-type":"","overlay-color":"","overlay-opacity":"","overlay-gradient":""},"tablet":{"background-color":"","background-image":"","background-repeat":"repeat","background-position":"center center","background-size":"auto","background-attachment":"scroll","background-type":"","background-media":"","overlay-type":"","overlay-color":"","overlay-opacity":"","overlay-gradient":""},"mobile":{"background-color":"","background-image":"","background-repeat":"repeat","background-position":"center center","background-size":"auto","background-attachment":"scroll","background-type":"","background-media":"","overlay-type":"","overlay-color":"","overlay-opacity":"","overlay-gradient":""}},"ast-content-background-meta":{"desktop":{"background-color":"var(--ast-global-color-5)","background-image":"","background-repeat":"repeat","background-position":"center center","background-size":"auto","background-attachment":"scroll","background-type":"","background-media":"","overlay-type":"","overlay-color":"","overlay-opacity":"","overlay-gradient":""},"tablet":{"background-color":"var(--ast-global-color-5)","background-image":"","background-repeat":"repeat","background-position":"center center","background-size":"auto","background-attachment":"scroll","background-type":"","background-media":"","overlay-type":"","overlay-color":"","overlay-opacity":"","overlay-gradient":""},"mobile":{"background-color":"var(--ast-global-color-5)","background-image":"","background-repeat":"repeat","background-position":"center center","background-size":"auto","background-attachment":"scroll","background-type":"","background-media":"","overlay-type":"","overlay-color":"","overlay-opacity":"","overlay-gradient":""}}},"product_brand":[],"product_cat":[19,49,27,53],"product_tag":[],"class_list":{"0":"post-1498","1":"product","2":"type-product","3":"status-publish","4":"has-post-thumbnail","6":"product_cat-all","7":"product_cat-clinic-treatment","8":"product_cat-products","9":"product_cat-yes","10":"desktop-align-center","11":"tablet-align-left","12":"mobile-align-left","14":"first","15":"instock","16":"shipping-taxable","17":"purchasable","18":"product-type-simple"},"_links":{"self":[{"href":"https:\/\/theraderm.vn\/vi\/wp-json\/wp\/v2\/product\/1498","targetHints":{"allow":["GET"]}}],"collection":[{"href":"https:\/\/theraderm.vn\/vi\/wp-json\/wp\/v2\/product"}],"about":[{"href":"https:\/\/theraderm.vn\/vi\/wp-json\/wp\/v2\/types\/product"}],"replies":[{"embeddable":true,"href":"https:\/\/theraderm.vn\/vi\/wp-json\/wp\/v2\/comments?post=1498"}],"wp:featuredmedia":[{"embeddable":true,"href":"https:\/\/theraderm.vn\/vi\/wp-json\/wp\/v2\/media\/2413"}],"wp:attachment":[{"href":"https:\/\/theraderm.vn\/vi\/wp-json\/wp\/v2\/media?parent=1498"}],"wp:term":[{"taxonomy":"product_brand","embeddable":true,"href":"https:\/\/theraderm.vn\/vi\/wp-json\/wp\/v2\/product_brand?post=1498"},{"taxonomy":"product_cat","embeddable":true,"href":"https:\/\/theraderm.vn\/vi\/wp-json\/wp\/v2\/product_cat?post=1498"},{"taxonomy":"product_tag","embeddable":true,"href":"https:\/\/theraderm.vn\/vi\/wp-json\/wp\/v2\/product_tag?post=1498"}],"curies":[{"name":"wp","href":"https:\/\/api.w.org\/{rel}","templated":true}]}}