{"id":1521,"date":"2025-10-15T15:01:33","date_gmt":"2025-10-15T15:01:33","guid":{"rendered":"http:\/\/theraderm.vn\/?post_type=product&#038;p=1521"},"modified":"2025-12-12T03:30:24","modified_gmt":"2025-12-12T03:30:24","slug":"master-oga-tone-up-sunblock-50g","status":"publish","type":"product","link":"https:\/\/theraderm.vn\/vi\/san-pham\/master-oga-tone-up-sunblock-50g\/","title":{"rendered":"Kem Ch\u1ed1ng N\u1eafng N\u00e2ng T\u00f4ng Master Oga 50ml"},"content":{"rendered":"<p><img fetchpriority=\"high\" decoding=\"async\" class=\"aligncenter size-full wp-image-2674\" src=\"http:\/\/theraderm.vn\/wp-content\/uploads\/2025\/12\/Master-Orga-Tone-Up-Sunblock-.jpg\" alt=\"master orga tone up sunblock 50ml\" width=\"4171\" height=\"46996\" \/><\/p>","protected":false},"excerpt":{"rendered":"<p>Kem Ch\u1ed1ng N\u1eafng V\u1eadt L\u00fd 100% \/ L\u00e0m S\u00e1ng &amp; N\u00e2ng T\u00f4ng T\u1ef1 Nhi\u00ean<\/p>\n<p>D\u01b0\u1ee3c m\u1ef9 ph\u1ea9m 3 t\u00e1c d\u1ee5ng: Ch\u1ed1ng tia UV - H\u1ed7 tr\u1ee3 l\u00e0m s\u00e1ng da - C\u1ea3i thi\u1ec7n n\u1ebfp nh\u0103n<\/p>\n<p>Kem ch\u1ed1ng n\u1eafng n\u00e0y gi\u00fap kh\u00f4i ph\u1ee5c c\u00e2n b\u1eb1ng t\u1ef1 nhi\u00ean c\u1ee7a l\u00e0n da, mang l\u1ea1i v\u1ebb kh\u1ecfe m\u1ea1nh v\u00e0 r\u1ea1ng r\u1ee1, \u0111\u1ed3ng th\u1eddi n\u00e2ng t\u00f4ng nh\u1eb9 nh\u00e0ng cho da, gi\u00fap da t\u01b0\u01a1i s\u00e1ng v\u00e0 \u0111\u1ec1u m\u00e0u h\u01a1n.<\/p>","protected":false},"featured_media":2420,"comment_status":"open","ping_status":"closed","template":"","meta":{"site-sidebar-layout":"no-sidebar","site-content-layout":"boxed-container","ast-site-content-layout":"normal-width-container","site-content-style":"boxed","site-sidebar-style":"boxed","ast-global-header-display":"","ast-banner-title-visibility":"","ast-main-header-display":"","ast-hfb-above-header-display":"","ast-hfb-below-header-display":"","ast-hfb-mobile-header-display":"","site-post-title":"","ast-breadcrumbs-content":"","ast-featured-img":"","footer-sml-layout":"","ast-disable-related-posts":"","theme-transparent-header-meta":"default","adv-header-id-meta":"","stick-header-meta":"","header-above-stick-meta":"","header-main-stick-meta":"","header-below-stick-meta":"","astra-migrate-meta-layouts":"set","ast-page-background-enabled":"default","ast-page-background-meta":{"desktop":{"background-color":"","background-image":"","background-repeat":"repeat","background-position":"center center","background-size":"auto","background-attachment":"scroll","background-type":"","background-media":"","overlay-type":"","overlay-color":"","overlay-opacity":"","overlay-gradient":""},"tablet":{"background-color":"","background-image":"","background-repeat":"repeat","background-position":"center center","background-size":"auto","background-attachment":"scroll","background-type":"","background-media":"","overlay-type":"","overlay-color":"","overlay-opacity":"","overlay-gradient":""},"mobile":{"background-color":"","background-image":"","background-repeat":"repeat","background-position":"center center","background-size":"auto","background-attachment":"scroll","background-type":"","background-media":"","overlay-type":"","overlay-color":"","overlay-opacity":"","overlay-gradient":""}},"ast-content-background-meta":{"desktop":{"background-color":"var(--ast-global-color-5)","background-image":"","background-repeat":"repeat","background-position":"center center","background-size":"auto","background-attachment":"scroll","background-type":"","background-media":"","overlay-type":"","overlay-color":"","overlay-opacity":"","overlay-gradient":""},"tablet":{"background-color":"var(--ast-global-color-5)","background-image":"","background-repeat":"repeat","background-position":"center center","background-size":"auto","background-attachment":"scroll","background-type":"","background-media":"","overlay-type":"","overlay-color":"","overlay-opacity":"","overlay-gradient":""},"mobile":{"background-color":"var(--ast-global-color-5)","background-image":"","background-repeat":"repeat","background-position":"center center","background-size":"auto","background-attachment":"scroll","background-type":"","background-media":"","overlay-type":"","overlay-color":"","overlay-opacity":"","overlay-gradient":""}}},"product_brand":[],"product_cat":[19,27,54,40],"product_tag":[],"class_list":{"0":"post-1521","1":"product","2":"type-product","3":"status-publish","4":"has-post-thumbnail","6":"product_cat-all","7":"product_cat-products","8":"product_cat-retail","9":"product_cat-sun-bb","10":"desktop-align-center","11":"tablet-align-left","12":"mobile-align-left","14":"first","15":"instock","16":"shipping-taxable","17":"purchasable","18":"product-type-simple"},"_links":{"self":[{"href":"https:\/\/theraderm.vn\/vi\/wp-json\/wp\/v2\/product\/1521","targetHints":{"allow":["GET"]}}],"collection":[{"href":"https:\/\/theraderm.vn\/vi\/wp-json\/wp\/v2\/product"}],"about":[{"href":"https:\/\/theraderm.vn\/vi\/wp-json\/wp\/v2\/types\/product"}],"replies":[{"embeddable":true,"href":"https:\/\/theraderm.vn\/vi\/wp-json\/wp\/v2\/comments?post=1521"}],"wp:featuredmedia":[{"embeddable":true,"href":"https:\/\/theraderm.vn\/vi\/wp-json\/wp\/v2\/media\/2420"}],"wp:attachment":[{"href":"https:\/\/theraderm.vn\/vi\/wp-json\/wp\/v2\/media?parent=1521"}],"wp:term":[{"taxonomy":"product_brand","embeddable":true,"href":"https:\/\/theraderm.vn\/vi\/wp-json\/wp\/v2\/product_brand?post=1521"},{"taxonomy":"product_cat","embeddable":true,"href":"https:\/\/theraderm.vn\/vi\/wp-json\/wp\/v2\/product_cat?post=1521"},{"taxonomy":"product_tag","embeddable":true,"href":"https:\/\/theraderm.vn\/vi\/wp-json\/wp\/v2\/product_tag?post=1521"}],"curies":[{"name":"wp","href":"https:\/\/api.w.org\/{rel}","templated":true}]}}