{"id":1537,"date":"2025-10-15T15:43:58","date_gmt":"2025-10-15T15:43:58","guid":{"rendered":"http:\/\/theraderm.vn\/?post_type=product&#038;p=1537"},"modified":"2025-12-12T03:26:37","modified_gmt":"2025-12-12T03:26:37","slug":"master-oga-perfect-cover-sunblock-cushion-refill","status":"publish","type":"product","link":"https:\/\/theraderm.vn\/vi\/san-pham\/master-oga-perfect-cover-sunblock-cushion-refill\/","title":{"rendered":"L\u00f5i Ph\u1ea5n N\u01b0\u1edbc Ch\u1ed1ng N\u1eafng Master OGA Perfect Cover"},"content":{"rendered":"<p><img fetchpriority=\"high\" decoding=\"async\" class=\"aligncenter size-full wp-image-2472\" src=\"https:\/\/theraderm.vn\/wp-content\/uploads\/2025\/12\/Master-Orga-Perfect-Cover-Sunblock-Cushion.jpg\" alt=\"master oga perfect cover sunblock cushion refill-product description\" width=\"1000\" height=\"6220\" \/><\/p>","protected":false},"excerpt":{"rendered":"<p data-start=\"0\" data-end=\"56\">100% Kem ch\u1ed1ng n\u1eafng v\u1eadt l\u00fd \/ Kem ch\u1ed1ng n\u1eafng si\u00eau b\u00e1m d\u00ednh, che ph\u1ee7 cao<\/p>\n<p data-start=\"58\" data-end=\"139\">\u2713 S\u1ea3n ph\u1ea9m m\u1ef9 ph\u1ea9m \u0111a n\u0103ng 3 trong 1: Ch\u1ed1ng tia UV \/ L\u00e0m s\u00e1ng da \/ Gi\u1ea3m n\u1ebfp nh\u0103n<\/p>\n<p data-start=\"141\" data-end=\"342\" data-is-last-node=\"\" data-is-only-node=\"\">S\u1ea3n ph\u1ea9m \u0111\u01b0\u1ee3c thi\u1ebft k\u1ebf m\u1ed9t \u0111\u1ec7m kh\u00f4ng kh\u00ed gi\u00fap ng\u0103n ch\u1eb7n ti\u1ebfp x\u00fac v\u1edbi kh\u00f4ng kh\u00ed b\u00ean ngo\u00e0i, \u0111\u1ea3m b\u1ea3o v\u1ec7 sinh t\u1ed1t h\u01a1n.<br data-start=\"217\" data-end=\"220\" \/>C\u00e0ng thoa nhi\u1ec1u, l\u1edbp ph\u1ee7 c\u00e0ng tr\u1edf n\u00ean d\u00e0y h\u01a1n, b\u00e1m ch\u1eb7t v\u00e0o da m\u1ed9t c\u00e1ch m\u01b0\u1ee3t m\u00e0 \u0111\u1ed3ng th\u1eddi \u0111\u1ec3 l\u1ea1i l\u1edbp finish m\u1ec1m m\u1ecbn v\u00e0 d\u01b0\u1ee1ng \u1ea9m.<\/p>","protected":false},"featured_media":2470,"comment_status":"open","ping_status":"closed","template":"","meta":{"site-sidebar-layout":"no-sidebar","site-content-layout":"boxed-container","ast-site-content-layout":"normal-width-container","site-content-style":"boxed","site-sidebar-style":"boxed","ast-global-header-display":"","ast-banner-title-visibility":"","ast-main-header-display":"","ast-hfb-above-header-display":"","ast-hfb-below-header-display":"","ast-hfb-mobile-header-display":"","site-post-title":"","ast-breadcrumbs-content":"","ast-featured-img":"","footer-sml-layout":"","ast-disable-related-posts":"","theme-transparent-header-meta":"default","adv-header-id-meta":"","stick-header-meta":"","header-above-stick-meta":"","header-main-stick-meta":"","header-below-stick-meta":"","astra-migrate-meta-layouts":"set","ast-page-background-enabled":"default","ast-page-background-meta":{"desktop":{"background-color":"","background-image":"","background-repeat":"repeat","background-position":"center center","background-size":"auto","background-attachment":"scroll","background-type":"","background-media":"","overlay-type":"","overlay-color":"","overlay-opacity":"","overlay-gradient":""},"tablet":{"background-color":"","background-image":"","background-repeat":"repeat","background-position":"center center","background-size":"auto","background-attachment":"scroll","background-type":"","background-media":"","overlay-type":"","overlay-color":"","overlay-opacity":"","overlay-gradient":""},"mobile":{"background-color":"","background-image":"","background-repeat":"repeat","background-position":"center center","background-size":"auto","background-attachment":"scroll","background-type":"","background-media":"","overlay-type":"","overlay-color":"","overlay-opacity":"","overlay-gradient":""}},"ast-content-background-meta":{"desktop":{"background-color":"var(--ast-global-color-5)","background-image":"","background-repeat":"repeat","background-position":"center center","background-size":"auto","background-attachment":"scroll","background-type":"","background-media":"","overlay-type":"","overlay-color":"","overlay-opacity":"","overlay-gradient":""},"tablet":{"background-color":"var(--ast-global-color-5)","background-image":"","background-repeat":"repeat","background-position":"center center","background-size":"auto","background-attachment":"scroll","background-type":"","background-media":"","overlay-type":"","overlay-color":"","overlay-opacity":"","overlay-gradient":""},"mobile":{"background-color":"var(--ast-global-color-5)","background-image":"","background-repeat":"repeat","background-position":"center center","background-size":"auto","background-attachment":"scroll","background-type":"","background-media":"","overlay-type":"","overlay-color":"","overlay-opacity":"","overlay-gradient":""}}},"product_brand":[],"product_cat":[19,27,54,40],"product_tag":[],"class_list":{"0":"post-1537","1":"product","2":"type-product","3":"status-publish","4":"has-post-thumbnail","6":"product_cat-all","7":"product_cat-products","8":"product_cat-retail","9":"product_cat-sun-bb","10":"desktop-align-center","11":"tablet-align-left","12":"mobile-align-left","14":"first","15":"instock","16":"shipping-taxable","17":"purchasable","18":"product-type-simple"},"_links":{"self":[{"href":"https:\/\/theraderm.vn\/vi\/wp-json\/wp\/v2\/product\/1537","targetHints":{"allow":["GET"]}}],"collection":[{"href":"https:\/\/theraderm.vn\/vi\/wp-json\/wp\/v2\/product"}],"about":[{"href":"https:\/\/theraderm.vn\/vi\/wp-json\/wp\/v2\/types\/product"}],"replies":[{"embeddable":true,"href":"https:\/\/theraderm.vn\/vi\/wp-json\/wp\/v2\/comments?post=1537"}],"wp:featuredmedia":[{"embeddable":true,"href":"https:\/\/theraderm.vn\/vi\/wp-json\/wp\/v2\/media\/2470"}],"wp:attachment":[{"href":"https:\/\/theraderm.vn\/vi\/wp-json\/wp\/v2\/media?parent=1537"}],"wp:term":[{"taxonomy":"product_brand","embeddable":true,"href":"https:\/\/theraderm.vn\/vi\/wp-json\/wp\/v2\/product_brand?post=1537"},{"taxonomy":"product_cat","embeddable":true,"href":"https:\/\/theraderm.vn\/vi\/wp-json\/wp\/v2\/product_cat?post=1537"},{"taxonomy":"product_tag","embeddable":true,"href":"https:\/\/theraderm.vn\/vi\/wp-json\/wp\/v2\/product_tag?post=1537"}],"curies":[{"name":"wp","href":"https:\/\/api.w.org\/{rel}","templated":true}]}}