{"id":1541,"date":"2025-10-15T15:52:27","date_gmt":"2025-10-15T15:52:27","guid":{"rendered":"http:\/\/theraderm.vn\/?post_type=product&#038;p=1541"},"modified":"2026-01-26T11:21:01","modified_gmt":"2026-01-26T04:21:01","slug":"black-peel-sebo-spot-10ml","status":"publish","type":"product","link":"https:\/\/theraderm.vn\/vi\/san-pham\/black-peel-sebo-spot-10ml\/","title":{"rendered":"Black Peel Sebo Spot 10ml"},"content":{"rendered":"<p><img fetchpriority=\"high\" decoding=\"async\" class=\"aligncenter size-full wp-image-2877\" src=\"https:\/\/theraderm.vn\/wp-content\/uploads\/2025\/12\/Black-Peel-Acne-Spot.jpg\" alt=\"\" width=\"2083\" height=\"28606\" \/><\/p>","protected":false},"excerpt":{"rendered":"<p>Gi\u1ea3i ph\u00e1p h\u1ed7 tr\u1ee3 c\u1ea3i thi\u1ec7n v\u00f9ng da m\u1ee5n<\/p>\n<p>D\u01b0\u1ee3c m\u1ef9 ph\u1ea9m h\u1ed7 tr\u1ee3 c\u1ea3i thi\u1ec7n m\u1ee5n, ng\u1eeba th\u00e2m sau m\u1ee5n.<br \/>\nCh\u1ee9a th\u00e0nh ph\u1ea7n \u0111\u1ed9c quy\u1ec1n Theraderm - bao g\u1ed3m gi\u1ea5m \u0111en v\u00e0 Niacinamide<\/p>\n<p>S\u1ea3n ph\u1ea9m n\u00e0y l\u00e0 serum ch\u1ea5m \u0111i\u1ec3m v\u00f9ng da m\u1ee5n, k\u1ebft h\u1ee3p Acid Acetic t\u1eeb g\u1ea1o \u0111en c\u00f9ng c\u00e1c th\u00e0nh ph\u1ea7n d\u01b0\u1ee1ng da gi\u00fap ki\u1ec3m so\u00e1t b\u00e3 nh\u1eddn v\u00e0 l\u00e0m d\u1ecbu l\u00e0n da, h\u1ed7 tr\u1ee3 c\u1ea3i thi\u1ec7n t\u00ecnh tr\u1ea1ng m\u1ee5n v\u00e0 v\u1ebft th\u00e2m m\u1ed9t c\u00e1ch nh\u1eb9 nh\u00e0ng v\u00e0 an to\u00e0n.<\/p>","protected":false},"featured_media":2424,"comment_status":"open","ping_status":"closed","template":"","meta":{"site-sidebar-layout":"no-sidebar","site-content-layout":"boxed-container","ast-site-content-layout":"normal-width-container","site-content-style":"boxed","site-sidebar-style":"boxed","ast-global-header-display":"","ast-banner-title-visibility":"","ast-main-header-display":"","ast-hfb-above-header-display":"","ast-hfb-below-header-display":"","ast-hfb-mobile-header-display":"","site-post-title":"","ast-breadcrumbs-content":"","ast-featured-img":"","footer-sml-layout":"","ast-disable-related-posts":"","theme-transparent-header-meta":"default","adv-header-id-meta":"","stick-header-meta":"","header-above-stick-meta":"","header-main-stick-meta":"","header-below-stick-meta":"","astra-migrate-meta-layouts":"set","ast-page-background-enabled":"default","ast-page-background-meta":{"desktop":{"background-color":"","background-image":"","background-repeat":"repeat","background-position":"center center","background-size":"auto","background-attachment":"scroll","background-type":"","background-media":"","overlay-type":"","overlay-color":"","overlay-opacity":"","overlay-gradient":""},"tablet":{"background-color":"","background-image":"","background-repeat":"repeat","background-position":"center center","background-size":"auto","background-attachment":"scroll","background-type":"","background-media":"","overlay-type":"","overlay-color":"","overlay-opacity":"","overlay-gradient":""},"mobile":{"background-color":"","background-image":"","background-repeat":"repeat","background-position":"center center","background-size":"auto","background-attachment":"scroll","background-type":"","background-media":"","overlay-type":"","overlay-color":"","overlay-opacity":"","overlay-gradient":""}},"ast-content-background-meta":{"desktop":{"background-color":"var(--ast-global-color-5)","background-image":"","background-repeat":"repeat","background-position":"center center","background-size":"auto","background-attachment":"scroll","background-type":"","background-media":"","overlay-type":"","overlay-color":"","overlay-opacity":"","overlay-gradient":""},"tablet":{"background-color":"var(--ast-global-color-5)","background-image":"","background-repeat":"repeat","background-position":"center center","background-size":"auto","background-attachment":"scroll","background-type":"","background-media":"","overlay-type":"","overlay-color":"","overlay-opacity":"","overlay-gradient":""},"mobile":{"background-color":"var(--ast-global-color-5)","background-image":"","background-repeat":"repeat","background-position":"center center","background-size":"auto","background-attachment":"scroll","background-type":"","background-media":"","overlay-type":"","overlay-color":"","overlay-opacity":"","overlay-gradient":""}}},"product_brand":[],"product_cat":[19,56,57,49,27,54],"product_tag":[],"class_list":{"0":"post-1541","1":"product","2":"type-product","3":"status-publish","4":"has-post-thumbnail","6":"product_cat-all","7":"product_cat-ampoule-serum-spot","8":"product_cat-black","9":"product_cat-clinic-treatment","10":"product_cat-products","11":"product_cat-retail","12":"desktop-align-center","13":"tablet-align-left","14":"mobile-align-left","16":"first","17":"instock","18":"shipping-taxable","19":"product-type-simple"},"_links":{"self":[{"href":"https:\/\/theraderm.vn\/vi\/wp-json\/wp\/v2\/product\/1541","targetHints":{"allow":["GET"]}}],"collection":[{"href":"https:\/\/theraderm.vn\/vi\/wp-json\/wp\/v2\/product"}],"about":[{"href":"https:\/\/theraderm.vn\/vi\/wp-json\/wp\/v2\/types\/product"}],"replies":[{"embeddable":true,"href":"https:\/\/theraderm.vn\/vi\/wp-json\/wp\/v2\/comments?post=1541"}],"wp:featuredmedia":[{"embeddable":true,"href":"https:\/\/theraderm.vn\/vi\/wp-json\/wp\/v2\/media\/2424"}],"wp:attachment":[{"href":"https:\/\/theraderm.vn\/vi\/wp-json\/wp\/v2\/media?parent=1541"}],"wp:term":[{"taxonomy":"product_brand","embeddable":true,"href":"https:\/\/theraderm.vn\/vi\/wp-json\/wp\/v2\/product_brand?post=1541"},{"taxonomy":"product_cat","embeddable":true,"href":"https:\/\/theraderm.vn\/vi\/wp-json\/wp\/v2\/product_cat?post=1541"},{"taxonomy":"product_tag","embeddable":true,"href":"https:\/\/theraderm.vn\/vi\/wp-json\/wp\/v2\/product_tag?post=1541"}],"curies":[{"name":"wp","href":"https:\/\/api.w.org\/{rel}","templated":true}]}}