{"id":1553,"date":"2025-10-16T18:11:31","date_gmt":"2025-10-16T18:11:31","guid":{"rendered":"http:\/\/theraderm.vn\/?post_type=product&#038;p=1553"},"modified":"2026-01-26T11:46:06","modified_gmt":"2026-01-26T04:46:06","slug":"collagen-infused-matrix-double-mask-1box5sheets","status":"publish","type":"product","link":"https:\/\/theraderm.vn\/vi\/san-pham\/collagen-infused-matrix-double-mask-1box5sheets\/","title":{"rendered":"M\u1eb7t n\u1ea1 \u0111\u00f4i Collagen Infused Matrix 1 h\u1ed9p (5 mi\u1ebfng)"},"content":{"rendered":"<p><img fetchpriority=\"high\" decoding=\"async\" class=\"aligncenter size-full wp-image-1779\" src=\"http:\/\/theraderm.vn\/wp-content\/uploads\/2025\/12\/Collagen-Infused-Matrix-Double-Mask-.jpg\" alt=\"collagen infused matrix double mask 1box(5sheets)\" width=\"1000\" height=\"11375\" \/><\/p>","protected":false},"excerpt":{"rendered":"<p>M\u1eb7t N\u1ea1 D\u01b0\u1ee1ng \u1ea8m &amp; L\u00e0m D\u1ecbu Da Chi\u1ebft Xu\u1ea5t Collagen 90%<\/p>\n<p>\u2713S\u1ea3n ph\u1ea9m h\u1ed7 tr\u1ee3 l\u00e0m s\u00e1ng da v\u00e0 c\u1ea3i thi\u1ec7n n\u1ebfp nh\u0103n<\/p>\n<p>M\u1eb7t n\u1ea1 d\u01b0\u1ee1ng \u1ea9m v\u00e0 nu\u00f4i d\u01b0\u1ee1ng n\u00e0y ch\u1ee9a 90% chi\u1ebft xu\u1ea5t collagen t\u1eeb t\u1ea3o bi\u1ec3n t\u1ef1 nhi\u00ean, gi\u00fap cung c\u1ea5p \u0111\u1ed9 \u1ea9m l\u00e0m d\u1ecbu da m\u00e0 kh\u00f4ng g\u00e2y k\u00edch \u1ee9ng.\nS\u1ea3n ph\u1ea9m h\u1ed7 tr\u1ee3 c\u1ea3i thi\u1ec7n \u0111\u1ed9 s\u00e1ng v\u00e0 gi\u1ea3m s\u1ef1 xu\u1ea5t hi\u1ec7n c\u1ee7a n\u1ebfp nh\u0103n, mang l\u1ea1i l\u00e0n da m\u1ec1m m\u1ecbn v\u00e0 c\u0103ng m\u1ecdng.<\/p>","protected":false},"featured_media":2427,"comment_status":"open","ping_status":"closed","template":"","meta":{"site-sidebar-layout":"no-sidebar","site-content-layout":"boxed-container","ast-site-content-layout":"normal-width-container","site-content-style":"boxed","site-sidebar-style":"boxed","ast-global-header-display":"","ast-banner-title-visibility":"","ast-main-header-display":"","ast-hfb-above-header-display":"","ast-hfb-below-header-display":"","ast-hfb-mobile-header-display":"","site-post-title":"","ast-breadcrumbs-content":"","ast-featured-img":"","footer-sml-layout":"","ast-disable-related-posts":"","theme-transparent-header-meta":"default","adv-header-id-meta":"","stick-header-meta":"","header-above-stick-meta":"","header-main-stick-meta":"","header-below-stick-meta":"","astra-migrate-meta-layouts":"set","ast-page-background-enabled":"default","ast-page-background-meta":{"desktop":{"background-color":"","background-image":"","background-repeat":"repeat","background-position":"center center","background-size":"auto","background-attachment":"scroll","background-type":"","background-media":"","overlay-type":"","overlay-color":"","overlay-opacity":"","overlay-gradient":""},"tablet":{"background-color":"","background-image":"","background-repeat":"repeat","background-position":"center center","background-size":"auto","background-attachment":"scroll","background-type":"","background-media":"","overlay-type":"","overlay-color":"","overlay-opacity":"","overlay-gradient":""},"mobile":{"background-color":"","background-image":"","background-repeat":"repeat","background-position":"center center","background-size":"auto","background-attachment":"scroll","background-type":"","background-media":"","overlay-type":"","overlay-color":"","overlay-opacity":"","overlay-gradient":""}},"ast-content-background-meta":{"desktop":{"background-color":"var(--ast-global-color-5)","background-image":"","background-repeat":"repeat","background-position":"center center","background-size":"auto","background-attachment":"scroll","background-type":"","background-media":"","overlay-type":"","overlay-color":"","overlay-opacity":"","overlay-gradient":""},"tablet":{"background-color":"var(--ast-global-color-5)","background-image":"","background-repeat":"repeat","background-position":"center center","background-size":"auto","background-attachment":"scroll","background-type":"","background-media":"","overlay-type":"","overlay-color":"","overlay-opacity":"","overlay-gradient":""},"mobile":{"background-color":"var(--ast-global-color-5)","background-image":"","background-repeat":"repeat","background-position":"center center","background-size":"auto","background-attachment":"scroll","background-type":"","background-media":"","overlay-type":"","overlay-color":"","overlay-opacity":"","overlay-gradient":""}}},"product_brand":[],"product_cat":[19,59,71,27,54],"product_tag":[],"class_list":{"0":"post-1553","1":"product","2":"type-product","3":"status-publish","4":"has-post-thumbnail","6":"product_cat-all","7":"product_cat-ga-aha","8":"product_cat-mask-retail","9":"product_cat-products","10":"product_cat-retail","11":"desktop-align-center","12":"tablet-align-left","13":"mobile-align-left","15":"first","16":"instock","17":"shipping-taxable","18":"product-type-simple"},"_links":{"self":[{"href":"https:\/\/theraderm.vn\/vi\/wp-json\/wp\/v2\/product\/1553","targetHints":{"allow":["GET"]}}],"collection":[{"href":"https:\/\/theraderm.vn\/vi\/wp-json\/wp\/v2\/product"}],"about":[{"href":"https:\/\/theraderm.vn\/vi\/wp-json\/wp\/v2\/types\/product"}],"replies":[{"embeddable":true,"href":"https:\/\/theraderm.vn\/vi\/wp-json\/wp\/v2\/comments?post=1553"}],"wp:featuredmedia":[{"embeddable":true,"href":"https:\/\/theraderm.vn\/vi\/wp-json\/wp\/v2\/media\/2427"}],"wp:attachment":[{"href":"https:\/\/theraderm.vn\/vi\/wp-json\/wp\/v2\/media?parent=1553"}],"wp:term":[{"taxonomy":"product_brand","embeddable":true,"href":"https:\/\/theraderm.vn\/vi\/wp-json\/wp\/v2\/product_brand?post=1553"},{"taxonomy":"product_cat","embeddable":true,"href":"https:\/\/theraderm.vn\/vi\/wp-json\/wp\/v2\/product_cat?post=1553"},{"taxonomy":"product_tag","embeddable":true,"href":"https:\/\/theraderm.vn\/vi\/wp-json\/wp\/v2\/product_tag?post=1553"}],"curies":[{"name":"wp","href":"https:\/\/api.w.org\/{rel}","templated":true}]}}