{"id":1564,"date":"2025-10-16T18:19:49","date_gmt":"2025-10-16T18:19:49","guid":{"rendered":"http:\/\/theraderm.vn\/?post_type=product&#038;p=1564"},"modified":"2026-01-26T14:07:36","modified_gmt":"2026-01-26T07:07:36","slug":"biocell-infused-mask-1box5sheets","status":"publish","type":"product","link":"https:\/\/theraderm.vn\/vi\/san-pham\/biocell-infused-mask-1box5sheets\/","title":{"rendered":"M\u1eb7t n\u1ea1 ch\u1ee9a t\u1ebf b\u00e0o sinh h\u1ecdc 1 h\u1ed9p (5 mi\u1ebfng)"},"content":{"rendered":"<p><img fetchpriority=\"high\" decoding=\"async\" class=\"aligncenter size-full wp-image-1700\" src=\"http:\/\/theraderm.vn\/wp-content\/uploads\/2025\/12\/Bio-Cell-Infused-Mask-.jpg\" alt=\"biocell infused mask 1box(5sheets)\" width=\"1000\" height=\"12575\" \/><\/p>","protected":false},"excerpt":{"rendered":"<p>M\u1eb7t n\u1ea1 d\u01b0\u1ee1ng \u1ea9m cho da kh\u00f4 v\u00e0 l\u00e3o h\u00f3a<\/p>\n<p>D\u01b0\u1ee3c m\u1ef9 ph\u1ea9m c\u00f4ng d\u1ee5ng k\u00e9p h\u1ed7 tr\u1ee3 l\u00e0m s\u00e1ng da v\u00e0 c\u1ea3i thi\u1ec7n n\u1ebfp nh\u0103n<\/p>\n<p>M\u1eb7t n\u1ea1 n\u00e0y ch\u1ee9a n\u1ed3ng \u0111\u1ed9 cao d\u1ecbch nu\u00f4i c\u1ea5y t\u1ebf b\u00e0o sinh h\u1ecdc, k\u1ebft h\u1ee3p Alpha-Arbutin v\u00e0 s\u1eefa ong ch\u00faa, \u0111\u01b0\u1ee3c \u0111\u01b0a v\u00e0o k\u1ebft c\u1ea5u t\u1ea3o t\u1ef1 nhi\u00ean gi\u00fap c\u1ea3i thi\u1ec7n \u0111\u1ed9 s\u00e1ng c\u1ee7a da v\u00e0 gi\u1ea3m s\u1ef1 xu\u1ea5t hi\u1ec7n c\u1ee7a n\u1ebfp nh\u0103n, mang l\u1ea1i l\u00e0n da t\u01b0\u01a1i m\u1edbi v\u00e0 r\u1ea1ng r\u1ee1 h\u01a1n.<\/p>","protected":false},"featured_media":2429,"comment_status":"open","ping_status":"closed","template":"","meta":{"site-sidebar-layout":"no-sidebar","site-content-layout":"boxed-container","ast-site-content-layout":"normal-width-container","site-content-style":"boxed","site-sidebar-style":"boxed","ast-global-header-display":"","ast-banner-title-visibility":"","ast-main-header-display":"","ast-hfb-above-header-display":"","ast-hfb-below-header-display":"","ast-hfb-mobile-header-display":"","site-post-title":"","ast-breadcrumbs-content":"","ast-featured-img":"","footer-sml-layout":"","ast-disable-related-posts":"","theme-transparent-header-meta":"default","adv-header-id-meta":"","stick-header-meta":"","header-above-stick-meta":"","header-main-stick-meta":"","header-below-stick-meta":"","astra-migrate-meta-layouts":"set","ast-page-background-enabled":"default","ast-page-background-meta":{"desktop":{"background-color":"","background-image":"","background-repeat":"repeat","background-position":"center center","background-size":"auto","background-attachment":"scroll","background-type":"","background-media":"","overlay-type":"","overlay-color":"","overlay-opacity":"","overlay-gradient":""},"tablet":{"background-color":"","background-image":"","background-repeat":"repeat","background-position":"center center","background-size":"auto","background-attachment":"scroll","background-type":"","background-media":"","overlay-type":"","overlay-color":"","overlay-opacity":"","overlay-gradient":""},"mobile":{"background-color":"","background-image":"","background-repeat":"repeat","background-position":"center center","background-size":"auto","background-attachment":"scroll","background-type":"","background-media":"","overlay-type":"","overlay-color":"","overlay-opacity":"","overlay-gradient":""}},"ast-content-background-meta":{"desktop":{"background-color":"var(--ast-global-color-5)","background-image":"","background-repeat":"repeat","background-position":"center center","background-size":"auto","background-attachment":"scroll","background-type":"","background-media":"","overlay-type":"","overlay-color":"","overlay-opacity":"","overlay-gradient":""},"tablet":{"background-color":"var(--ast-global-color-5)","background-image":"","background-repeat":"repeat","background-position":"center center","background-size":"auto","background-attachment":"scroll","background-type":"","background-media":"","overlay-type":"","overlay-color":"","overlay-opacity":"","overlay-gradient":""},"mobile":{"background-color":"var(--ast-global-color-5)","background-image":"","background-repeat":"repeat","background-position":"center center","background-size":"auto","background-attachment":"scroll","background-type":"","background-media":"","overlay-type":"","overlay-color":"","overlay-opacity":"","overlay-gradient":""}}},"product_brand":[],"product_cat":[19,50,49,71,27,54],"product_tag":[],"class_list":{"0":"post-1564","1":"product","2":"type-product","3":"status-publish","4":"has-post-thumbnail","6":"product_cat-all","7":"product_cat-bio-cell","8":"product_cat-clinic-treatment","9":"product_cat-mask-retail","10":"product_cat-products","11":"product_cat-retail","12":"desktop-align-center","13":"tablet-align-left","14":"mobile-align-left","16":"first","17":"instock","18":"shipping-taxable","19":"product-type-simple"},"_links":{"self":[{"href":"https:\/\/theraderm.vn\/vi\/wp-json\/wp\/v2\/product\/1564","targetHints":{"allow":["GET"]}}],"collection":[{"href":"https:\/\/theraderm.vn\/vi\/wp-json\/wp\/v2\/product"}],"about":[{"href":"https:\/\/theraderm.vn\/vi\/wp-json\/wp\/v2\/types\/product"}],"replies":[{"embeddable":true,"href":"https:\/\/theraderm.vn\/vi\/wp-json\/wp\/v2\/comments?post=1564"}],"wp:featuredmedia":[{"embeddable":true,"href":"https:\/\/theraderm.vn\/vi\/wp-json\/wp\/v2\/media\/2429"}],"wp:attachment":[{"href":"https:\/\/theraderm.vn\/vi\/wp-json\/wp\/v2\/media?parent=1564"}],"wp:term":[{"taxonomy":"product_brand","embeddable":true,"href":"https:\/\/theraderm.vn\/vi\/wp-json\/wp\/v2\/product_brand?post=1564"},{"taxonomy":"product_cat","embeddable":true,"href":"https:\/\/theraderm.vn\/vi\/wp-json\/wp\/v2\/product_cat?post=1564"},{"taxonomy":"product_tag","embeddable":true,"href":"https:\/\/theraderm.vn\/vi\/wp-json\/wp\/v2\/product_tag?post=1564"}],"curies":[{"name":"wp","href":"https:\/\/api.w.org\/{rel}","templated":true}]}}