{"id":1608,"date":"2025-10-17T04:24:16","date_gmt":"2025-10-17T04:24:16","guid":{"rendered":"http:\/\/theraderm.vn\/?post_type=product&#038;p=1608"},"modified":"2026-01-26T11:48:12","modified_gmt":"2026-01-26T04:48:12","slug":"lotus-cleanser-140ml-2","status":"publish","type":"product","link":"https:\/\/theraderm.vn\/vi\/san-pham\/lotus-cleanser-140ml-2\/","title":{"rendered":"S\u1eefa R\u1eeda M\u1eb7t Hoa Sen 140ml"},"content":{"rendered":"<p><img fetchpriority=\"high\" decoding=\"async\" class=\"aligncenter size-full wp-image-1704\" src=\"https:\/\/theraderm.vn\/wp-content\/uploads\/2025\/12\/Lotus-Cleanser-480ml.jpg\" alt=\"lotus cleanser 140ml\" width=\"1000\" height=\"14983\" \/><\/p>","protected":false},"excerpt":{"rendered":"<p>S\u1eefa r\u1eeda m\u1eb7t d\u00e0nh cho da kh\u00f4 v\u00e0 nh\u1ea1y c\u1ea3m<\/p>\n<p>\u2713 Ho\u00e0n th\u00e0nh b\u00e0i ki\u1ec3m tra v\u1ec1 kh\u1ea3 n\u0103ng l\u00e0m s\u1ea1ch b\u1ee5i m\u1ecbn v\u00e0 k\u00edch \u1ee9ng da<\/p>\n<p>Lotus Cleanser v\u1edbi n\u0103m th\u00e0nh ph\u1ea7n ho\u1ea1t t\u00ednh t\u1eeb th\u1ef1c v\u1eadt bao g\u1ed3m chi\u1ebft xu\u1ea5t hoa sen v\u00e0 ch\u1ea5t ho\u1ea1t \u0111\u1ed9ng b\u1ec1 m\u1eb7t t\u1ef1 nhi\u00ean t\u1eeb d\u1eeba, lo\u1ea1i b\u1ecf hi\u1ec7u qu\u1ea3 b\u1ee5i m\u1ecbn m\u00e0 v\u1eabn nh\u1eb9 nh\u00e0ng v\u1edbi l\u00e0n da.<\/p>","protected":false},"featured_media":2432,"comment_status":"open","ping_status":"closed","template":"","meta":{"site-sidebar-layout":"no-sidebar","site-content-layout":"boxed-container","ast-site-content-layout":"normal-width-container","site-content-style":"boxed","site-sidebar-style":"boxed","ast-global-header-display":"","ast-banner-title-visibility":"","ast-main-header-display":"","ast-hfb-above-header-display":"","ast-hfb-below-header-display":"","ast-hfb-mobile-header-display":"","site-post-title":"","ast-breadcrumbs-content":"","ast-featured-img":"","footer-sml-layout":"","ast-disable-related-posts":"","theme-transparent-header-meta":"default","adv-header-id-meta":"","stick-header-meta":"","header-above-stick-meta":"","header-main-stick-meta":"","header-below-stick-meta":"","astra-migrate-meta-layouts":"set","ast-page-background-enabled":"default","ast-page-background-meta":{"desktop":{"background-color":"","background-image":"","background-repeat":"repeat","background-position":"center center","background-size":"auto","background-attachment":"scroll","background-type":"","background-media":"","overlay-type":"","overlay-color":"","overlay-opacity":"","overlay-gradient":""},"tablet":{"background-color":"","background-image":"","background-repeat":"repeat","background-position":"center center","background-size":"auto","background-attachment":"scroll","background-type":"","background-media":"","overlay-type":"","overlay-color":"","overlay-opacity":"","overlay-gradient":""},"mobile":{"background-color":"","background-image":"","background-repeat":"repeat","background-position":"center center","background-size":"auto","background-attachment":"scroll","background-type":"","background-media":"","overlay-type":"","overlay-color":"","overlay-opacity":"","overlay-gradient":""}},"ast-content-background-meta":{"desktop":{"background-color":"var(--ast-global-color-5)","background-image":"","background-repeat":"repeat","background-position":"center center","background-size":"auto","background-attachment":"scroll","background-type":"","background-media":"","overlay-type":"","overlay-color":"","overlay-opacity":"","overlay-gradient":""},"tablet":{"background-color":"var(--ast-global-color-5)","background-image":"","background-repeat":"repeat","background-position":"center center","background-size":"auto","background-attachment":"scroll","background-type":"","background-media":"","overlay-type":"","overlay-color":"","overlay-opacity":"","overlay-gradient":""},"mobile":{"background-color":"var(--ast-global-color-5)","background-image":"","background-repeat":"repeat","background-position":"center center","background-size":"auto","background-attachment":"scroll","background-type":"","background-media":"","overlay-type":"","overlay-color":"","overlay-opacity":"","overlay-gradient":""}}},"product_brand":[],"product_cat":[19,50,70,27,54],"product_tag":[],"class_list":{"0":"post-1608","1":"product","2":"type-product","3":"status-publish","4":"has-post-thumbnail","6":"product_cat-all","7":"product_cat-bio-cell","8":"product_cat-cleanser-toner-retail","9":"product_cat-products","10":"product_cat-retail","11":"desktop-align-center","12":"tablet-align-left","13":"mobile-align-left","15":"first","16":"instock","17":"shipping-taxable","18":"product-type-simple"},"_links":{"self":[{"href":"https:\/\/theraderm.vn\/vi\/wp-json\/wp\/v2\/product\/1608","targetHints":{"allow":["GET"]}}],"collection":[{"href":"https:\/\/theraderm.vn\/vi\/wp-json\/wp\/v2\/product"}],"about":[{"href":"https:\/\/theraderm.vn\/vi\/wp-json\/wp\/v2\/types\/product"}],"replies":[{"embeddable":true,"href":"https:\/\/theraderm.vn\/vi\/wp-json\/wp\/v2\/comments?post=1608"}],"wp:featuredmedia":[{"embeddable":true,"href":"https:\/\/theraderm.vn\/vi\/wp-json\/wp\/v2\/media\/2432"}],"wp:attachment":[{"href":"https:\/\/theraderm.vn\/vi\/wp-json\/wp\/v2\/media?parent=1608"}],"wp:term":[{"taxonomy":"product_brand","embeddable":true,"href":"https:\/\/theraderm.vn\/vi\/wp-json\/wp\/v2\/product_brand?post=1608"},{"taxonomy":"product_cat","embeddable":true,"href":"https:\/\/theraderm.vn\/vi\/wp-json\/wp\/v2\/product_cat?post=1608"},{"taxonomy":"product_tag","embeddable":true,"href":"https:\/\/theraderm.vn\/vi\/wp-json\/wp\/v2\/product_tag?post=1608"}],"curies":[{"name":"wp","href":"https:\/\/api.w.org\/{rel}","templated":true}]}}