{"id":1613,"date":"2025-10-17T04:30:12","date_gmt":"2025-10-17T04:30:12","guid":{"rendered":"http:\/\/theraderm.vn\/?post_type=product&#038;p=1613"},"modified":"2026-01-26T11:19:28","modified_gmt":"2026-01-26T04:19:28","slug":"black-sebo-control-toner-140ml","status":"publish","type":"product","link":"https:\/\/theraderm.vn\/vi\/san-pham\/black-sebo-control-toner-140ml\/","title":{"rendered":"Toner Ki\u1ec3m So\u00e1t B\u00e3 Nh\u1eddn Black \u2013 140ml"},"content":{"rendered":"<p><img fetchpriority=\"high\" decoding=\"async\" class=\"aligncenter size-full wp-image-1703\" src=\"http:\/\/theraderm.vn\/wp-content\/uploads\/2025\/12\/Black-Sebo-Acne-Cleanser.jpg\" alt=\"black sebo control toner 140ml\" width=\"1000\" height=\"14836\" \/><\/p>","protected":false},"excerpt":{"rendered":"<p>Toner D\u00e0nh Cho Da D\u1ec5 M\u1ee5n<\/p>\n<p>\u0110\u00e3 ho\u00e0n th\u00e0nh c\u00e1c th\u1eed nghi\u1ec7m k\u00edch \u1ee9ng da &amp; Th\u1eed nghi\u1ec7m gi\u1eef \u1ea9m \/ ki\u1ec3m so\u00e1t b\u00e3 nh\u1eddn<br \/>\nN\u01b0\u1edbc hoa h\u1ed3ng ki\u1ec3m so\u00e1t b\u00e3 nh\u1eddn Black Sebo<\/p>\n<p>S\u1ea3n ph\u1ea9m gi\u00fap gi\u1ea3m l\u01b0\u1ee3ng b\u00e3 nh\u1eddn d\u01b0 th\u1eeba v\u00e0 h\u1ed7 tr\u1ee3 thu nh\u1ecf l\u1ed7 ch\u00e2n l\u00f4ng, mang l\u1ea1i l\u00e0n da th\u00f4ng tho\u00e1ng v\u00e0 t\u01b0\u01a1i s\u00e1ng h\u01a1n.<\/p>","protected":false},"featured_media":2431,"comment_status":"open","ping_status":"closed","template":"","meta":{"site-sidebar-layout":"no-sidebar","site-content-layout":"boxed-container","ast-site-content-layout":"normal-width-container","site-content-style":"boxed","site-sidebar-style":"boxed","ast-global-header-display":"","ast-banner-title-visibility":"","ast-main-header-display":"","ast-hfb-above-header-display":"","ast-hfb-below-header-display":"","ast-hfb-mobile-header-display":"","site-post-title":"","ast-breadcrumbs-content":"","ast-featured-img":"","footer-sml-layout":"","ast-disable-related-posts":"","theme-transparent-header-meta":"default","adv-header-id-meta":"","stick-header-meta":"","header-above-stick-meta":"","header-main-stick-meta":"","header-below-stick-meta":"","astra-migrate-meta-layouts":"set","ast-page-background-enabled":"default","ast-page-background-meta":{"desktop":{"background-color":"","background-image":"","background-repeat":"repeat","background-position":"center center","background-size":"auto","background-attachment":"scroll","background-type":"","background-media":"","overlay-type":"","overlay-color":"","overlay-opacity":"","overlay-gradient":""},"tablet":{"background-color":"","background-image":"","background-repeat":"repeat","background-position":"center center","background-size":"auto","background-attachment":"scroll","background-type":"","background-media":"","overlay-type":"","overlay-color":"","overlay-opacity":"","overlay-gradient":""},"mobile":{"background-color":"","background-image":"","background-repeat":"repeat","background-position":"center center","background-size":"auto","background-attachment":"scroll","background-type":"","background-media":"","overlay-type":"","overlay-color":"","overlay-opacity":"","overlay-gradient":""}},"ast-content-background-meta":{"desktop":{"background-color":"var(--ast-global-color-5)","background-image":"","background-repeat":"repeat","background-position":"center center","background-size":"auto","background-attachment":"scroll","background-type":"","background-media":"","overlay-type":"","overlay-color":"","overlay-opacity":"","overlay-gradient":""},"tablet":{"background-color":"var(--ast-global-color-5)","background-image":"","background-repeat":"repeat","background-position":"center center","background-size":"auto","background-attachment":"scroll","background-type":"","background-media":"","overlay-type":"","overlay-color":"","overlay-opacity":"","overlay-gradient":""},"mobile":{"background-color":"var(--ast-global-color-5)","background-image":"","background-repeat":"repeat","background-position":"center center","background-size":"auto","background-attachment":"scroll","background-type":"","background-media":"","overlay-type":"","overlay-color":"","overlay-opacity":"","overlay-gradient":""}}},"product_brand":[],"product_cat":[19,57,70,49,27,54],"product_tag":[],"class_list":{"0":"post-1613","1":"product","2":"type-product","3":"status-publish","4":"has-post-thumbnail","6":"product_cat-all","7":"product_cat-black","8":"product_cat-cleanser-toner-retail","9":"product_cat-clinic-treatment","10":"product_cat-products","11":"product_cat-retail","12":"desktop-align-center","13":"tablet-align-left","14":"mobile-align-left","16":"first","17":"instock","18":"shipping-taxable","19":"purchasable","20":"product-type-simple"},"_links":{"self":[{"href":"https:\/\/theraderm.vn\/vi\/wp-json\/wp\/v2\/product\/1613","targetHints":{"allow":["GET"]}}],"collection":[{"href":"https:\/\/theraderm.vn\/vi\/wp-json\/wp\/v2\/product"}],"about":[{"href":"https:\/\/theraderm.vn\/vi\/wp-json\/wp\/v2\/types\/product"}],"replies":[{"embeddable":true,"href":"https:\/\/theraderm.vn\/vi\/wp-json\/wp\/v2\/comments?post=1613"}],"wp:featuredmedia":[{"embeddable":true,"href":"https:\/\/theraderm.vn\/vi\/wp-json\/wp\/v2\/media\/2431"}],"wp:attachment":[{"href":"https:\/\/theraderm.vn\/vi\/wp-json\/wp\/v2\/media?parent=1613"}],"wp:term":[{"taxonomy":"product_brand","embeddable":true,"href":"https:\/\/theraderm.vn\/vi\/wp-json\/wp\/v2\/product_brand?post=1613"},{"taxonomy":"product_cat","embeddable":true,"href":"https:\/\/theraderm.vn\/vi\/wp-json\/wp\/v2\/product_cat?post=1613"},{"taxonomy":"product_tag","embeddable":true,"href":"https:\/\/theraderm.vn\/vi\/wp-json\/wp\/v2\/product_tag?post=1613"}],"curies":[{"name":"wp","href":"https:\/\/api.w.org\/{rel}","templated":true}]}}