{"id":1617,"date":"2025-10-17T04:31:57","date_gmt":"2025-10-17T04:31:57","guid":{"rendered":"http:\/\/theraderm.vn\/?post_type=product&#038;p=1617"},"modified":"2026-01-26T11:20:26","modified_gmt":"2026-01-26T04:20:26","slug":"black-sebo-akne-cleanser-140ml","status":"publish","type":"product","link":"https:\/\/theraderm.vn\/vi\/san-pham\/black-sebo-akne-cleanser-140ml\/","title":{"rendered":"S\u1eefa r\u1eeda m\u1eb7t tr\u1ecb m\u1ee5n Black Sebo 140ml"},"content":{"rendered":"<p><img fetchpriority=\"high\" decoding=\"async\" class=\"aligncenter size-full wp-image-1702\" src=\"https:\/\/theraderm.vn\/wp-content\/uploads\/2025\/12\/Cleanser-Toner-480ml.jpg\" alt=\"black sebo akne cleanser 140ml\" width=\"1000\" height=\"14903\" \/><\/p>","protected":false},"excerpt":{"rendered":"<p>S\u1eefa r\u1eeda m\u1eb7t d\u00e0nh cho da d\u1ec5 b\u1ecb m\u1ee5n<\/p>\n<p>\u2713 S\u1ea3n ph\u1ea9m ch\u0103m s\u00f3c da ch\u1ee9c n\u0103ng d\u00e0nh cho da d\u1ec5 b\u1ecb m\u1ee5n tr\u1ee9ng c\u00e1<\/p>\n<p>H\u1ec7 th\u1ed1ng l\u00e0m s\u1ea1ch hai b\u01b0\u1edbc n\u00e0y gi\u00fap lo\u1ea1i b\u1ecf hi\u1ec7u qu\u1ea3 b\u00e3 nh\u1eddn d\u01b0 th\u1eeba v\u00e0 t\u1ea1p ch\u1ea5t, ch\u1ee9a Acid h\u1eefu c\u01a1 t\u1eeb gi\u1ea5m g\u1ea1o \u0111en v\u00e0 KI (kali iodide) \u0111\u1ec3 l\u00e0m s\u1ea1ch s\u00e2u v\u00e0 l\u00e0m d\u1ecbu da d\u1ec5 b\u1ecb m\u1ee5n.<\/p>","protected":false},"featured_media":2425,"comment_status":"open","ping_status":"closed","template":"","meta":{"site-sidebar-layout":"no-sidebar","site-content-layout":"boxed-container","ast-site-content-layout":"normal-width-container","site-content-style":"boxed","site-sidebar-style":"boxed","ast-global-header-display":"","ast-banner-title-visibility":"","ast-main-header-display":"","ast-hfb-above-header-display":"","ast-hfb-below-header-display":"","ast-hfb-mobile-header-display":"","site-post-title":"","ast-breadcrumbs-content":"","ast-featured-img":"","footer-sml-layout":"","ast-disable-related-posts":"","theme-transparent-header-meta":"default","adv-header-id-meta":"","stick-header-meta":"","header-above-stick-meta":"","header-main-stick-meta":"","header-below-stick-meta":"","astra-migrate-meta-layouts":"set","ast-page-background-enabled":"default","ast-page-background-meta":{"desktop":{"background-color":"","background-image":"","background-repeat":"repeat","background-position":"center center","background-size":"auto","background-attachment":"scroll","background-type":"","background-media":"","overlay-type":"","overlay-color":"","overlay-opacity":"","overlay-gradient":""},"tablet":{"background-color":"","background-image":"","background-repeat":"repeat","background-position":"center center","background-size":"auto","background-attachment":"scroll","background-type":"","background-media":"","overlay-type":"","overlay-color":"","overlay-opacity":"","overlay-gradient":""},"mobile":{"background-color":"","background-image":"","background-repeat":"repeat","background-position":"center center","background-size":"auto","background-attachment":"scroll","background-type":"","background-media":"","overlay-type":"","overlay-color":"","overlay-opacity":"","overlay-gradient":""}},"ast-content-background-meta":{"desktop":{"background-color":"var(--ast-global-color-5)","background-image":"","background-repeat":"repeat","background-position":"center center","background-size":"auto","background-attachment":"scroll","background-type":"","background-media":"","overlay-type":"","overlay-color":"","overlay-opacity":"","overlay-gradient":""},"tablet":{"background-color":"var(--ast-global-color-5)","background-image":"","background-repeat":"repeat","background-position":"center center","background-size":"auto","background-attachment":"scroll","background-type":"","background-media":"","overlay-type":"","overlay-color":"","overlay-opacity":"","overlay-gradient":""},"mobile":{"background-color":"var(--ast-global-color-5)","background-image":"","background-repeat":"repeat","background-position":"center center","background-size":"auto","background-attachment":"scroll","background-type":"","background-media":"","overlay-type":"","overlay-color":"","overlay-opacity":"","overlay-gradient":""}}},"product_brand":[],"product_cat":[19,57,70,49,27,54],"product_tag":[],"class_list":{"0":"post-1617","1":"product","2":"type-product","3":"status-publish","4":"has-post-thumbnail","6":"product_cat-all","7":"product_cat-black","8":"product_cat-cleanser-toner-retail","9":"product_cat-clinic-treatment","10":"product_cat-products","11":"product_cat-retail","12":"desktop-align-center","13":"tablet-align-left","14":"mobile-align-left","16":"first","17":"instock","18":"shipping-taxable","19":"purchasable","20":"product-type-simple"},"_links":{"self":[{"href":"https:\/\/theraderm.vn\/vi\/wp-json\/wp\/v2\/product\/1617","targetHints":{"allow":["GET"]}}],"collection":[{"href":"https:\/\/theraderm.vn\/vi\/wp-json\/wp\/v2\/product"}],"about":[{"href":"https:\/\/theraderm.vn\/vi\/wp-json\/wp\/v2\/types\/product"}],"replies":[{"embeddable":true,"href":"https:\/\/theraderm.vn\/vi\/wp-json\/wp\/v2\/comments?post=1617"}],"wp:featuredmedia":[{"embeddable":true,"href":"https:\/\/theraderm.vn\/vi\/wp-json\/wp\/v2\/media\/2425"}],"wp:attachment":[{"href":"https:\/\/theraderm.vn\/vi\/wp-json\/wp\/v2\/media?parent=1617"}],"wp:term":[{"taxonomy":"product_brand","embeddable":true,"href":"https:\/\/theraderm.vn\/vi\/wp-json\/wp\/v2\/product_brand?post=1617"},{"taxonomy":"product_cat","embeddable":true,"href":"https:\/\/theraderm.vn\/vi\/wp-json\/wp\/v2\/product_cat?post=1617"},{"taxonomy":"product_tag","embeddable":true,"href":"https:\/\/theraderm.vn\/vi\/wp-json\/wp\/v2\/product_tag?post=1617"}],"curies":[{"name":"wp","href":"https:\/\/api.w.org\/{rel}","templated":true}]}}