{"id":1850,"date":"2025-11-05T08:50:36","date_gmt":"2025-11-05T08:50:36","guid":{"rendered":"http:\/\/theraderm.vn\/?post_type=product&#038;p=1850"},"modified":"2025-11-17T09:00:08","modified_gmt":"2025-11-17T09:00:08","slug":"pink-cream-mask-50ml","status":"publish","type":"product","link":"https:\/\/theraderm.vn\/vi\/san-pham\/pink-cream-mask-50ml\/","title":{"rendered":"M\u1eb7t n\u1ea1 kem Pink 50ml"},"content":{"rendered":"<p><img fetchpriority=\"high\" decoding=\"async\" class=\"aligncenter size-full wp-image-2679\" src=\"http:\/\/theraderm.vn\/wp-content\/uploads\/2025\/12\/Pink-Cream-Mask-.jpg\" alt=\"pink cream mask 50ml\" width=\"4167\" height=\"51034\" \/><\/p>","protected":false},"excerpt":{"rendered":"<p>M\u1eb7t n\u1ea1 kem d\u01b0\u1ee1ng da gi\u00e0u d\u01b0\u1ee1ng ch\u1ea5t<\/p>\n<p>\u2713 Ch\u1ee9a th\u00e0nh ph\u1ea7n \u0111\u1ed9c quy\u1ec1n Theraderm (C\u00f4ng th\u1ee9c m\u1ef9 ph\u1ea9m ch\u1ed1ng l\u00e3o h\u00f3a da ho\u1eb7c c\u1ea3i thi\u1ec7n n\u1ebfp nh\u0103n da, bao g\u1ed3m gi\u1ea5m r\u1ec5 Kudzu v\u00e0 adenosine)<\/p>\n<p>S\u1ea3n ph\u1ea9m m\u1eb7t n\u1ea1 kem Pink c\u1ee7a Theraderm \u0111\u01b0\u1ee3c b\u1ed5 sung h\u01a1n 10 lo\u1ea1i th\u1ea3o m\u1ed9c v\u00e0 Kudzu (S\u1eafn d\u00e2y), l\u00e0 m\u1ed9t lo\u1ea1i m\u1eb7t n\u1ea1 kem d\u01b0\u1ee1ng ch\u1ea5t cao, gi\u00fap l\u00e0m m\u1ecbn da v\u00e0 ch\u0103m s\u00f3c k\u1ebft c\u1ea5u da.<\/p>","protected":false},"featured_media":2652,"comment_status":"open","ping_status":"closed","template":"","meta":{"site-sidebar-layout":"default","site-content-layout":"","ast-site-content-layout":"default","site-content-style":"default","site-sidebar-style":"default","ast-global-header-display":"","ast-banner-title-visibility":"","ast-main-header-display":"","ast-hfb-above-header-display":"","ast-hfb-below-header-display":"","ast-hfb-mobile-header-display":"","site-post-title":"","ast-breadcrumbs-content":"","ast-featured-img":"","footer-sml-layout":"","ast-disable-related-posts":"","theme-transparent-header-meta":"default","adv-header-id-meta":"","stick-header-meta":"","header-above-stick-meta":"","header-main-stick-meta":"","header-below-stick-meta":"","astra-migrate-meta-layouts":"set","ast-page-background-enabled":"default","ast-page-background-meta":{"desktop":{"background-color":"","background-image":"","background-repeat":"repeat","background-position":"center center","background-size":"auto","background-attachment":"scroll","background-type":"","background-media":"","overlay-type":"","overlay-color":"","overlay-opacity":"","overlay-gradient":""},"tablet":{"background-color":"","background-image":"","background-repeat":"repeat","background-position":"center center","background-size":"auto","background-attachment":"scroll","background-type":"","background-media":"","overlay-type":"","overlay-color":"","overlay-opacity":"","overlay-gradient":""},"mobile":{"background-color":"","background-image":"","background-repeat":"repeat","background-position":"center center","background-size":"auto","background-attachment":"scroll","background-type":"","background-media":"","overlay-type":"","overlay-color":"","overlay-opacity":"","overlay-gradient":""}},"ast-content-background-meta":{"desktop":{"background-color":"var(--ast-global-color-5)","background-image":"","background-repeat":"repeat","background-position":"center center","background-size":"auto","background-attachment":"scroll","background-type":"","background-media":"","overlay-type":"","overlay-color":"","overlay-opacity":"","overlay-gradient":""},"tablet":{"background-color":"var(--ast-global-color-5)","background-image":"","background-repeat":"repeat","background-position":"center center","background-size":"auto","background-attachment":"scroll","background-type":"","background-media":"","overlay-type":"","overlay-color":"","overlay-opacity":"","overlay-gradient":""},"mobile":{"background-color":"var(--ast-global-color-5)","background-image":"","background-repeat":"repeat","background-position":"center center","background-size":"auto","background-attachment":"scroll","background-type":"","background-media":"","overlay-type":"","overlay-color":"","overlay-opacity":"","overlay-gradient":""}}},"product_brand":[],"product_cat":[49,51,27],"product_tag":[],"class_list":{"0":"post-1850","1":"product","2":"type-product","3":"status-publish","4":"has-post-thumbnail","6":"product_cat-clinic-treatment","7":"product_cat-pink","8":"product_cat-products","9":"desktop-align-center","10":"tablet-align-left","11":"mobile-align-left","13":"first","14":"instock","15":"shipping-taxable","16":"product-type-simple"},"_links":{"self":[{"href":"https:\/\/theraderm.vn\/vi\/wp-json\/wp\/v2\/product\/1850","targetHints":{"allow":["GET"]}}],"collection":[{"href":"https:\/\/theraderm.vn\/vi\/wp-json\/wp\/v2\/product"}],"about":[{"href":"https:\/\/theraderm.vn\/vi\/wp-json\/wp\/v2\/types\/product"}],"replies":[{"embeddable":true,"href":"https:\/\/theraderm.vn\/vi\/wp-json\/wp\/v2\/comments?post=1850"}],"wp:featuredmedia":[{"embeddable":true,"href":"https:\/\/theraderm.vn\/vi\/wp-json\/wp\/v2\/media\/2652"}],"wp:attachment":[{"href":"https:\/\/theraderm.vn\/vi\/wp-json\/wp\/v2\/media?parent=1850"}],"wp:term":[{"taxonomy":"product_brand","embeddable":true,"href":"https:\/\/theraderm.vn\/vi\/wp-json\/wp\/v2\/product_brand?post=1850"},{"taxonomy":"product_cat","embeddable":true,"href":"https:\/\/theraderm.vn\/vi\/wp-json\/wp\/v2\/product_cat?post=1850"},{"taxonomy":"product_tag","embeddable":true,"href":"https:\/\/theraderm.vn\/vi\/wp-json\/wp\/v2\/product_tag?post=1850"}],"curies":[{"name":"wp","href":"https:\/\/api.w.org\/{rel}","templated":true}]}}