{"id":1862,"date":"2025-11-05T08:53:37","date_gmt":"2025-11-05T08:53:37","guid":{"rendered":"http:\/\/theraderm.vn\/?post_type=product&#038;p=1862"},"modified":"2025-12-12T03:18:50","modified_gmt":"2025-12-12T03:18:50","slug":"pink-dd-smart-patch","status":"publish","type":"product","link":"https:\/\/theraderm.vn\/vi\/san-pham\/pink-dd-smart-patch\/","title":{"rendered":"M\u1eb7t n\u1ea1 Pink DD Smart"},"content":{"rendered":"<p><img fetchpriority=\"high\" decoding=\"async\" class=\"aligncenter size-full wp-image-2681\" src=\"http:\/\/theraderm.vn\/wp-content\/uploads\/2025\/12\/Pink-DD-Smart-Patch.jpg\" alt=\"pink dd smart patch\" width=\"4167\" height=\"49367\" \/><\/p>","protected":false},"excerpt":{"rendered":"<p>M\u1eb7t n\u1ea1 th\u00f4ng minh h\u1ed7 tr\u1ee3 d\u1eabn truy\u1ec1n ho\u1ea1t ch\u1ea5t th\u1ea9m th\u1ea5u s\u00e2u<\/p>\n<p>&nbsp;<\/p>\n<p>\u2713 Ch\u1ee9a th\u00e0nh ph\u1ea7n \u0111\u1ed9c quy\u1ec1n Theraderm (C\u00f4ng th\u1ee9c m\u1ef9 ph\u1ea9m ch\u1ed1ng l\u00e3o h\u00f3a da ho\u1eb7c c\u1ea3i thi\u1ec7n n\u1ebfp nh\u0103n da, bao g\u1ed3m gi\u1ea5m r\u1ec5 Kudzu v\u00e0 adenosine)<\/p>\n<p>M\u1eb7t n\u1ea1 th\u00f4ng minh Pink DD Smart \u0111\u01b0\u1ee3c b\u00e0o ch\u1ebf v\u1edbi chi\u1ebft xu\u1ea5t Kudzu (S\u1eafn d\u00e2y) n\u1ed3ng \u0111\u1ed9 cao, ch\u1ee9a c\u00e1c th\u00e0nh ph\u1ea7n ho\u1ea1t t\u00ednh gi\u00fap t\u00e1i t\u1ea1o v\u00e0 ph\u1ee5c h\u1ed3i \u0111\u1ed9 \u0111\u00e0n h\u1ed3i cho l\u00e0n da x\u1ec9n m\u00e0u, t\u00e1i l\u1eadp c\u1ea5u tr\u00fac da \u0111\u1ec3 mang l\u1ea1i l\u00e0n da kh\u1ecfe m\u1ea1nh v\u00e0 s\u0103n ch\u1eafc.<\/p>\n<p>\u0110\u01a1n v\u1ecb: 12 c\u00e1i<\/p>","protected":false},"featured_media":2650,"comment_status":"open","ping_status":"closed","template":"","meta":{"site-sidebar-layout":"default","site-content-layout":"","ast-site-content-layout":"default","site-content-style":"default","site-sidebar-style":"default","ast-global-header-display":"","ast-banner-title-visibility":"","ast-main-header-display":"","ast-hfb-above-header-display":"","ast-hfb-below-header-display":"","ast-hfb-mobile-header-display":"","site-post-title":"","ast-breadcrumbs-content":"","ast-featured-img":"","footer-sml-layout":"","ast-disable-related-posts":"","theme-transparent-header-meta":"default","adv-header-id-meta":"","stick-header-meta":"","header-above-stick-meta":"","header-main-stick-meta":"","header-below-stick-meta":"","astra-migrate-meta-layouts":"set","ast-page-background-enabled":"default","ast-page-background-meta":{"desktop":{"background-color":"","background-image":"","background-repeat":"repeat","background-position":"center center","background-size":"auto","background-attachment":"scroll","background-type":"","background-media":"","overlay-type":"","overlay-color":"","overlay-opacity":"","overlay-gradient":""},"tablet":{"background-color":"","background-image":"","background-repeat":"repeat","background-position":"center center","background-size":"auto","background-attachment":"scroll","background-type":"","background-media":"","overlay-type":"","overlay-color":"","overlay-opacity":"","overlay-gradient":""},"mobile":{"background-color":"","background-image":"","background-repeat":"repeat","background-position":"center center","background-size":"auto","background-attachment":"scroll","background-type":"","background-media":"","overlay-type":"","overlay-color":"","overlay-opacity":"","overlay-gradient":""}},"ast-content-background-meta":{"desktop":{"background-color":"var(--ast-global-color-5)","background-image":"","background-repeat":"repeat","background-position":"center center","background-size":"auto","background-attachment":"scroll","background-type":"","background-media":"","overlay-type":"","overlay-color":"","overlay-opacity":"","overlay-gradient":""},"tablet":{"background-color":"var(--ast-global-color-5)","background-image":"","background-repeat":"repeat","background-position":"center center","background-size":"auto","background-attachment":"scroll","background-type":"","background-media":"","overlay-type":"","overlay-color":"","overlay-opacity":"","overlay-gradient":""},"mobile":{"background-color":"var(--ast-global-color-5)","background-image":"","background-repeat":"repeat","background-position":"center center","background-size":"auto","background-attachment":"scroll","background-type":"","background-media":"","overlay-type":"","overlay-color":"","overlay-opacity":"","overlay-gradient":""}}},"product_brand":[],"product_cat":[19,49,51,27],"product_tag":[],"class_list":{"0":"post-1862","1":"product","2":"type-product","3":"status-publish","4":"has-post-thumbnail","6":"product_cat-all","7":"product_cat-clinic-treatment","8":"product_cat-pink","9":"product_cat-products","10":"desktop-align-center","11":"tablet-align-left","12":"mobile-align-left","14":"first","15":"instock","16":"shipping-taxable","17":"purchasable","18":"product-type-simple"},"_links":{"self":[{"href":"https:\/\/theraderm.vn\/vi\/wp-json\/wp\/v2\/product\/1862","targetHints":{"allow":["GET"]}}],"collection":[{"href":"https:\/\/theraderm.vn\/vi\/wp-json\/wp\/v2\/product"}],"about":[{"href":"https:\/\/theraderm.vn\/vi\/wp-json\/wp\/v2\/types\/product"}],"replies":[{"embeddable":true,"href":"https:\/\/theraderm.vn\/vi\/wp-json\/wp\/v2\/comments?post=1862"}],"wp:featuredmedia":[{"embeddable":true,"href":"https:\/\/theraderm.vn\/vi\/wp-json\/wp\/v2\/media\/2650"}],"wp:attachment":[{"href":"https:\/\/theraderm.vn\/vi\/wp-json\/wp\/v2\/media?parent=1862"}],"wp:term":[{"taxonomy":"product_brand","embeddable":true,"href":"https:\/\/theraderm.vn\/vi\/wp-json\/wp\/v2\/product_brand?post=1862"},{"taxonomy":"product_cat","embeddable":true,"href":"https:\/\/theraderm.vn\/vi\/wp-json\/wp\/v2\/product_cat?post=1862"},{"taxonomy":"product_tag","embeddable":true,"href":"https:\/\/theraderm.vn\/vi\/wp-json\/wp\/v2\/product_tag?post=1862"}],"curies":[{"name":"wp","href":"https:\/\/api.w.org\/{rel}","templated":true}]}}