{"id":1884,"date":"2025-11-05T08:59:52","date_gmt":"2025-11-05T08:59:52","guid":{"rendered":"http:\/\/theraderm.vn\/?post_type=product&#038;p=1884"},"modified":"2025-12-12T03:17:26","modified_gmt":"2025-12-12T03:17:26","slug":"pink-magic-serum-120ml","status":"publish","type":"product","link":"https:\/\/theraderm.vn\/vi\/san-pham\/pink-magic-serum-120ml\/","title":{"rendered":"Tinh Ch\u1ea5t Pink Magic 120ml"},"content":{"rendered":"<p><img fetchpriority=\"high\" decoding=\"async\" class=\"aligncenter size-full wp-image-2684\" src=\"http:\/\/theraderm.vn\/wp-content\/uploads\/2025\/12\/Pink-Magic-Serum-.jpg\" alt=\"pink magic serum 120ml\" width=\"4180\" height=\"49913\" \/><\/p>","protected":false},"excerpt":{"rendered":"<p>Serum ph\u1ee9c h\u1ee3p n\u00e2ng c\u01a1 n\u1ed3ng \u0111\u1ed9 cao<\/p>\n<p>\u2713 Ch\u1ee9a th\u00e0nh ph\u1ea7n \u0111\u1ed9c quy\u1ec1n Theraderm (C\u00f4ng th\u1ee9c m\u1ef9 ph\u1ea9m ch\u1ed1ng l\u00e3o h\u00f3a da ho\u1eb7c c\u1ea3i thi\u1ec7n n\u1ebfp nh\u0103n da, bao g\u1ed3m gi\u1ea5m r\u1ec5 Kudzu v\u00e0 adenosine)<\/p>\n<p>Serum c\u00f4 \u0111\u1eb7c cao n\u00e0y ch\u1ee9a h\u01a1n 50% chi\u1ebft xu\u1ea5t \u0111\u1eadu n\u00e0nh (Pueraria lobata) c\u00f4 \u0111\u1eb7c, gi\u00fap t\u0103ng c\u01b0\u1eddng \u0111\u1ed9 \u0111\u00e0n h\u1ed3i c\u1ee7a da v\u00e0 mang l\u1ea1i hi\u1ec7u qu\u1ea3 n\u00e2ng c\u01a1. C\u00f4ng th\u1ee9c \u0111\u1ed9c \u0111\u00e1o c\u1ee7a s\u1ea3n ph\u1ea9m ch\u0103m s\u00f3c \u0111\u1ed3ng th\u1eddi t\u00f4ng m\u00e0u da v\u00e0 \u0111\u1ed9 \u0111\u00e0n h\u1ed3i, cung c\u1ea5p \u0111\u1ed9 \u1ea9m s\u00e2u v\u00e0 \u0111\u1ed9 s\u0103n ch\u1eafc cho da.<\/p>","protected":false},"featured_media":2651,"comment_status":"open","ping_status":"closed","template":"","meta":{"site-sidebar-layout":"default","site-content-layout":"","ast-site-content-layout":"default","site-content-style":"default","site-sidebar-style":"default","ast-global-header-display":"","ast-banner-title-visibility":"","ast-main-header-display":"","ast-hfb-above-header-display":"","ast-hfb-below-header-display":"","ast-hfb-mobile-header-display":"","site-post-title":"","ast-breadcrumbs-content":"","ast-featured-img":"","footer-sml-layout":"","ast-disable-related-posts":"","theme-transparent-header-meta":"default","adv-header-id-meta":"","stick-header-meta":"","header-above-stick-meta":"","header-main-stick-meta":"","header-below-stick-meta":"","astra-migrate-meta-layouts":"set","ast-page-background-enabled":"default","ast-page-background-meta":{"desktop":{"background-color":"","background-image":"","background-repeat":"repeat","background-position":"center center","background-size":"auto","background-attachment":"scroll","background-type":"","background-media":"","overlay-type":"","overlay-color":"","overlay-opacity":"","overlay-gradient":""},"tablet":{"background-color":"","background-image":"","background-repeat":"repeat","background-position":"center center","background-size":"auto","background-attachment":"scroll","background-type":"","background-media":"","overlay-type":"","overlay-color":"","overlay-opacity":"","overlay-gradient":""},"mobile":{"background-color":"","background-image":"","background-repeat":"repeat","background-position":"center center","background-size":"auto","background-attachment":"scroll","background-type":"","background-media":"","overlay-type":"","overlay-color":"","overlay-opacity":"","overlay-gradient":""}},"ast-content-background-meta":{"desktop":{"background-color":"var(--ast-global-color-5)","background-image":"","background-repeat":"repeat","background-position":"center center","background-size":"auto","background-attachment":"scroll","background-type":"","background-media":"","overlay-type":"","overlay-color":"","overlay-opacity":"","overlay-gradient":""},"tablet":{"background-color":"var(--ast-global-color-5)","background-image":"","background-repeat":"repeat","background-position":"center center","background-size":"auto","background-attachment":"scroll","background-type":"","background-media":"","overlay-type":"","overlay-color":"","overlay-opacity":"","overlay-gradient":""},"mobile":{"background-color":"var(--ast-global-color-5)","background-image":"","background-repeat":"repeat","background-position":"center center","background-size":"auto","background-attachment":"scroll","background-type":"","background-media":"","overlay-type":"","overlay-color":"","overlay-opacity":"","overlay-gradient":""}}},"product_brand":[],"product_cat":[19,49,51,27],"product_tag":[],"class_list":{"0":"post-1884","1":"product","2":"type-product","3":"status-publish","4":"has-post-thumbnail","6":"product_cat-all","7":"product_cat-clinic-treatment","8":"product_cat-pink","9":"product_cat-products","10":"desktop-align-center","11":"tablet-align-left","12":"mobile-align-left","14":"first","15":"instock","16":"shipping-taxable","17":"purchasable","18":"product-type-simple"},"_links":{"self":[{"href":"https:\/\/theraderm.vn\/vi\/wp-json\/wp\/v2\/product\/1884","targetHints":{"allow":["GET"]}}],"collection":[{"href":"https:\/\/theraderm.vn\/vi\/wp-json\/wp\/v2\/product"}],"about":[{"href":"https:\/\/theraderm.vn\/vi\/wp-json\/wp\/v2\/types\/product"}],"replies":[{"embeddable":true,"href":"https:\/\/theraderm.vn\/vi\/wp-json\/wp\/v2\/comments?post=1884"}],"wp:featuredmedia":[{"embeddable":true,"href":"https:\/\/theraderm.vn\/vi\/wp-json\/wp\/v2\/media\/2651"}],"wp:attachment":[{"href":"https:\/\/theraderm.vn\/vi\/wp-json\/wp\/v2\/media?parent=1884"}],"wp:term":[{"taxonomy":"product_brand","embeddable":true,"href":"https:\/\/theraderm.vn\/vi\/wp-json\/wp\/v2\/product_brand?post=1884"},{"taxonomy":"product_cat","embeddable":true,"href":"https:\/\/theraderm.vn\/vi\/wp-json\/wp\/v2\/product_cat?post=1884"},{"taxonomy":"product_tag","embeddable":true,"href":"https:\/\/theraderm.vn\/vi\/wp-json\/wp\/v2\/product_tag?post=1884"}],"curies":[{"name":"wp","href":"https:\/\/api.w.org\/{rel}","templated":true}]}}