{"id":1911,"date":"2025-11-05T09:12:10","date_gmt":"2025-11-05T09:12:10","guid":{"rendered":"http:\/\/theraderm.vn\/?post_type=product&#038;p=1911"},"modified":"2025-12-12T03:17:11","modified_gmt":"2025-12-12T03:17:11","slug":"yes-solution-50ml","status":"publish","type":"product","link":"https:\/\/theraderm.vn\/vi\/san-pham\/yes-solution-50ml\/","title":{"rendered":"Yes Solution 50ml"},"content":{"rendered":"<p><img fetchpriority=\"high\" decoding=\"async\" class=\"aligncenter size-full wp-image-1912\" src=\"http:\/\/theraderm.vn\/wp-content\/uploads\/2025\/12\/Yes-Solution-.jpg\" alt=\"yes solution 50ml-product description\" width=\"1000\" height=\"15568\" \/><\/p>","protected":false},"excerpt":{"rendered":"<p>Peel d\u01b0\u1ee1ng \u1ea9m gi\u00fap c\u1ee7ng c\u1ed1 h\u00e0ng r\u00e0o b\u1ea3o v\u1ec7 da<\/p>\n<p>\u2713 Ch\u1ee9a th\u00e0nh ph\u1ea7n \u0111\u1ed9c quy\u1ec1n c\u1ee7a Theraderm\n(Th\u00e0nh ph\u1ea7n m\u1ef9 ph\u1ea9m g\u1ed3m b\u01a1 h\u1ea1t m\u1ee1 l\u00ean men v\u00e0 exosome chi\u1ebft xu\u1ea5t t\u1eeb vi khu\u1ea9n axit lactic)<\/p>\n<p>Th\u00e0nh ph\u1ea7n \u0111\u01b0\u1ee3c c\u1ea5p b\u1eb1ng s\u00e1ng ch\u1ebf, \u0111\u01b0\u1ee3c ph\u00e1t tri\u1ec3n th\u00f4ng qua c\u00f4ng ngh\u1ec7 l\u00ean men v\u00e0 c\u00f4ng ngh\u1ec7 sinh h\u1ecdc, k\u1ebft h\u1ee3p axit b\u00e9o thi\u1ebft y\u1ebfu t\u1eeb b\u01a1 h\u1ea1t m\u1ee1 v\u1edbi Probiotics, gi\u00fap ph\u1ee5c h\u1ed3i h\u00e0ng r\u00e0o b\u1ea3o v\u1ec7 da b\u1ecb h\u01b0 t\u1ed5n v\u00e0 nh\u1ea1y c\u1ea3m. Yes Solution gi\u00fap c\u1ee7ng c\u1ed1 h\u1ec7 th\u1ed1ng ph\u00f2ng th\u1ee7 t\u1ef1 nhi\u00ean c\u1ee7a da, h\u1ed7 tr\u1ee3 qu\u00e1 tr\u00ecnh ph\u1ee5c h\u1ed3i \u0111\u1ec3 c\u00f3 l\u00e0n da kh\u1ecfe m\u1ea1nh v\u00e0 s\u0103n ch\u1eafc h\u01a1n.<\/p>","protected":false},"featured_media":2663,"comment_status":"open","ping_status":"closed","template":"","meta":{"site-sidebar-layout":"default","site-content-layout":"","ast-site-content-layout":"default","site-content-style":"default","site-sidebar-style":"default","ast-global-header-display":"","ast-banner-title-visibility":"","ast-main-header-display":"","ast-hfb-above-header-display":"","ast-hfb-below-header-display":"","ast-hfb-mobile-header-display":"","site-post-title":"","ast-breadcrumbs-content":"","ast-featured-img":"","footer-sml-layout":"","ast-disable-related-posts":"","theme-transparent-header-meta":"default","adv-header-id-meta":"","stick-header-meta":"","header-above-stick-meta":"","header-main-stick-meta":"","header-below-stick-meta":"","astra-migrate-meta-layouts":"set","ast-page-background-enabled":"default","ast-page-background-meta":{"desktop":{"background-color":"","background-image":"","background-repeat":"repeat","background-position":"center center","background-size":"auto","background-attachment":"scroll","background-type":"","background-media":"","overlay-type":"","overlay-color":"","overlay-opacity":"","overlay-gradient":""},"tablet":{"background-color":"","background-image":"","background-repeat":"repeat","background-position":"center center","background-size":"auto","background-attachment":"scroll","background-type":"","background-media":"","overlay-type":"","overlay-color":"","overlay-opacity":"","overlay-gradient":""},"mobile":{"background-color":"","background-image":"","background-repeat":"repeat","background-position":"center center","background-size":"auto","background-attachment":"scroll","background-type":"","background-media":"","overlay-type":"","overlay-color":"","overlay-opacity":"","overlay-gradient":""}},"ast-content-background-meta":{"desktop":{"background-color":"var(--ast-global-color-5)","background-image":"","background-repeat":"repeat","background-position":"center center","background-size":"auto","background-attachment":"scroll","background-type":"","background-media":"","overlay-type":"","overlay-color":"","overlay-opacity":"","overlay-gradient":""},"tablet":{"background-color":"var(--ast-global-color-5)","background-image":"","background-repeat":"repeat","background-position":"center center","background-size":"auto","background-attachment":"scroll","background-type":"","background-media":"","overlay-type":"","overlay-color":"","overlay-opacity":"","overlay-gradient":""},"mobile":{"background-color":"var(--ast-global-color-5)","background-image":"","background-repeat":"repeat","background-position":"center center","background-size":"auto","background-attachment":"scroll","background-type":"","background-media":"","overlay-type":"","overlay-color":"","overlay-opacity":"","overlay-gradient":""}}},"product_brand":[],"product_cat":[19,49,27,53],"product_tag":[],"class_list":{"0":"post-1911","1":"product","2":"type-product","3":"status-publish","4":"has-post-thumbnail","6":"product_cat-all","7":"product_cat-clinic-treatment","8":"product_cat-products","9":"product_cat-yes","10":"desktop-align-center","11":"tablet-align-left","12":"mobile-align-left","14":"first","15":"instock","16":"shipping-taxable","17":"purchasable","18":"product-type-simple"},"_links":{"self":[{"href":"https:\/\/theraderm.vn\/vi\/wp-json\/wp\/v2\/product\/1911","targetHints":{"allow":["GET"]}}],"collection":[{"href":"https:\/\/theraderm.vn\/vi\/wp-json\/wp\/v2\/product"}],"about":[{"href":"https:\/\/theraderm.vn\/vi\/wp-json\/wp\/v2\/types\/product"}],"replies":[{"embeddable":true,"href":"https:\/\/theraderm.vn\/vi\/wp-json\/wp\/v2\/comments?post=1911"}],"wp:featuredmedia":[{"embeddable":true,"href":"https:\/\/theraderm.vn\/vi\/wp-json\/wp\/v2\/media\/2663"}],"wp:attachment":[{"href":"https:\/\/theraderm.vn\/vi\/wp-json\/wp\/v2\/media?parent=1911"}],"wp:term":[{"taxonomy":"product_brand","embeddable":true,"href":"https:\/\/theraderm.vn\/vi\/wp-json\/wp\/v2\/product_brand?post=1911"},{"taxonomy":"product_cat","embeddable":true,"href":"https:\/\/theraderm.vn\/vi\/wp-json\/wp\/v2\/product_cat?post=1911"},{"taxonomy":"product_tag","embeddable":true,"href":"https:\/\/theraderm.vn\/vi\/wp-json\/wp\/v2\/product_tag?post=1911"}],"curies":[{"name":"wp","href":"https:\/\/api.w.org\/{rel}","templated":true}]}}