{"id":1914,"date":"2025-11-05T09:13:59","date_gmt":"2025-11-05T09:13:59","guid":{"rendered":"http:\/\/theraderm.vn\/?post_type=product&#038;p=1914"},"modified":"2025-12-19T13:42:53","modified_gmt":"2025-12-19T06:42:53","slug":"yes-mask","status":"publish","type":"product","link":"https:\/\/theraderm.vn\/vi\/san-pham\/yes-mask\/","title":{"rendered":"M\u1eb7t n\u1ea1 yes"},"content":{"rendered":"<p><img fetchpriority=\"high\" decoding=\"async\" class=\"aligncenter size-full wp-image-2926\" src=\"https:\/\/theraderm.vn\/wp-content\/uploads\/2026\/01\/YES_MASK_vertical.jpg\" alt=\"\" width=\"2083\" height=\"33434\" \/><\/p>","protected":false},"excerpt":{"rendered":"<p>M\u1eb7t n\u1ea1 kh\u00f4ng g\u00e2y k\u00edch \u1ee9ng d\u00e0nh cho da nh\u1ea1y c\u1ea3m, gi\u00fap ph\u1ee5c h\u1ed3i v\u00e0 l\u00e0m d\u1ecbu da.<\/p>\n<p>M\u1eb7t n\u1ea1 kh\u00f4ng g\u00e2y k\u00edch \u1ee9ng n\u00e0y k\u1ebft h\u1ee3p polymer chitosan t\u1ef1 nhi\u00ean v\u00e0 exosome chi\u1ebft xu\u1ea5t t\u1eeb b\u01a1 h\u1ea1t m\u1ee1 \u0111\u1ec3 c\u1ea5p \u1ea9m cho da v\u00e0 k\u00edch ho\u1ea1t qu\u00e1 tr\u00ecnh t\u00e1i t\u1ea1o da.<\/p>\n<p>M\u1eb7t n\u1ea1 gi\u00fap lo\u1ea1i b\u1ecf t\u1ea1p ch\u1ea5t tr\u00ean da v\u00e0 h\u1ea5p th\u1ee5 c\u00e1c ch\u1ea5t \u0111\u1ed9c h\u1ea1i, gi\u00fap da s\u1ea1ch s\u1ebd v\u00e0 kh\u1ecfe m\u1ea1nh.<\/p>\n<p>\u0110\u01a1n v\u1ecb: 25 c\u00e1i<\/p>","protected":false},"featured_media":2661,"comment_status":"open","ping_status":"closed","template":"","meta":{"site-sidebar-layout":"default","site-content-layout":"","ast-site-content-layout":"default","site-content-style":"default","site-sidebar-style":"default","ast-global-header-display":"","ast-banner-title-visibility":"","ast-main-header-display":"","ast-hfb-above-header-display":"","ast-hfb-below-header-display":"","ast-hfb-mobile-header-display":"","site-post-title":"","ast-breadcrumbs-content":"","ast-featured-img":"","footer-sml-layout":"","ast-disable-related-posts":"","theme-transparent-header-meta":"default","adv-header-id-meta":"","stick-header-meta":"","header-above-stick-meta":"","header-main-stick-meta":"","header-below-stick-meta":"","astra-migrate-meta-layouts":"set","ast-page-background-enabled":"default","ast-page-background-meta":{"desktop":{"background-color":"","background-image":"","background-repeat":"repeat","background-position":"center center","background-size":"auto","background-attachment":"scroll","background-type":"","background-media":"","overlay-type":"","overlay-color":"","overlay-opacity":"","overlay-gradient":""},"tablet":{"background-color":"","background-image":"","background-repeat":"repeat","background-position":"center center","background-size":"auto","background-attachment":"scroll","background-type":"","background-media":"","overlay-type":"","overlay-color":"","overlay-opacity":"","overlay-gradient":""},"mobile":{"background-color":"","background-image":"","background-repeat":"repeat","background-position":"center center","background-size":"auto","background-attachment":"scroll","background-type":"","background-media":"","overlay-type":"","overlay-color":"","overlay-opacity":"","overlay-gradient":""}},"ast-content-background-meta":{"desktop":{"background-color":"var(--ast-global-color-5)","background-image":"","background-repeat":"repeat","background-position":"center center","background-size":"auto","background-attachment":"scroll","background-type":"","background-media":"","overlay-type":"","overlay-color":"","overlay-opacity":"","overlay-gradient":""},"tablet":{"background-color":"var(--ast-global-color-5)","background-image":"","background-repeat":"repeat","background-position":"center center","background-size":"auto","background-attachment":"scroll","background-type":"","background-media":"","overlay-type":"","overlay-color":"","overlay-opacity":"","overlay-gradient":""},"mobile":{"background-color":"var(--ast-global-color-5)","background-image":"","background-repeat":"repeat","background-position":"center center","background-size":"auto","background-attachment":"scroll","background-type":"","background-media":"","overlay-type":"","overlay-color":"","overlay-opacity":"","overlay-gradient":""}}},"product_brand":[],"product_cat":[19,49,27,53],"product_tag":[],"class_list":{"0":"post-1914","1":"product","2":"type-product","3":"status-publish","4":"has-post-thumbnail","6":"product_cat-all","7":"product_cat-clinic-treatment","8":"product_cat-products","9":"product_cat-yes","10":"desktop-align-center","11":"tablet-align-left","12":"mobile-align-left","14":"first","15":"instock","16":"shipping-taxable","17":"purchasable","18":"product-type-simple"},"_links":{"self":[{"href":"https:\/\/theraderm.vn\/vi\/wp-json\/wp\/v2\/product\/1914","targetHints":{"allow":["GET"]}}],"collection":[{"href":"https:\/\/theraderm.vn\/vi\/wp-json\/wp\/v2\/product"}],"about":[{"href":"https:\/\/theraderm.vn\/vi\/wp-json\/wp\/v2\/types\/product"}],"replies":[{"embeddable":true,"href":"https:\/\/theraderm.vn\/vi\/wp-json\/wp\/v2\/comments?post=1914"}],"wp:featuredmedia":[{"embeddable":true,"href":"https:\/\/theraderm.vn\/vi\/wp-json\/wp\/v2\/media\/2661"}],"wp:attachment":[{"href":"https:\/\/theraderm.vn\/vi\/wp-json\/wp\/v2\/media?parent=1914"}],"wp:term":[{"taxonomy":"product_brand","embeddable":true,"href":"https:\/\/theraderm.vn\/vi\/wp-json\/wp\/v2\/product_brand?post=1914"},{"taxonomy":"product_cat","embeddable":true,"href":"https:\/\/theraderm.vn\/vi\/wp-json\/wp\/v2\/product_cat?post=1914"},{"taxonomy":"product_tag","embeddable":true,"href":"https:\/\/theraderm.vn\/vi\/wp-json\/wp\/v2\/product_tag?post=1914"}],"curies":[{"name":"wp","href":"https:\/\/api.w.org\/{rel}","templated":true}]}}