{"id":1916,"date":"2025-11-05T09:22:55","date_gmt":"2025-11-05T09:22:55","guid":{"rendered":"http:\/\/theraderm.vn\/?post_type=product&#038;p=1916"},"modified":"2025-11-15T02:28:26","modified_gmt":"2025-11-15T02:28:26","slug":"yes-cream-200ml","status":"publish","type":"product","link":"https:\/\/theraderm.vn\/vi\/san-pham\/yes-cream-200ml\/","title":{"rendered":"Yes Cream 200ml"},"content":{"rendered":"<p><img fetchpriority=\"high\" decoding=\"async\" class=\"aligncenter size-full wp-image-1918\" src=\"https:\/\/theraderm.vn\/wp-content\/uploads\/2025\/12\/Yes-Cream-.png\" alt=\"yes cream 200ml-product description\" width=\"1000\" height=\"10507\" \/><\/p>","protected":false},"excerpt":{"rendered":"<p data-start=\"37\" data-end=\"119\">Kem d\u01b0\u1ee1ng \u1ea9m gi\u00fap c\u1ee7ng c\u1ed1 h\u00e0ng r\u00e0o b\u1ea3o v\u1ec7 da v\u00e0 l\u00e0m d\u1ecbu da nh\u1ea1y c\u1ea3m.<\/p>\n<p data-start=\"121\" data-end=\"264\">\u2713 Ch\u1ee9a th\u00e0nh ph\u1ea7n Theraderm \u0111\u00e3 \u0111\u01b0\u1ee3c c\u1ea5p b\u1eb1ng s\u00e1ng ch\u1ebf (chi\u1ebft xu\u1ea5t t\u1eeb b\u01a1 h\u1ea1t m\u1ee1 l\u00ean men ch\u1ee9a Probiotics \u0111\u00e3 \u0111\u01b0\u1ee3c c\u1ea5p b\u1eb1ng s\u00e1ng ch\u1ebf \u0111\u1ed9c quy\u1ec1n)<br data-start=\"227\" data-end=\"230\" \/>\u2713 \u0110\u00e3 ho\u00e0n th\u00e0nh th\u1eed nghi\u1ec7m k\u00edch \u1ee9ng da<\/p>\n<p data-start=\"266\" data-end=\"537\" data-is-last-node=\"\" data-is-only-node=\"\">Yes Cream ch\u1ee9a chi\u1ebft xu\u1ea5t Probiotic t\u1eeb b\u01a1 h\u1ea1t m\u1ee1 l\u00ean men, exosome probiotic t\u1eeb b\u01a1 h\u1ea1t m\u1ee1 v\u00e0 ceramide Moringa.<br data-start=\"380\" data-end=\"383\" \/>N\u00f3 gi\u00fap kh\u00f4i ph\u1ee5c s\u1ef1 c\u00e2n b\u1eb1ng t\u1ef1 nhi\u00ean c\u1ee7a h\u1ec7 vi sinh v\u1eadt tr\u00ean da, t\u0103ng c\u01b0\u1eddng kh\u1ea3 n\u0103ng gi\u1eef \u1ea9m v\u00e0 t\u00e1i t\u1ea1o da, \u0111\u1ed3ng th\u1eddi th\u00fac \u0111\u1ea9y l\u00e0n da kh\u1ecfe m\u1ea1nh v\u00e0 \u0111\u00e0n h\u1ed3i h\u01a1n.<\/p>","protected":false},"featured_media":2662,"comment_status":"open","ping_status":"closed","template":"","meta":{"site-sidebar-layout":"default","site-content-layout":"","ast-site-content-layout":"default","site-content-style":"default","site-sidebar-style":"default","ast-global-header-display":"","ast-banner-title-visibility":"","ast-main-header-display":"","ast-hfb-above-header-display":"","ast-hfb-below-header-display":"","ast-hfb-mobile-header-display":"","site-post-title":"","ast-breadcrumbs-content":"","ast-featured-img":"","footer-sml-layout":"","ast-disable-related-posts":"","theme-transparent-header-meta":"default","adv-header-id-meta":"","stick-header-meta":"","header-above-stick-meta":"","header-main-stick-meta":"","header-below-stick-meta":"","astra-migrate-meta-layouts":"set","ast-page-background-enabled":"default","ast-page-background-meta":{"desktop":{"background-color":"","background-image":"","background-repeat":"repeat","background-position":"center center","background-size":"auto","background-attachment":"scroll","background-type":"","background-media":"","overlay-type":"","overlay-color":"","overlay-opacity":"","overlay-gradient":""},"tablet":{"background-color":"","background-image":"","background-repeat":"repeat","background-position":"center center","background-size":"auto","background-attachment":"scroll","background-type":"","background-media":"","overlay-type":"","overlay-color":"","overlay-opacity":"","overlay-gradient":""},"mobile":{"background-color":"","background-image":"","background-repeat":"repeat","background-position":"center center","background-size":"auto","background-attachment":"scroll","background-type":"","background-media":"","overlay-type":"","overlay-color":"","overlay-opacity":"","overlay-gradient":""}},"ast-content-background-meta":{"desktop":{"background-color":"var(--ast-global-color-5)","background-image":"","background-repeat":"repeat","background-position":"center center","background-size":"auto","background-attachment":"scroll","background-type":"","background-media":"","overlay-type":"","overlay-color":"","overlay-opacity":"","overlay-gradient":""},"tablet":{"background-color":"var(--ast-global-color-5)","background-image":"","background-repeat":"repeat","background-position":"center center","background-size":"auto","background-attachment":"scroll","background-type":"","background-media":"","overlay-type":"","overlay-color":"","overlay-opacity":"","overlay-gradient":""},"mobile":{"background-color":"var(--ast-global-color-5)","background-image":"","background-repeat":"repeat","background-position":"center center","background-size":"auto","background-attachment":"scroll","background-type":"","background-media":"","overlay-type":"","overlay-color":"","overlay-opacity":"","overlay-gradient":""}}},"product_brand":[],"product_cat":[19,49,27,53],"product_tag":[],"class_list":{"0":"post-1916","1":"product","2":"type-product","3":"status-publish","4":"has-post-thumbnail","6":"product_cat-all","7":"product_cat-clinic-treatment","8":"product_cat-products","9":"product_cat-yes","10":"desktop-align-center","11":"tablet-align-left","12":"mobile-align-left","14":"first","15":"instock","16":"shipping-taxable","17":"product-type-simple"},"_links":{"self":[{"href":"https:\/\/theraderm.vn\/vi\/wp-json\/wp\/v2\/product\/1916","targetHints":{"allow":["GET"]}}],"collection":[{"href":"https:\/\/theraderm.vn\/vi\/wp-json\/wp\/v2\/product"}],"about":[{"href":"https:\/\/theraderm.vn\/vi\/wp-json\/wp\/v2\/types\/product"}],"replies":[{"embeddable":true,"href":"https:\/\/theraderm.vn\/vi\/wp-json\/wp\/v2\/comments?post=1916"}],"wp:featuredmedia":[{"embeddable":true,"href":"https:\/\/theraderm.vn\/vi\/wp-json\/wp\/v2\/media\/2662"}],"wp:attachment":[{"href":"https:\/\/theraderm.vn\/vi\/wp-json\/wp\/v2\/media?parent=1916"}],"wp:term":[{"taxonomy":"product_brand","embeddable":true,"href":"https:\/\/theraderm.vn\/vi\/wp-json\/wp\/v2\/product_brand?post=1916"},{"taxonomy":"product_cat","embeddable":true,"href":"https:\/\/theraderm.vn\/vi\/wp-json\/wp\/v2\/product_cat?post=1916"},{"taxonomy":"product_tag","embeddable":true,"href":"https:\/\/theraderm.vn\/vi\/wp-json\/wp\/v2\/product_tag?post=1916"}],"curies":[{"name":"wp","href":"https:\/\/api.w.org\/{rel}","templated":true}]}}