{"id":1920,"date":"2025-11-05T09:32:24","date_gmt":"2025-11-05T09:32:24","guid":{"rendered":"http:\/\/theraderm.vn\/?post_type=product&#038;p=1920"},"modified":"2025-12-19T11:42:42","modified_gmt":"2025-12-19T04:42:42","slug":"pink-magic-cream-50ml","status":"publish","type":"product","link":"https:\/\/theraderm.vn\/vi\/san-pham\/pink-magic-cream-50ml\/","title":{"rendered":"Kem Pink Magic 50ml"},"content":{"rendered":"<p><img fetchpriority=\"high\" decoding=\"async\" class=\"aligncenter size-full wp-image-2880\" src=\"https:\/\/theraderm.vn\/wp-content\/uploads\/2025\/12\/Pink-Magic-Cream-1-1.jpg\" alt=\"\" width=\"2083\" height=\"30699\" \/><\/p>","protected":false},"excerpt":{"rendered":"<p>Kem t\u00e1i t\u1ea1o c\u1ea5u tr\u00fac da \u1ee9ng d\u1ee5ng c\u00f4ng ngh\u1ec7 Shape Memory Polymer (SMP)<\/p>\n<p>D\u01b0\u1ee3c m\u1ef9 ph\u1ea9m c\u00f4ng d\u1ee5ng k\u00e9p h\u1ed7 tr\u1ee3 l\u00e0m s\u00e1ng da v\u00e0 c\u1ea3i thi\u1ec7n n\u1ebfp nh\u0103n<\/p>\n<p>Pink Magic v\u1edbi chi\u1ebft xu\u1ea5t kudzu (S\u1eafn d\u00e2y) n\u1ed3ng \u0111\u1ed9 cao v\u00e0 c\u00e1c th\u00e0nh ph\u1ea7n n\u00e2ng c\u01a1, gi\u00fap t\u0103ng c\u01b0\u1eddng \u0111\u1ed9 s\u0103n ch\u1eafc v\u00e0 \u0111\u00e0n h\u1ed3i c\u1ee7a da nh\u1edd c\u00f4ng th\u1ee9c nh\u1edb h\u00ecnh, mang l\u1ea1i l\u00e0n da m\u1ecbn m\u00e0ng v\u00e0 t\u01b0\u01a1i tr\u1ebb h\u01a1n.<\/p>","protected":false},"featured_media":2649,"comment_status":"open","ping_status":"closed","template":"","meta":{"site-sidebar-layout":"default","site-content-layout":"","ast-site-content-layout":"default","site-content-style":"default","site-sidebar-style":"default","ast-global-header-display":"","ast-banner-title-visibility":"","ast-main-header-display":"","ast-hfb-above-header-display":"","ast-hfb-below-header-display":"","ast-hfb-mobile-header-display":"","site-post-title":"","ast-breadcrumbs-content":"","ast-featured-img":"","footer-sml-layout":"","ast-disable-related-posts":"","theme-transparent-header-meta":"default","adv-header-id-meta":"","stick-header-meta":"","header-above-stick-meta":"","header-main-stick-meta":"","header-below-stick-meta":"","astra-migrate-meta-layouts":"set","ast-page-background-enabled":"default","ast-page-background-meta":{"desktop":{"background-color":"","background-image":"","background-repeat":"repeat","background-position":"center center","background-size":"auto","background-attachment":"scroll","background-type":"","background-media":"","overlay-type":"","overlay-color":"","overlay-opacity":"","overlay-gradient":""},"tablet":{"background-color":"","background-image":"","background-repeat":"repeat","background-position":"center center","background-size":"auto","background-attachment":"scroll","background-type":"","background-media":"","overlay-type":"","overlay-color":"","overlay-opacity":"","overlay-gradient":""},"mobile":{"background-color":"","background-image":"","background-repeat":"repeat","background-position":"center center","background-size":"auto","background-attachment":"scroll","background-type":"","background-media":"","overlay-type":"","overlay-color":"","overlay-opacity":"","overlay-gradient":""}},"ast-content-background-meta":{"desktop":{"background-color":"var(--ast-global-color-5)","background-image":"","background-repeat":"repeat","background-position":"center center","background-size":"auto","background-attachment":"scroll","background-type":"","background-media":"","overlay-type":"","overlay-color":"","overlay-opacity":"","overlay-gradient":""},"tablet":{"background-color":"var(--ast-global-color-5)","background-image":"","background-repeat":"repeat","background-position":"center center","background-size":"auto","background-attachment":"scroll","background-type":"","background-media":"","overlay-type":"","overlay-color":"","overlay-opacity":"","overlay-gradient":""},"mobile":{"background-color":"var(--ast-global-color-5)","background-image":"","background-repeat":"repeat","background-position":"center center","background-size":"auto","background-attachment":"scroll","background-type":"","background-media":"","overlay-type":"","overlay-color":"","overlay-opacity":"","overlay-gradient":""}}},"product_brand":[],"product_cat":[19,55,27,54],"product_tag":[],"class_list":{"0":"post-1920","1":"product","2":"type-product","3":"status-publish","4":"has-post-thumbnail","6":"product_cat-all","7":"product_cat-cream-retail","8":"product_cat-products","9":"product_cat-retail","10":"desktop-align-center","11":"tablet-align-left","12":"mobile-align-left","14":"first","15":"instock","16":"shipping-taxable","17":"purchasable","18":"product-type-simple"},"_links":{"self":[{"href":"https:\/\/theraderm.vn\/vi\/wp-json\/wp\/v2\/product\/1920","targetHints":{"allow":["GET"]}}],"collection":[{"href":"https:\/\/theraderm.vn\/vi\/wp-json\/wp\/v2\/product"}],"about":[{"href":"https:\/\/theraderm.vn\/vi\/wp-json\/wp\/v2\/types\/product"}],"replies":[{"embeddable":true,"href":"https:\/\/theraderm.vn\/vi\/wp-json\/wp\/v2\/comments?post=1920"}],"wp:featuredmedia":[{"embeddable":true,"href":"https:\/\/theraderm.vn\/vi\/wp-json\/wp\/v2\/media\/2649"}],"wp:attachment":[{"href":"https:\/\/theraderm.vn\/vi\/wp-json\/wp\/v2\/media?parent=1920"}],"wp:term":[{"taxonomy":"product_brand","embeddable":true,"href":"https:\/\/theraderm.vn\/vi\/wp-json\/wp\/v2\/product_brand?post=1920"},{"taxonomy":"product_cat","embeddable":true,"href":"https:\/\/theraderm.vn\/vi\/wp-json\/wp\/v2\/product_cat?post=1920"},{"taxonomy":"product_tag","embeddable":true,"href":"https:\/\/theraderm.vn\/vi\/wp-json\/wp\/v2\/product_tag?post=1920"}],"curies":[{"name":"wp","href":"https:\/\/api.w.org\/{rel}","templated":true}]}}