{"id":1923,"date":"2025-11-05T09:40:33","date_gmt":"2025-11-05T09:40:33","guid":{"rendered":"http:\/\/theraderm.vn\/?post_type=product&#038;p=1923"},"modified":"2025-12-12T03:19:46","modified_gmt":"2025-12-12T03:19:46","slug":"de-mela-lightening-cream-50ml","status":"publish","type":"product","link":"https:\/\/theraderm.vn\/vi\/san-pham\/de-mela-lightening-cream-50ml\/","title":{"rendered":"Kem l\u00e0m s\u00e1ng da De Mela 50ml"},"content":{"rendered":"<p><img fetchpriority=\"high\" decoding=\"async\" class=\"aligncenter size-full wp-image-1925\" src=\"http:\/\/theraderm.vn\/wp-content\/uploads\/2025\/12\/De-Mela-Lightening-Cream-50ml.jpg\" alt=\"de mela lightening cream 50ml-product description\" width=\"1000\" height=\"13347\" \/><\/p>","protected":false},"excerpt":{"rendered":"<p>Kem l\u00e0m s\u00e1ng v\u00e0 d\u01b0\u1ee1ng \u1ea9m v\u1edbi 3 th\u00e0nh ph\u1ea7n Vitamin C<\/p>\n<p>D\u01b0\u1ee3c m\u1ef9 ph\u1ea9m c\u00f4ng d\u1ee5ng k\u00e9p h\u1ed7 tr\u1ee3 l\u00e0m s\u00e1ng da v\u00e0 c\u1ea3i thi\u1ec7n n\u1ebfp nh\u0103n<\/p>\n<p>S\u1ea3n ph\u1ea9m ch\u1ee9a th\u00e0nh ph\u1ea7n Tranexamic Acid (TXA), Vitamin C ba t\u00e1c \u0111\u1ed9ng v\u00e0 N\u01b0\u1edbc c\u00e2y Vitamin, mang l\u1ea1i hi\u1ec7u qu\u1ea3 l\u00e0m s\u00e1ng da t\u1ee9c th\u00ec m\u00e0 kh\u00f4ng g\u00e2y k\u00edch \u1ee9ng, \u0111\u1ed3ng th\u1eddi c\u1ea3i thi\u1ec7n t\u00f4ng m\u00e0u v\u00e0 k\u1ebft c\u1ea5u da.<\/p>","protected":false},"featured_media":2648,"comment_status":"open","ping_status":"closed","template":"","meta":{"site-sidebar-layout":"default","site-content-layout":"","ast-site-content-layout":"default","site-content-style":"default","site-sidebar-style":"default","ast-global-header-display":"","ast-banner-title-visibility":"","ast-main-header-display":"","ast-hfb-above-header-display":"","ast-hfb-below-header-display":"","ast-hfb-mobile-header-display":"","site-post-title":"","ast-breadcrumbs-content":"","ast-featured-img":"","footer-sml-layout":"","ast-disable-related-posts":"","theme-transparent-header-meta":"default","adv-header-id-meta":"","stick-header-meta":"","header-above-stick-meta":"","header-main-stick-meta":"","header-below-stick-meta":"","astra-migrate-meta-layouts":"set","ast-page-background-enabled":"default","ast-page-background-meta":{"desktop":{"background-color":"","background-image":"","background-repeat":"repeat","background-position":"center center","background-size":"auto","background-attachment":"scroll","background-type":"","background-media":"","overlay-type":"","overlay-color":"","overlay-opacity":"","overlay-gradient":""},"tablet":{"background-color":"","background-image":"","background-repeat":"repeat","background-position":"center center","background-size":"auto","background-attachment":"scroll","background-type":"","background-media":"","overlay-type":"","overlay-color":"","overlay-opacity":"","overlay-gradient":""},"mobile":{"background-color":"","background-image":"","background-repeat":"repeat","background-position":"center center","background-size":"auto","background-attachment":"scroll","background-type":"","background-media":"","overlay-type":"","overlay-color":"","overlay-opacity":"","overlay-gradient":""}},"ast-content-background-meta":{"desktop":{"background-color":"var(--ast-global-color-5)","background-image":"","background-repeat":"repeat","background-position":"center center","background-size":"auto","background-attachment":"scroll","background-type":"","background-media":"","overlay-type":"","overlay-color":"","overlay-opacity":"","overlay-gradient":""},"tablet":{"background-color":"var(--ast-global-color-5)","background-image":"","background-repeat":"repeat","background-position":"center center","background-size":"auto","background-attachment":"scroll","background-type":"","background-media":"","overlay-type":"","overlay-color":"","overlay-opacity":"","overlay-gradient":""},"mobile":{"background-color":"var(--ast-global-color-5)","background-image":"","background-repeat":"repeat","background-position":"center center","background-size":"auto","background-attachment":"scroll","background-type":"","background-media":"","overlay-type":"","overlay-color":"","overlay-opacity":"","overlay-gradient":""}}},"product_brand":[],"product_cat":[19,55,27,54],"product_tag":[],"class_list":{"0":"post-1923","1":"product","2":"type-product","3":"status-publish","4":"has-post-thumbnail","6":"product_cat-all","7":"product_cat-cream-retail","8":"product_cat-products","9":"product_cat-retail","10":"desktop-align-center","11":"tablet-align-left","12":"mobile-align-left","14":"first","15":"instock","16":"shipping-taxable","17":"purchasable","18":"product-type-simple"},"_links":{"self":[{"href":"https:\/\/theraderm.vn\/vi\/wp-json\/wp\/v2\/product\/1923","targetHints":{"allow":["GET"]}}],"collection":[{"href":"https:\/\/theraderm.vn\/vi\/wp-json\/wp\/v2\/product"}],"about":[{"href":"https:\/\/theraderm.vn\/vi\/wp-json\/wp\/v2\/types\/product"}],"replies":[{"embeddable":true,"href":"https:\/\/theraderm.vn\/vi\/wp-json\/wp\/v2\/comments?post=1923"}],"wp:featuredmedia":[{"embeddable":true,"href":"https:\/\/theraderm.vn\/vi\/wp-json\/wp\/v2\/media\/2648"}],"wp:attachment":[{"href":"https:\/\/theraderm.vn\/vi\/wp-json\/wp\/v2\/media?parent=1923"}],"wp:term":[{"taxonomy":"product_brand","embeddable":true,"href":"https:\/\/theraderm.vn\/vi\/wp-json\/wp\/v2\/product_brand?post=1923"},{"taxonomy":"product_cat","embeddable":true,"href":"https:\/\/theraderm.vn\/vi\/wp-json\/wp\/v2\/product_cat?post=1923"},{"taxonomy":"product_tag","embeddable":true,"href":"https:\/\/theraderm.vn\/vi\/wp-json\/wp\/v2\/product_tag?post=1923"}],"curies":[{"name":"wp","href":"https:\/\/api.w.org\/{rel}","templated":true}]}}