{"id":1929,"date":"2025-11-05T09:51:43","date_gmt":"2025-11-05T09:51:43","guid":{"rendered":"http:\/\/theraderm.vn\/?post_type=product&#038;p=1929"},"modified":"2025-12-12T03:20:52","modified_gmt":"2025-12-12T03:20:52","slug":"lypoaran-exo-ampoule-serum-50ml","status":"publish","type":"product","link":"https:\/\/theraderm.vn\/vi\/san-pham\/lypoaran-exo-ampoule-serum-50ml\/","title":{"rendered":"Lypoaran Exo Ampoule Serum 50ml"},"content":{"rendered":"<p><img fetchpriority=\"high\" decoding=\"async\" class=\"aligncenter size-full wp-image-1931\" src=\"http:\/\/theraderm.vn\/wp-content\/uploads\/2025\/11\/Lypoaran-Exo-Ampoule-Serum-50ml-1.png\" alt=\"lypoaran exo ampoule serum 50ml-product description\" width=\"874\" height=\"32768\" \/><\/p>","protected":false},"excerpt":{"rendered":"<p>Tinh ch\u1ea5t ampoule m\u1ea1nh m\u1ebd v\u1edbi th\u00e0nh ph\u1ea7n Alpha-Lipoic Acid v\u00e0 Exosome Kudzu<\/p>\n<p>D\u01b0\u1ee3c m\u1ef9 ph\u1ea9m c\u00f4ng d\u1ee5ng k\u00e9p h\u1ed7 tr\u1ee3 l\u00e0m s\u00e1ng da v\u00e0 c\u1ea3i thi\u1ec7n n\u1ebfp nh\u0103n<\/p>\n<p>\u2713 \u0110\u00e3 ho\u00e0n th\u00e0nh th\u1eed nghi\u1ec7m k\u00edch \u1ee9ng da<\/p>\n<p>\u2713 T\u00e1c d\u1ee5ng ch\u1ed1ng oxy h\u00f3a, T\u0103ng s\u1ea3n xu\u1ea5t elastin\/collagen<\/p>\n<p>\u2713 Hi\u1ec7u qu\u1ea3 ch\u1ed1ng oxy h\u00f3a k\u00e9o d\u00e0i 5 gi\u1edd - Th\u1eed nghi\u1ec7m \u0111\u00e3 ho\u00e0n th\u00e0nh<\/p>\n<p>Tinh ch\u1ea5t ampoule n\u00e0y k\u1ebft h\u1ee3p gi\u1eefa m\u1ed9t ampoule ch\u1ed1ng oxy h\u00f3a m\u1ea1nh m\u1ebd v\u00e0 m\u1ed9t serum ch\u1ee9a 23 Acid Amin, t\u1ed1i \u01b0u h\u00f3a hi\u1ec7u qu\u1ea3 \u0111\u1ec3 mang l\u1ea1i l\u00e0n da s\u00e1ng m\u1ecbn, t\u0103ng c\u01b0\u1eddng \u0111\u1ed9 \u0111\u00e0n h\u1ed3i v\u00e0 gi\u1ea3m c\u00e1c d\u1ea5u hi\u1ec7u l\u00e3o h\u00f3a.<\/p>","protected":false},"featured_media":2646,"comment_status":"open","ping_status":"closed","template":"","meta":{"site-sidebar-layout":"default","site-content-layout":"","ast-site-content-layout":"default","site-content-style":"default","site-sidebar-style":"default","ast-global-header-display":"","ast-banner-title-visibility":"","ast-main-header-display":"","ast-hfb-above-header-display":"","ast-hfb-below-header-display":"","ast-hfb-mobile-header-display":"","site-post-title":"","ast-breadcrumbs-content":"","ast-featured-img":"","footer-sml-layout":"","ast-disable-related-posts":"","theme-transparent-header-meta":"default","adv-header-id-meta":"","stick-header-meta":"","header-above-stick-meta":"","header-main-stick-meta":"","header-below-stick-meta":"","astra-migrate-meta-layouts":"set","ast-page-background-enabled":"default","ast-page-background-meta":{"desktop":{"background-color":"","background-image":"","background-repeat":"repeat","background-position":"center center","background-size":"auto","background-attachment":"scroll","background-type":"","background-media":"","overlay-type":"","overlay-color":"","overlay-opacity":"","overlay-gradient":""},"tablet":{"background-color":"","background-image":"","background-repeat":"repeat","background-position":"center center","background-size":"auto","background-attachment":"scroll","background-type":"","background-media":"","overlay-type":"","overlay-color":"","overlay-opacity":"","overlay-gradient":""},"mobile":{"background-color":"","background-image":"","background-repeat":"repeat","background-position":"center center","background-size":"auto","background-attachment":"scroll","background-type":"","background-media":"","overlay-type":"","overlay-color":"","overlay-opacity":"","overlay-gradient":""}},"ast-content-background-meta":{"desktop":{"background-color":"var(--ast-global-color-5)","background-image":"","background-repeat":"repeat","background-position":"center center","background-size":"auto","background-attachment":"scroll","background-type":"","background-media":"","overlay-type":"","overlay-color":"","overlay-opacity":"","overlay-gradient":""},"tablet":{"background-color":"var(--ast-global-color-5)","background-image":"","background-repeat":"repeat","background-position":"center center","background-size":"auto","background-attachment":"scroll","background-type":"","background-media":"","overlay-type":"","overlay-color":"","overlay-opacity":"","overlay-gradient":""},"mobile":{"background-color":"var(--ast-global-color-5)","background-image":"","background-repeat":"repeat","background-position":"center center","background-size":"auto","background-attachment":"scroll","background-type":"","background-media":"","overlay-type":"","overlay-color":"","overlay-opacity":"","overlay-gradient":""}}},"product_brand":[],"product_cat":[56,27,54],"product_tag":[],"class_list":{"0":"post-1929","1":"product","2":"type-product","3":"status-publish","4":"has-post-thumbnail","6":"product_cat-ampoule-serum-spot","7":"product_cat-products","8":"product_cat-retail","9":"desktop-align-center","10":"tablet-align-left","11":"mobile-align-left","13":"first","14":"instock","15":"shipping-taxable","16":"purchasable","17":"product-type-simple"},"_links":{"self":[{"href":"https:\/\/theraderm.vn\/vi\/wp-json\/wp\/v2\/product\/1929","targetHints":{"allow":["GET"]}}],"collection":[{"href":"https:\/\/theraderm.vn\/vi\/wp-json\/wp\/v2\/product"}],"about":[{"href":"https:\/\/theraderm.vn\/vi\/wp-json\/wp\/v2\/types\/product"}],"replies":[{"embeddable":true,"href":"https:\/\/theraderm.vn\/vi\/wp-json\/wp\/v2\/comments?post=1929"}],"wp:featuredmedia":[{"embeddable":true,"href":"https:\/\/theraderm.vn\/vi\/wp-json\/wp\/v2\/media\/2646"}],"wp:attachment":[{"href":"https:\/\/theraderm.vn\/vi\/wp-json\/wp\/v2\/media?parent=1929"}],"wp:term":[{"taxonomy":"product_brand","embeddable":true,"href":"https:\/\/theraderm.vn\/vi\/wp-json\/wp\/v2\/product_brand?post=1929"},{"taxonomy":"product_cat","embeddable":true,"href":"https:\/\/theraderm.vn\/vi\/wp-json\/wp\/v2\/product_cat?post=1929"},{"taxonomy":"product_tag","embeddable":true,"href":"https:\/\/theraderm.vn\/vi\/wp-json\/wp\/v2\/product_tag?post=1929"}],"curies":[{"name":"wp","href":"https:\/\/api.w.org\/{rel}","templated":true}]}}