{"id":1934,"date":"2025-11-05T10:02:30","date_gmt":"2025-11-05T10:02:30","guid":{"rendered":"http:\/\/theraderm.vn\/?post_type=product&#038;p=1934"},"modified":"2025-12-12T03:21:22","modified_gmt":"2025-12-12T03:21:22","slug":"k-tamin-repair-cream-20ml","status":"publish","type":"product","link":"https:\/\/theraderm.vn\/vi\/san-pham\/k-tamin-repair-cream-20ml\/","title":{"rendered":"Kem d\u01b0\u1ee1ng da K Tamin 20ml"},"content":{"rendered":"<p><img fetchpriority=\"high\" decoding=\"async\" class=\"aligncenter size-full wp-image-1936\" src=\"http:\/\/theraderm.vn\/wp-content\/uploads\/2025\/12\/K-Tamin-Repair-Cream-20ml.jpg\" alt=\"k tamin repair cream 20ml-product description\" width=\"1000\" height=\"10328\" \/><\/p>","protected":false},"excerpt":{"rendered":"<div class=\"info_top\">\n<div class=\"prd_desc\">\n<p>Kem l\u00e0m d\u1ecbu da sau khi t\u1ea9y da ch\u1ebft ho\u1eb7c \u0111i\u1ec1u tr\u1ecb laser<\/p>\n<p>\u2713 D\u01b0\u1ee3c m\u1ef9 ph\u1ea9m h\u1ed7 tr\u1ee3 c\u1ea3i thi\u1ec7n n\u1ebfp nh\u0103n<\/p>\n<p>S\u1ea3n ph\u1ea9m gi\u00fap nhanh ch\u00f3ng l\u00e0m d\u1ecbu l\u00e0n da b\u1ecb k\u00edch \u1ee9ng do t\u1ea9y da ch\u1ebft ho\u1eb7c \u0111i\u1ec1u tr\u1ecb b\u1eb1ng laser, l\u00e0m d\u1ecbu v\u00e0 ph\u1ee5c h\u1ed3i l\u00e0n da \u0111\u1ec3 qu\u00e1 tr\u00ecnh h\u1ed3i ph\u1ee5c di\u1ec5n ra nhanh h\u01a1n.<\/p>\n<\/div>\n<\/div>\n<p>&nbsp;<\/p>","protected":false},"featured_media":2645,"comment_status":"open","ping_status":"closed","template":"","meta":{"site-sidebar-layout":"default","site-content-layout":"","ast-site-content-layout":"default","site-content-style":"default","site-sidebar-style":"default","ast-global-header-display":"","ast-banner-title-visibility":"","ast-main-header-display":"","ast-hfb-above-header-display":"","ast-hfb-below-header-display":"","ast-hfb-mobile-header-display":"","site-post-title":"","ast-breadcrumbs-content":"","ast-featured-img":"","footer-sml-layout":"","ast-disable-related-posts":"","theme-transparent-header-meta":"default","adv-header-id-meta":"","stick-header-meta":"","header-above-stick-meta":"","header-main-stick-meta":"","header-below-stick-meta":"","astra-migrate-meta-layouts":"set","ast-page-background-enabled":"default","ast-page-background-meta":{"desktop":{"background-color":"","background-image":"","background-repeat":"repeat","background-position":"center center","background-size":"auto","background-attachment":"scroll","background-type":"","background-media":"","overlay-type":"","overlay-color":"","overlay-opacity":"","overlay-gradient":""},"tablet":{"background-color":"","background-image":"","background-repeat":"repeat","background-position":"center center","background-size":"auto","background-attachment":"scroll","background-type":"","background-media":"","overlay-type":"","overlay-color":"","overlay-opacity":"","overlay-gradient":""},"mobile":{"background-color":"","background-image":"","background-repeat":"repeat","background-position":"center center","background-size":"auto","background-attachment":"scroll","background-type":"","background-media":"","overlay-type":"","overlay-color":"","overlay-opacity":"","overlay-gradient":""}},"ast-content-background-meta":{"desktop":{"background-color":"var(--ast-global-color-5)","background-image":"","background-repeat":"repeat","background-position":"center center","background-size":"auto","background-attachment":"scroll","background-type":"","background-media":"","overlay-type":"","overlay-color":"","overlay-opacity":"","overlay-gradient":""},"tablet":{"background-color":"var(--ast-global-color-5)","background-image":"","background-repeat":"repeat","background-position":"center center","background-size":"auto","background-attachment":"scroll","background-type":"","background-media":"","overlay-type":"","overlay-color":"","overlay-opacity":"","overlay-gradient":""},"mobile":{"background-color":"var(--ast-global-color-5)","background-image":"","background-repeat":"repeat","background-position":"center center","background-size":"auto","background-attachment":"scroll","background-type":"","background-media":"","overlay-type":"","overlay-color":"","overlay-opacity":"","overlay-gradient":""}}},"product_brand":[],"product_cat":[19,55,27,54],"product_tag":[],"class_list":{"0":"post-1934","1":"product","2":"type-product","3":"status-publish","4":"has-post-thumbnail","6":"product_cat-all","7":"product_cat-cream-retail","8":"product_cat-products","9":"product_cat-retail","10":"desktop-align-center","11":"tablet-align-left","12":"mobile-align-left","14":"first","15":"instock","16":"shipping-taxable","17":"purchasable","18":"product-type-simple"},"_links":{"self":[{"href":"https:\/\/theraderm.vn\/vi\/wp-json\/wp\/v2\/product\/1934","targetHints":{"allow":["GET"]}}],"collection":[{"href":"https:\/\/theraderm.vn\/vi\/wp-json\/wp\/v2\/product"}],"about":[{"href":"https:\/\/theraderm.vn\/vi\/wp-json\/wp\/v2\/types\/product"}],"replies":[{"embeddable":true,"href":"https:\/\/theraderm.vn\/vi\/wp-json\/wp\/v2\/comments?post=1934"}],"wp:featuredmedia":[{"embeddable":true,"href":"https:\/\/theraderm.vn\/vi\/wp-json\/wp\/v2\/media\/2645"}],"wp:attachment":[{"href":"https:\/\/theraderm.vn\/vi\/wp-json\/wp\/v2\/media?parent=1934"}],"wp:term":[{"taxonomy":"product_brand","embeddable":true,"href":"https:\/\/theraderm.vn\/vi\/wp-json\/wp\/v2\/product_brand?post=1934"},{"taxonomy":"product_cat","embeddable":true,"href":"https:\/\/theraderm.vn\/vi\/wp-json\/wp\/v2\/product_cat?post=1934"},{"taxonomy":"product_tag","embeddable":true,"href":"https:\/\/theraderm.vn\/vi\/wp-json\/wp\/v2\/product_tag?post=1934"}],"curies":[{"name":"wp","href":"https:\/\/api.w.org\/{rel}","templated":true}]}}