{"id":1940,"date":"2025-11-05T10:10:52","date_gmt":"2025-11-05T10:10:52","guid":{"rendered":"http:\/\/theraderm.vn\/?post_type=product&#038;p=1940"},"modified":"2025-12-19T11:56:39","modified_gmt":"2025-12-19T04:56:39","slug":"moisture-essence-sun-gel-50ml","status":"publish","type":"product","link":"https:\/\/theraderm.vn\/vi\/san-pham\/moisture-essence-sun-gel-50ml\/","title":{"rendered":"Gel Ch\u1ed1ng N\u1eafng D\u01b0\u1ee1ng \u1ea8m Moisture Essence 50ml"},"content":{"rendered":"<p><img fetchpriority=\"high\" decoding=\"async\" class=\"aligncenter size-full wp-image-2889\" src=\"https:\/\/theraderm.vn\/wp-content\/uploads\/2025\/12\/Moisture-Essence-Sun-Gel-50ml-1.jpg\" alt=\"\" width=\"2083\" height=\"26297\" \/><\/p>","protected":false},"excerpt":{"rendered":"<div class=\"info_top\">\n<div class=\"prd_desc\">\n<p>K\u1ebft h\u1ee3p gi\u1eefa kem ch\u1ed1ng n\u1eafng v\u1eadt l\u00fd v\u00e0 h\u00f3a h\u1ecdc \/ Kem ch\u1ed1ng n\u1eafng d\u01b0\u1ee1ng \u1ea9m<\/p>\n<p>D\u01b0\u1ee3c m\u1ef9 ph\u1ea9m 3 t\u00e1c d\u1ee5ng: Ch\u1ed1ng tia UV - H\u1ed7 tr\u1ee3 l\u00e0m s\u00e1ng da - C\u1ea3i thi\u1ec7n n\u1ebfp nh\u0103n<\/p>\n<p>Kem ch\u1ed1ng n\u1eafng n\u00e0y, ch\u1ee9a chi\u1ebft xu\u1ea5t hoa sen, b\u1ea3o v\u1ec7 l\u00e0n da nh\u1ea1y c\u1ea3m \u0111\u1ed3ng th\u1eddi cung c\u1ea5p c\u00f4ng th\u1ee9c nh\u1eb9 nh\u00e0ng, kh\u00f4ng g\u00e2y nh\u1eddn r\u00edt, mang l\u1ea1i hi\u1ec7u qu\u1ea3 ch\u1ed1ng n\u1eafng t\u1ed1i \u01b0u.<\/p>\n<\/div>\n<\/div>\n<p>&nbsp;<\/p>","protected":false},"featured_media":2644,"comment_status":"open","ping_status":"closed","template":"","meta":{"site-sidebar-layout":"default","site-content-layout":"","ast-site-content-layout":"default","site-content-style":"default","site-sidebar-style":"default","ast-global-header-display":"","ast-banner-title-visibility":"","ast-main-header-display":"","ast-hfb-above-header-display":"","ast-hfb-below-header-display":"","ast-hfb-mobile-header-display":"","site-post-title":"","ast-breadcrumbs-content":"","ast-featured-img":"","footer-sml-layout":"","ast-disable-related-posts":"","theme-transparent-header-meta":"default","adv-header-id-meta":"","stick-header-meta":"","header-above-stick-meta":"","header-main-stick-meta":"","header-below-stick-meta":"","astra-migrate-meta-layouts":"set","ast-page-background-enabled":"default","ast-page-background-meta":{"desktop":{"background-color":"","background-image":"","background-repeat":"repeat","background-position":"center center","background-size":"auto","background-attachment":"scroll","background-type":"","background-media":"","overlay-type":"","overlay-color":"","overlay-opacity":"","overlay-gradient":""},"tablet":{"background-color":"","background-image":"","background-repeat":"repeat","background-position":"center center","background-size":"auto","background-attachment":"scroll","background-type":"","background-media":"","overlay-type":"","overlay-color":"","overlay-opacity":"","overlay-gradient":""},"mobile":{"background-color":"","background-image":"","background-repeat":"repeat","background-position":"center center","background-size":"auto","background-attachment":"scroll","background-type":"","background-media":"","overlay-type":"","overlay-color":"","overlay-opacity":"","overlay-gradient":""}},"ast-content-background-meta":{"desktop":{"background-color":"var(--ast-global-color-5)","background-image":"","background-repeat":"repeat","background-position":"center center","background-size":"auto","background-attachment":"scroll","background-type":"","background-media":"","overlay-type":"","overlay-color":"","overlay-opacity":"","overlay-gradient":""},"tablet":{"background-color":"var(--ast-global-color-5)","background-image":"","background-repeat":"repeat","background-position":"center center","background-size":"auto","background-attachment":"scroll","background-type":"","background-media":"","overlay-type":"","overlay-color":"","overlay-opacity":"","overlay-gradient":""},"mobile":{"background-color":"var(--ast-global-color-5)","background-image":"","background-repeat":"repeat","background-position":"center center","background-size":"auto","background-attachment":"scroll","background-type":"","background-media":"","overlay-type":"","overlay-color":"","overlay-opacity":"","overlay-gradient":""}}},"product_brand":[],"product_cat":[19,27,54,40],"product_tag":[],"class_list":{"0":"post-1940","1":"product","2":"type-product","3":"status-publish","4":"has-post-thumbnail","6":"product_cat-all","7":"product_cat-products","8":"product_cat-retail","9":"product_cat-sun-bb","10":"desktop-align-center","11":"tablet-align-left","12":"mobile-align-left","14":"first","15":"instock","16":"shipping-taxable","17":"purchasable","18":"product-type-simple"},"_links":{"self":[{"href":"https:\/\/theraderm.vn\/vi\/wp-json\/wp\/v2\/product\/1940","targetHints":{"allow":["GET"]}}],"collection":[{"href":"https:\/\/theraderm.vn\/vi\/wp-json\/wp\/v2\/product"}],"about":[{"href":"https:\/\/theraderm.vn\/vi\/wp-json\/wp\/v2\/types\/product"}],"replies":[{"embeddable":true,"href":"https:\/\/theraderm.vn\/vi\/wp-json\/wp\/v2\/comments?post=1940"}],"wp:featuredmedia":[{"embeddable":true,"href":"https:\/\/theraderm.vn\/vi\/wp-json\/wp\/v2\/media\/2644"}],"wp:attachment":[{"href":"https:\/\/theraderm.vn\/vi\/wp-json\/wp\/v2\/media?parent=1940"}],"wp:term":[{"taxonomy":"product_brand","embeddable":true,"href":"https:\/\/theraderm.vn\/vi\/wp-json\/wp\/v2\/product_brand?post=1940"},{"taxonomy":"product_cat","embeddable":true,"href":"https:\/\/theraderm.vn\/vi\/wp-json\/wp\/v2\/product_cat?post=1940"},{"taxonomy":"product_tag","embeddable":true,"href":"https:\/\/theraderm.vn\/vi\/wp-json\/wp\/v2\/product_tag?post=1940"}],"curies":[{"name":"wp","href":"https:\/\/api.w.org\/{rel}","templated":true}]}}