{"id":1944,"date":"2025-11-05T10:18:25","date_gmt":"2025-11-05T10:18:25","guid":{"rendered":"http:\/\/theraderm.vn\/?post_type=product&#038;p=1944"},"modified":"2025-11-13T14:31:49","modified_gmt":"2025-11-13T14:31:49","slug":"silky-nude-sunblock-50ml","status":"publish","type":"product","link":"https:\/\/theraderm.vn\/vi\/san-pham\/silky-nude-sunblock-50ml\/","title":{"rendered":"Kem ch\u1ed1ng n\u1eafng Silky Nude 50ml"},"content":{"rendered":"<p><img fetchpriority=\"high\" decoding=\"async\" class=\"aligncenter size-full wp-image-1946\" src=\"http:\/\/theraderm.vn\/wp-content\/uploads\/2025\/12\/Silky-Nude-Sunblock-50ml-1.png\" alt=\"silky nude sunblock 50ml-product description\" width=\"1000\" height=\"11054\" \/><\/p>","protected":false},"excerpt":{"rendered":"<p>K\u1ebft h\u1ee3p gi\u1eefa kem ch\u1ed1ng n\u1eafng v\u1eadt l\u00fd v\u00e0 h\u00f3a h\u1ecdc \/ Kh\u00f4ng \u0111\u1ec3 l\u1ea1i v\u1ec7t tr\u1eafng, kem ch\u1ed1ng n\u1eafng d\u01b0\u1ee1ng \u1ea9m<\/p>\n<p>D\u01b0\u1ee3c m\u1ef9 ph\u1ea9m 3 t\u00e1c d\u1ee5ng: Ch\u1ed1ng tia UV - H\u1ed7 tr\u1ee3 l\u00e0m s\u00e1ng da - C\u1ea3i thi\u1ec7n n\u1ebfp nh\u0103n<\/p>\n<p>Kem ch\u1ed1ng n\u1eafng d\u01b0\u1ee1ng \u1ea9m n\u00e0y, \u0111\u01b0\u1ee3c b\u1ed5 sung chi\u1ebft xu\u1ea5t hoa sen \u0111\u1ec3 l\u00e0m s\u1ea1ch l\u1ed7 ch\u00e2n l\u00f4ng v\u00e0 chi\u1ebft xu\u1ea5t th\u1ea3o d\u01b0\u1ee3c KI + \u0111\u1ec3 l\u00e0m d\u1ecbu da, cung c\u1ea5p kh\u1ea3 n\u0103ng ch\u1ed1ng n\u1eafng, l\u00e0m s\u00e1ng da v\u00e0 gi\u00fap c\u1ea3i thi\u1ec7n n\u1ebfp nh\u0103n, t\u1ea5t c\u1ea3 m\u00e0 kh\u00f4ng \u0111\u1ec3 l\u1ea1i v\u1ec7t tr\u1eafng.<\/p>","protected":false},"featured_media":2643,"comment_status":"open","ping_status":"closed","template":"","meta":{"site-sidebar-layout":"default","site-content-layout":"","ast-site-content-layout":"default","site-content-style":"default","site-sidebar-style":"default","ast-global-header-display":"","ast-banner-title-visibility":"","ast-main-header-display":"","ast-hfb-above-header-display":"","ast-hfb-below-header-display":"","ast-hfb-mobile-header-display":"","site-post-title":"","ast-breadcrumbs-content":"","ast-featured-img":"","footer-sml-layout":"","ast-disable-related-posts":"","theme-transparent-header-meta":"default","adv-header-id-meta":"","stick-header-meta":"","header-above-stick-meta":"","header-main-stick-meta":"","header-below-stick-meta":"","astra-migrate-meta-layouts":"set","ast-page-background-enabled":"default","ast-page-background-meta":{"desktop":{"background-color":"","background-image":"","background-repeat":"repeat","background-position":"center center","background-size":"auto","background-attachment":"scroll","background-type":"","background-media":"","overlay-type":"","overlay-color":"","overlay-opacity":"","overlay-gradient":""},"tablet":{"background-color":"","background-image":"","background-repeat":"repeat","background-position":"center center","background-size":"auto","background-attachment":"scroll","background-type":"","background-media":"","overlay-type":"","overlay-color":"","overlay-opacity":"","overlay-gradient":""},"mobile":{"background-color":"","background-image":"","background-repeat":"repeat","background-position":"center center","background-size":"auto","background-attachment":"scroll","background-type":"","background-media":"","overlay-type":"","overlay-color":"","overlay-opacity":"","overlay-gradient":""}},"ast-content-background-meta":{"desktop":{"background-color":"var(--ast-global-color-5)","background-image":"","background-repeat":"repeat","background-position":"center center","background-size":"auto","background-attachment":"scroll","background-type":"","background-media":"","overlay-type":"","overlay-color":"","overlay-opacity":"","overlay-gradient":""},"tablet":{"background-color":"var(--ast-global-color-5)","background-image":"","background-repeat":"repeat","background-position":"center center","background-size":"auto","background-attachment":"scroll","background-type":"","background-media":"","overlay-type":"","overlay-color":"","overlay-opacity":"","overlay-gradient":""},"mobile":{"background-color":"var(--ast-global-color-5)","background-image":"","background-repeat":"repeat","background-position":"center center","background-size":"auto","background-attachment":"scroll","background-type":"","background-media":"","overlay-type":"","overlay-color":"","overlay-opacity":"","overlay-gradient":""}}},"product_brand":[],"product_cat":[27,54,40],"product_tag":[],"class_list":{"0":"post-1944","1":"product","2":"type-product","3":"status-publish","4":"has-post-thumbnail","6":"product_cat-products","7":"product_cat-retail","8":"product_cat-sun-bb","9":"desktop-align-center","10":"tablet-align-left","11":"mobile-align-left","13":"first","14":"instock","15":"shipping-taxable","16":"product-type-simple"},"_links":{"self":[{"href":"https:\/\/theraderm.vn\/vi\/wp-json\/wp\/v2\/product\/1944","targetHints":{"allow":["GET"]}}],"collection":[{"href":"https:\/\/theraderm.vn\/vi\/wp-json\/wp\/v2\/product"}],"about":[{"href":"https:\/\/theraderm.vn\/vi\/wp-json\/wp\/v2\/types\/product"}],"replies":[{"embeddable":true,"href":"https:\/\/theraderm.vn\/vi\/wp-json\/wp\/v2\/comments?post=1944"}],"wp:featuredmedia":[{"embeddable":true,"href":"https:\/\/theraderm.vn\/vi\/wp-json\/wp\/v2\/media\/2643"}],"wp:attachment":[{"href":"https:\/\/theraderm.vn\/vi\/wp-json\/wp\/v2\/media?parent=1944"}],"wp:term":[{"taxonomy":"product_brand","embeddable":true,"href":"https:\/\/theraderm.vn\/vi\/wp-json\/wp\/v2\/product_brand?post=1944"},{"taxonomy":"product_cat","embeddable":true,"href":"https:\/\/theraderm.vn\/vi\/wp-json\/wp\/v2\/product_cat?post=1944"},{"taxonomy":"product_tag","embeddable":true,"href":"https:\/\/theraderm.vn\/vi\/wp-json\/wp\/v2\/product_tag?post=1944"}],"curies":[{"name":"wp","href":"https:\/\/api.w.org\/{rel}","templated":true}]}}