{"id":1949,"date":"2025-11-05T10:26:52","date_gmt":"2025-11-05T10:26:52","guid":{"rendered":"http:\/\/theraderm.vn\/?post_type=product&#038;p=1949"},"modified":"2025-12-12T03:16:31","modified_gmt":"2025-12-12T03:16:31","slug":"black-peel-50ml","status":"publish","type":"product","link":"https:\/\/theraderm.vn\/vi\/san-pham\/black-peel-50ml\/","title":{"rendered":"Black Peel 50ml"},"content":{"rendered":"<p><img fetchpriority=\"high\" decoding=\"async\" class=\"aligncenter size-full wp-image-1951\" src=\"https:\/\/theraderm.vn\/wp-content\/uploads\/2025\/12\/black_peel_vertical.jpg\" alt=\"black peel 50ml-product description\" width=\"1000\" height=\"12876\" \/><\/p>","protected":false},"excerpt":{"rendered":"<p>Dung d\u1ecbch peel cho m\u1ee5n chi\u1ebft xu\u1ea5t t\u1eeb gi\u1ea5m g\u1ea1o \u0111en l\u00ean men<\/p>\n<p>\u2713 Ch\u1ee9a th\u00e0nh ph\u1ea7n \u0111\u1ed9c quy\u1ec1n Theraderm (C\u00f4ng th\u1ee9c m\u1ef9 ph\u1ea9m c\u1ea3i thi\u1ec7n m\u1ee5n tr\u1ee9ng c\u00e1 ch\u1ee9a gi\u1ea5m \u0111en v\u00e0 niacinamide)<\/p>\n<p>Axit h\u1eefu c\u01a1 t\u1ef1 nhi\u00ean, axit axetic \u0111en, nh\u1eb9 nh\u00e0ng lo\u1ea1i b\u1ecf t\u1ebf b\u00e0o da ch\u1ebft, t\u1ea9y t\u1ebf b\u00e0o ch\u1ebft an to\u00e0n cho da. Black peel hi\u1ec7u qu\u1ea3 cho da m\u1ee5n v\u00e0 da c\u00f3 v\u1ea5n \u0111\u1ec1, gi\u00fap th\u00fac \u0111\u1ea9y l\u1edbp da kh\u1ecfe m\u1ea1nh.<\/p>","protected":false},"featured_media":2642,"comment_status":"open","ping_status":"closed","template":"","meta":{"site-sidebar-layout":"default","site-content-layout":"","ast-site-content-layout":"default","site-content-style":"default","site-sidebar-style":"default","ast-global-header-display":"","ast-banner-title-visibility":"","ast-main-header-display":"","ast-hfb-above-header-display":"","ast-hfb-below-header-display":"","ast-hfb-mobile-header-display":"","site-post-title":"","ast-breadcrumbs-content":"","ast-featured-img":"","footer-sml-layout":"","ast-disable-related-posts":"","theme-transparent-header-meta":"default","adv-header-id-meta":"","stick-header-meta":"","header-above-stick-meta":"","header-main-stick-meta":"","header-below-stick-meta":"","astra-migrate-meta-layouts":"set","ast-page-background-enabled":"default","ast-page-background-meta":{"desktop":{"background-color":"","background-image":"","background-repeat":"repeat","background-position":"center center","background-size":"auto","background-attachment":"scroll","background-type":"","background-media":"","overlay-type":"","overlay-color":"","overlay-opacity":"","overlay-gradient":""},"tablet":{"background-color":"","background-image":"","background-repeat":"repeat","background-position":"center center","background-size":"auto","background-attachment":"scroll","background-type":"","background-media":"","overlay-type":"","overlay-color":"","overlay-opacity":"","overlay-gradient":""},"mobile":{"background-color":"","background-image":"","background-repeat":"repeat","background-position":"center center","background-size":"auto","background-attachment":"scroll","background-type":"","background-media":"","overlay-type":"","overlay-color":"","overlay-opacity":"","overlay-gradient":""}},"ast-content-background-meta":{"desktop":{"background-color":"var(--ast-global-color-5)","background-image":"","background-repeat":"repeat","background-position":"center center","background-size":"auto","background-attachment":"scroll","background-type":"","background-media":"","overlay-type":"","overlay-color":"","overlay-opacity":"","overlay-gradient":""},"tablet":{"background-color":"var(--ast-global-color-5)","background-image":"","background-repeat":"repeat","background-position":"center center","background-size":"auto","background-attachment":"scroll","background-type":"","background-media":"","overlay-type":"","overlay-color":"","overlay-opacity":"","overlay-gradient":""},"mobile":{"background-color":"var(--ast-global-color-5)","background-image":"","background-repeat":"repeat","background-position":"center center","background-size":"auto","background-attachment":"scroll","background-type":"","background-media":"","overlay-type":"","overlay-color":"","overlay-opacity":"","overlay-gradient":""}}},"product_brand":[],"product_cat":[19,57,49,27],"product_tag":[],"class_list":{"0":"post-1949","1":"product","2":"type-product","3":"status-publish","4":"has-post-thumbnail","6":"product_cat-all","7":"product_cat-black","8":"product_cat-clinic-treatment","9":"product_cat-products","10":"desktop-align-center","11":"tablet-align-left","12":"mobile-align-left","14":"first","15":"instock","16":"shipping-taxable","17":"purchasable","18":"product-type-simple"},"_links":{"self":[{"href":"https:\/\/theraderm.vn\/vi\/wp-json\/wp\/v2\/product\/1949","targetHints":{"allow":["GET"]}}],"collection":[{"href":"https:\/\/theraderm.vn\/vi\/wp-json\/wp\/v2\/product"}],"about":[{"href":"https:\/\/theraderm.vn\/vi\/wp-json\/wp\/v2\/types\/product"}],"replies":[{"embeddable":true,"href":"https:\/\/theraderm.vn\/vi\/wp-json\/wp\/v2\/comments?post=1949"}],"wp:featuredmedia":[{"embeddable":true,"href":"https:\/\/theraderm.vn\/vi\/wp-json\/wp\/v2\/media\/2642"}],"wp:attachment":[{"href":"https:\/\/theraderm.vn\/vi\/wp-json\/wp\/v2\/media?parent=1949"}],"wp:term":[{"taxonomy":"product_brand","embeddable":true,"href":"https:\/\/theraderm.vn\/vi\/wp-json\/wp\/v2\/product_brand?post=1949"},{"taxonomy":"product_cat","embeddable":true,"href":"https:\/\/theraderm.vn\/vi\/wp-json\/wp\/v2\/product_cat?post=1949"},{"taxonomy":"product_tag","embeddable":true,"href":"https:\/\/theraderm.vn\/vi\/wp-json\/wp\/v2\/product_tag?post=1949"}],"curies":[{"name":"wp","href":"https:\/\/api.w.org\/{rel}","templated":true}]}}