{"id":1952,"date":"2025-11-05T10:29:34","date_gmt":"2025-11-05T10:29:34","guid":{"rendered":"http:\/\/theraderm.vn\/?post_type=product&#038;p=1952"},"modified":"2026-01-26T11:46:25","modified_gmt":"2026-01-26T04:46:25","slug":"green-tea-neutralizer-250ml","status":"publish","type":"product","link":"https:\/\/theraderm.vn\/vi\/san-pham\/green-tea-neutralizer-250ml\/","title":{"rendered":"Green Tea Neutralizer 250ml"},"content":{"rendered":"<p><img fetchpriority=\"high\" decoding=\"async\" class=\"aligncenter size-full wp-image-1954\" src=\"http:\/\/theraderm.vn\/wp-content\/uploads\/2025\/12\/Green-Tea-Neutralizer-250ml.jpg\" alt=\"green tea neutralizer 250ml-product description\" width=\"1000\" height=\"6098\" \/><\/p>","protected":false},"excerpt":{"rendered":"<p>Ch\u1ea5t trung h\u00f2a d\u1ecbu nh\u1eb9 gi\u00fap c\u00e2n b\u1eb1ng v\u00e0 l\u00e0m d\u1ecbu da. S\u1ea3n ph\u1ea9m n\u00e0y gi\u00fap kh\u00f4i ph\u1ee5c \u0111\u1ed9 pH c\u1ee7a da v\u1ec1 m\u1ee9c b\u00ecnh th\u01b0\u1eddng sau c\u00e1c li\u1ec7u tr\u00ecnh t\u1ea9y da ch\u1ebft. V\u1edbi th\u00e0nh ph\u1ea7n chi\u1ebft xu\u1ea5t t\u1eeb tr\u00e0 xanh, l\u00f4 h\u1ed9i v\u00e0 hoa c\u00fac, n\u00f3 l\u00e0m d\u1ecbu da b\u1ecb k\u00edch \u1ee9ng v\u00e0 t\u0103ng c\u01b0\u1eddng \u0111\u1ed9 \u1ea9m. T\u00ednh ch\u1ea5t l\u00e0m s\u1ea1ch kh\u00f4ng g\u00e2y k\u00edch \u1ee9ng v\u00e0 hi\u1ec7u qu\u1ea3 c\u1ee7a n\u00f3 khi\u1ebfn n\u00f3 tr\u1edf th\u00e0nh m\u1ed9t s\u1ea3n ph\u1ea9m l\u00e0m s\u1ea1ch trung gian tuy\u1ec7t v\u1eddi trong c\u00e1c quy tr\u00ecnh ch\u0103m s\u00f3c da.<\/p>","protected":false},"featured_media":2640,"comment_status":"open","ping_status":"closed","template":"","meta":{"site-sidebar-layout":"default","site-content-layout":"","ast-site-content-layout":"default","site-content-style":"default","site-sidebar-style":"default","ast-global-header-display":"","ast-banner-title-visibility":"","ast-main-header-display":"","ast-hfb-above-header-display":"","ast-hfb-below-header-display":"","ast-hfb-mobile-header-display":"","site-post-title":"","ast-breadcrumbs-content":"","ast-featured-img":"","footer-sml-layout":"","ast-disable-related-posts":"","theme-transparent-header-meta":"default","adv-header-id-meta":"","stick-header-meta":"","header-above-stick-meta":"","header-main-stick-meta":"","header-below-stick-meta":"","astra-migrate-meta-layouts":"set","ast-page-background-enabled":"default","ast-page-background-meta":{"desktop":{"background-color":"","background-image":"","background-repeat":"repeat","background-position":"center center","background-size":"auto","background-attachment":"scroll","background-type":"","background-media":"","overlay-type":"","overlay-color":"","overlay-opacity":"","overlay-gradient":""},"tablet":{"background-color":"","background-image":"","background-repeat":"repeat","background-position":"center center","background-size":"auto","background-attachment":"scroll","background-type":"","background-media":"","overlay-type":"","overlay-color":"","overlay-opacity":"","overlay-gradient":""},"mobile":{"background-color":"","background-image":"","background-repeat":"repeat","background-position":"center center","background-size":"auto","background-attachment":"scroll","background-type":"","background-media":"","overlay-type":"","overlay-color":"","overlay-opacity":"","overlay-gradient":""}},"ast-content-background-meta":{"desktop":{"background-color":"var(--ast-global-color-5)","background-image":"","background-repeat":"repeat","background-position":"center center","background-size":"auto","background-attachment":"scroll","background-type":"","background-media":"","overlay-type":"","overlay-color":"","overlay-opacity":"","overlay-gradient":""},"tablet":{"background-color":"var(--ast-global-color-5)","background-image":"","background-repeat":"repeat","background-position":"center center","background-size":"auto","background-attachment":"scroll","background-type":"","background-media":"","overlay-type":"","overlay-color":"","overlay-opacity":"","overlay-gradient":""},"mobile":{"background-color":"var(--ast-global-color-5)","background-image":"","background-repeat":"repeat","background-position":"center center","background-size":"auto","background-attachment":"scroll","background-type":"","background-media":"","overlay-type":"","overlay-color":"","overlay-opacity":"","overlay-gradient":""}}},"product_brand":[],"product_cat":[49,59,27],"product_tag":[],"class_list":{"0":"post-1952","1":"product","2":"type-product","3":"status-publish","4":"has-post-thumbnail","6":"product_cat-clinic-treatment","7":"product_cat-ga-aha","8":"product_cat-products","9":"desktop-align-center","10":"tablet-align-left","11":"mobile-align-left","13":"first","14":"instock","15":"shipping-taxable","16":"purchasable","17":"product-type-simple"},"_links":{"self":[{"href":"https:\/\/theraderm.vn\/vi\/wp-json\/wp\/v2\/product\/1952","targetHints":{"allow":["GET"]}}],"collection":[{"href":"https:\/\/theraderm.vn\/vi\/wp-json\/wp\/v2\/product"}],"about":[{"href":"https:\/\/theraderm.vn\/vi\/wp-json\/wp\/v2\/types\/product"}],"replies":[{"embeddable":true,"href":"https:\/\/theraderm.vn\/vi\/wp-json\/wp\/v2\/comments?post=1952"}],"wp:featuredmedia":[{"embeddable":true,"href":"https:\/\/theraderm.vn\/vi\/wp-json\/wp\/v2\/media\/2640"}],"wp:attachment":[{"href":"https:\/\/theraderm.vn\/vi\/wp-json\/wp\/v2\/media?parent=1952"}],"wp:term":[{"taxonomy":"product_brand","embeddable":true,"href":"https:\/\/theraderm.vn\/vi\/wp-json\/wp\/v2\/product_brand?post=1952"},{"taxonomy":"product_cat","embeddable":true,"href":"https:\/\/theraderm.vn\/vi\/wp-json\/wp\/v2\/product_cat?post=1952"},{"taxonomy":"product_tag","embeddable":true,"href":"https:\/\/theraderm.vn\/vi\/wp-json\/wp\/v2\/product_tag?post=1952"}],"curies":[{"name":"wp","href":"https:\/\/api.w.org\/{rel}","templated":true}]}}