{"id":1965,"date":"2025-11-05T14:10:35","date_gmt":"2025-11-05T14:10:35","guid":{"rendered":"http:\/\/theraderm.vn\/?post_type=product&#038;p=1965"},"modified":"2026-01-26T15:53:24","modified_gmt":"2026-01-26T08:53:24","slug":"collgaen-dry-skin-mask-250ml","status":"publish","type":"product","link":"https:\/\/theraderm.vn\/vi\/san-pham\/collgaen-dry-skin-mask-250ml\/","title":{"rendered":"M\u1eb7t n\u1ea1 Collagen cho da kh\u00f4 250ml"},"content":{"rendered":"<p><img fetchpriority=\"high\" decoding=\"async\" class=\"aligncenter size-full wp-image-1967\" src=\"http:\/\/theraderm.vn\/wp-content\/uploads\/2025\/11\/Collgaen-Dry-Skin-Mask.png\" alt=\"collgaen dry skin mask 250ml-product description\" width=\"1000\" height=\"9556\" \/><\/p>","protected":false},"excerpt":{"rendered":"<p>M\u1eb7t n\u1ea1 kem d\u01b0\u1ee1ng \u1ea9m v\u1edbi n\u1ec1n kem d\u01b0\u1ee1ng gi\u00e0u d\u01b0\u1ee1ng ch\u1ea5t<\/p>\n<p>M\u1eb7t n\u1ea1 d\u01b0\u1ee1ng \u1ea9m 100%, \u0111\u01b0\u1ee3c ch\u1ebf t\u1ea1o ch\u1ee7 y\u1ebfu t\u1eeb collagen, cung c\u1ea5p \u0111\u1ed9 \u1ea9m s\u00e2u cho da, gi\u00fap da \u0111\u01b0\u1ee3c nu\u00f4i d\u01b0\u1ee1ng to\u00e0n di\u1ec7n. Collagen gi\u00fap d\u01b0\u1ee1ng \u1ea9m cho da, mang l\u1ea1i l\u00e0n da s\u00e1ng m\u1ecbn v\u00e0 t\u01b0\u01a1i m\u1edbi.<\/p>","protected":false},"featured_media":2655,"comment_status":"open","ping_status":"closed","template":"","meta":{"site-sidebar-layout":"default","site-content-layout":"","ast-site-content-layout":"default","site-content-style":"default","site-sidebar-style":"default","ast-global-header-display":"","ast-banner-title-visibility":"","ast-main-header-display":"","ast-hfb-above-header-display":"","ast-hfb-below-header-display":"","ast-hfb-mobile-header-display":"","site-post-title":"","ast-breadcrumbs-content":"","ast-featured-img":"","footer-sml-layout":"","ast-disable-related-posts":"","theme-transparent-header-meta":"default","adv-header-id-meta":"","stick-header-meta":"","header-above-stick-meta":"","header-main-stick-meta":"","header-below-stick-meta":"","astra-migrate-meta-layouts":"set","ast-page-background-enabled":"default","ast-page-background-meta":{"desktop":{"background-color":"","background-image":"","background-repeat":"repeat","background-position":"center center","background-size":"auto","background-attachment":"scroll","background-type":"","background-media":"","overlay-type":"","overlay-color":"","overlay-opacity":"","overlay-gradient":""},"tablet":{"background-color":"","background-image":"","background-repeat":"repeat","background-position":"center center","background-size":"auto","background-attachment":"scroll","background-type":"","background-media":"","overlay-type":"","overlay-color":"","overlay-opacity":"","overlay-gradient":""},"mobile":{"background-color":"","background-image":"","background-repeat":"repeat","background-position":"center center","background-size":"auto","background-attachment":"scroll","background-type":"","background-media":"","overlay-type":"","overlay-color":"","overlay-opacity":"","overlay-gradient":""}},"ast-content-background-meta":{"desktop":{"background-color":"var(--ast-global-color-5)","background-image":"","background-repeat":"repeat","background-position":"center center","background-size":"auto","background-attachment":"scroll","background-type":"","background-media":"","overlay-type":"","overlay-color":"","overlay-opacity":"","overlay-gradient":""},"tablet":{"background-color":"var(--ast-global-color-5)","background-image":"","background-repeat":"repeat","background-position":"center center","background-size":"auto","background-attachment":"scroll","background-type":"","background-media":"","overlay-type":"","overlay-color":"","overlay-opacity":"","overlay-gradient":""},"mobile":{"background-color":"var(--ast-global-color-5)","background-image":"","background-repeat":"repeat","background-position":"center center","background-size":"auto","background-attachment":"scroll","background-type":"","background-media":"","overlay-type":"","overlay-color":"","overlay-opacity":"","overlay-gradient":""}}},"product_brand":[],"product_cat":[49,62,27,60,58],"product_tag":[],"class_list":{"0":"post-1965","1":"product","2":"type-product","3":"status-publish","4":"has-post-thumbnail","6":"product_cat-clinic-treatment","7":"product_cat-deep-cleansing-mask","8":"product_cat-products","9":"product_cat-professional","10":"product_cat-pumpkin","11":"desktop-align-center","12":"tablet-align-left","13":"mobile-align-left","15":"first","16":"instock","17":"shipping-taxable","18":"purchasable","19":"product-type-simple"},"_links":{"self":[{"href":"https:\/\/theraderm.vn\/vi\/wp-json\/wp\/v2\/product\/1965","targetHints":{"allow":["GET"]}}],"collection":[{"href":"https:\/\/theraderm.vn\/vi\/wp-json\/wp\/v2\/product"}],"about":[{"href":"https:\/\/theraderm.vn\/vi\/wp-json\/wp\/v2\/types\/product"}],"replies":[{"embeddable":true,"href":"https:\/\/theraderm.vn\/vi\/wp-json\/wp\/v2\/comments?post=1965"}],"wp:featuredmedia":[{"embeddable":true,"href":"https:\/\/theraderm.vn\/vi\/wp-json\/wp\/v2\/media\/2655"}],"wp:attachment":[{"href":"https:\/\/theraderm.vn\/vi\/wp-json\/wp\/v2\/media?parent=1965"}],"wp:term":[{"taxonomy":"product_brand","embeddable":true,"href":"https:\/\/theraderm.vn\/vi\/wp-json\/wp\/v2\/product_brand?post=1965"},{"taxonomy":"product_cat","embeddable":true,"href":"https:\/\/theraderm.vn\/vi\/wp-json\/wp\/v2\/product_cat?post=1965"},{"taxonomy":"product_tag","embeddable":true,"href":"https:\/\/theraderm.vn\/vi\/wp-json\/wp\/v2\/product_tag?post=1965"}],"curies":[{"name":"wp","href":"https:\/\/api.w.org\/{rel}","templated":true}]}}