{"id":2007,"date":"2025-11-06T04:00:33","date_gmt":"2025-11-06T04:00:33","guid":{"rendered":"http:\/\/theraderm.vn\/?post_type=product&#038;p=2007"},"modified":"2025-12-12T03:10:30","modified_gmt":"2025-12-12T03:10:30","slug":"black-sebo-acne-cleanser-480ml","status":"publish","type":"product","link":"https:\/\/theraderm.vn\/vi\/san-pham\/black-sebo-acne-cleanser-480ml\/","title":{"rendered":"S\u1eefa r\u1eeda m\u1eb7t tr\u1ecb m\u1ee5n Black Sebo 480ml"},"content":{"rendered":"<p><img fetchpriority=\"high\" decoding=\"async\" class=\"aligncenter size-full wp-image-2009\" src=\"http:\/\/theraderm.vn\/wp-content\/uploads\/2025\/12\/Cleanser-Toner-480ml.jpg\" alt=\"black sebo acne cleanser 480ml-product description\" width=\"1000\" height=\"15950\" \/><\/p>","protected":false},"excerpt":{"rendered":"<p>S\u1eefa r\u1eeda m\u1eb7t l\u00e0m d\u1ecbu da m\u1ee5n<\/p>\n<p>\u2713 S\u1ea3n ph\u1ea9m ch\u0103m s\u00f3c da ch\u1ee9c n\u0103ng d\u00e0nh cho da d\u1ec5 b\u1ecb m\u1ee5n, c\u00f3 t\u00e1c d\u1ee5ng l\u00e0m d\u1ecbu da.<\/p>\n<p>\u0110\u01b0\u1ee3c b\u00e0o ch\u1ebf v\u1edbi Acid Acetic \u0111en v\u00e0 KI (Kali Iodide), h\u1ec7 th\u1ed1ng l\u00e0m s\u1ea1ch k\u00e9p n\u00e0y gi\u00fap lo\u1ea1i b\u1ecf hi\u1ec7u qu\u1ea3 b\u00e3 nh\u1eddn d\u01b0 th\u1eeba v\u00e0 t\u1ea1p ch\u1ea5t, h\u1ed7 tr\u1ee3 l\u00e0m d\u1ecbu l\u00e0n da d\u1ec5 b\u1ecb m\u1ee5n v\u00e0 duy tr\u00ec l\u00e0n da s\u00e1ng m\u1ecbn.<\/p>","protected":false},"featured_media":2631,"comment_status":"open","ping_status":"closed","template":"","meta":{"site-sidebar-layout":"default","site-content-layout":"","ast-site-content-layout":"default","site-content-style":"default","site-sidebar-style":"default","ast-global-header-display":"","ast-banner-title-visibility":"","ast-main-header-display":"","ast-hfb-above-header-display":"","ast-hfb-below-header-display":"","ast-hfb-mobile-header-display":"","site-post-title":"","ast-breadcrumbs-content":"","ast-featured-img":"","footer-sml-layout":"","ast-disable-related-posts":"","theme-transparent-header-meta":"default","adv-header-id-meta":"","stick-header-meta":"","header-above-stick-meta":"","header-main-stick-meta":"","header-below-stick-meta":"","astra-migrate-meta-layouts":"set","ast-page-background-enabled":"default","ast-page-background-meta":{"desktop":{"background-color":"","background-image":"","background-repeat":"repeat","background-position":"center center","background-size":"auto","background-attachment":"scroll","background-type":"","background-media":"","overlay-type":"","overlay-color":"","overlay-opacity":"","overlay-gradient":""},"tablet":{"background-color":"","background-image":"","background-repeat":"repeat","background-position":"center center","background-size":"auto","background-attachment":"scroll","background-type":"","background-media":"","overlay-type":"","overlay-color":"","overlay-opacity":"","overlay-gradient":""},"mobile":{"background-color":"","background-image":"","background-repeat":"repeat","background-position":"center center","background-size":"auto","background-attachment":"scroll","background-type":"","background-media":"","overlay-type":"","overlay-color":"","overlay-opacity":"","overlay-gradient":""}},"ast-content-background-meta":{"desktop":{"background-color":"var(--ast-global-color-5)","background-image":"","background-repeat":"repeat","background-position":"center center","background-size":"auto","background-attachment":"scroll","background-type":"","background-media":"","overlay-type":"","overlay-color":"","overlay-opacity":"","overlay-gradient":""},"tablet":{"background-color":"var(--ast-global-color-5)","background-image":"","background-repeat":"repeat","background-position":"center center","background-size":"auto","background-attachment":"scroll","background-type":"","background-media":"","overlay-type":"","overlay-color":"","overlay-opacity":"","overlay-gradient":""},"mobile":{"background-color":"var(--ast-global-color-5)","background-image":"","background-repeat":"repeat","background-position":"center center","background-size":"auto","background-attachment":"scroll","background-type":"","background-media":"","overlay-type":"","overlay-color":"","overlay-opacity":"","overlay-gradient":""}}},"product_brand":[],"product_cat":[63,27,60],"product_tag":[],"class_list":{"0":"post-2007","1":"product","2":"type-product","3":"status-publish","4":"has-post-thumbnail","6":"product_cat-cleanser-toner","7":"product_cat-products","8":"product_cat-professional","9":"desktop-align-center","10":"tablet-align-left","11":"mobile-align-left","13":"first","14":"instock","15":"shipping-taxable","16":"purchasable","17":"product-type-simple"},"_links":{"self":[{"href":"https:\/\/theraderm.vn\/vi\/wp-json\/wp\/v2\/product\/2007","targetHints":{"allow":["GET"]}}],"collection":[{"href":"https:\/\/theraderm.vn\/vi\/wp-json\/wp\/v2\/product"}],"about":[{"href":"https:\/\/theraderm.vn\/vi\/wp-json\/wp\/v2\/types\/product"}],"replies":[{"embeddable":true,"href":"https:\/\/theraderm.vn\/vi\/wp-json\/wp\/v2\/comments?post=2007"}],"wp:featuredmedia":[{"embeddable":true,"href":"https:\/\/theraderm.vn\/vi\/wp-json\/wp\/v2\/media\/2631"}],"wp:attachment":[{"href":"https:\/\/theraderm.vn\/vi\/wp-json\/wp\/v2\/media?parent=2007"}],"wp:term":[{"taxonomy":"product_brand","embeddable":true,"href":"https:\/\/theraderm.vn\/vi\/wp-json\/wp\/v2\/product_brand?post=2007"},{"taxonomy":"product_cat","embeddable":true,"href":"https:\/\/theraderm.vn\/vi\/wp-json\/wp\/v2\/product_cat?post=2007"},{"taxonomy":"product_tag","embeddable":true,"href":"https:\/\/theraderm.vn\/vi\/wp-json\/wp\/v2\/product_tag?post=2007"}],"curies":[{"name":"wp","href":"https:\/\/api.w.org\/{rel}","templated":true}]}}