{"id":2010,"date":"2025-11-06T04:04:02","date_gmt":"2025-11-06T04:04:02","guid":{"rendered":"http:\/\/theraderm.vn\/?post_type=product&#038;p=2010"},"modified":"2026-01-26T11:45:34","modified_gmt":"2026-01-26T04:45:34","slug":"cleanser-for-dry-sensitive-skin-%e3%80%80-%e2%9c%93-completed-dust-removal-skin-irritation-test-%e3%80%80-this-cleanser-formulated-with-five-plant-based-active-ingredients-including-lotus-ext","status":"publish","type":"product","link":"https:\/\/theraderm.vn\/vi\/san-pham\/cleanser-for-dry-sensitive-skin-%e3%80%80-%e2%9c%93-completed-dust-removal-skin-irritation-test-%e3%80%80-this-cleanser-formulated-with-five-plant-based-active-ingredients-including-lotus-ext\/","title":{"rendered":"S\u1eefa r\u1eeda m\u1eb7t Lotus 480ml"},"content":{"rendered":"<p><img fetchpriority=\"high\" decoding=\"async\" class=\"aligncenter size-full wp-image-2012\" src=\"http:\/\/theraderm.vn\/wp-content\/uploads\/2025\/12\/Lotus-Cleanser-480ml.jpg\" alt=\"Lotus Cleanser 480ml-product description\" width=\"1000\" height=\"16449\" \/><\/p>","protected":false},"excerpt":{"rendered":"<p>S\u1eefa r\u1eeda m\u1eb7t d\u00e0nh cho da kh\u00f4 v\u00e0 nh\u1ea1y c\u1ea3m<\/p>\n<p>\u2713 \u0110\u00e3 ho\u00e0n th\u00e0nh th\u1eed nghi\u1ec7m lo\u1ea1i b\u1ecf b\u1ee5i v\u00e0 k\u00edch \u1ee9ng da.<\/p>\n<p>S\u1ea3n ph\u1ea9m l\u00e0m s\u1ea1ch n\u00e0y \u0111\u01b0\u1ee3c b\u00e0o ch\u1ebf v\u1edbi n\u0103m th\u00e0nh ph\u1ea7n ho\u1ea1t t\u00ednh t\u1eeb th\u1ef1c v\u1eadt, bao g\u1ed3m chi\u1ebft xu\u1ea5t hoa sen v\u00e0 ch\u1ea5t ho\u1ea1t t\u00ednh b\u1ec1 m\u1eb7t t\u1ef1 nhi\u00ean t\u1eeb d\u1eeba, gi\u00fap l\u00e0m s\u1ea1ch da m\u1ed9t c\u00e1ch nh\u1eb9 nh\u00e0ng. B\u1ecdt m\u1ecbn nh\u1eb9 nh\u00e0ng c\u1ee7a s\u1ea3n ph\u1ea9m hi\u1ec7u qu\u1ea3 trong vi\u1ec7c lo\u1ea1i b\u1ecf trang \u0111i\u1ec3m m\u00e0 v\u1eabn d\u1ecbu nh\u1eb9 v\u1edbi l\u00e0n da kh\u00f4 v\u00e0 nh\u1ea1y c\u1ea3m.<\/p>","protected":false},"featured_media":2630,"comment_status":"open","ping_status":"closed","template":"","meta":{"site-sidebar-layout":"default","site-content-layout":"","ast-site-content-layout":"default","site-content-style":"default","site-sidebar-style":"default","ast-global-header-display":"","ast-banner-title-visibility":"","ast-main-header-display":"","ast-hfb-above-header-display":"","ast-hfb-below-header-display":"","ast-hfb-mobile-header-display":"","site-post-title":"","ast-breadcrumbs-content":"","ast-featured-img":"","footer-sml-layout":"","ast-disable-related-posts":"","theme-transparent-header-meta":"default","adv-header-id-meta":"","stick-header-meta":"","header-above-stick-meta":"","header-main-stick-meta":"","header-below-stick-meta":"","astra-migrate-meta-layouts":"set","ast-page-background-enabled":"default","ast-page-background-meta":{"desktop":{"background-color":"","background-image":"","background-repeat":"repeat","background-position":"center center","background-size":"auto","background-attachment":"scroll","background-type":"","background-media":"","overlay-type":"","overlay-color":"","overlay-opacity":"","overlay-gradient":""},"tablet":{"background-color":"","background-image":"","background-repeat":"repeat","background-position":"center center","background-size":"auto","background-attachment":"scroll","background-type":"","background-media":"","overlay-type":"","overlay-color":"","overlay-opacity":"","overlay-gradient":""},"mobile":{"background-color":"","background-image":"","background-repeat":"repeat","background-position":"center center","background-size":"auto","background-attachment":"scroll","background-type":"","background-media":"","overlay-type":"","overlay-color":"","overlay-opacity":"","overlay-gradient":""}},"ast-content-background-meta":{"desktop":{"background-color":"var(--ast-global-color-5)","background-image":"","background-repeat":"repeat","background-position":"center center","background-size":"auto","background-attachment":"scroll","background-type":"","background-media":"","overlay-type":"","overlay-color":"","overlay-opacity":"","overlay-gradient":""},"tablet":{"background-color":"var(--ast-global-color-5)","background-image":"","background-repeat":"repeat","background-position":"center center","background-size":"auto","background-attachment":"scroll","background-type":"","background-media":"","overlay-type":"","overlay-color":"","overlay-opacity":"","overlay-gradient":""},"mobile":{"background-color":"var(--ast-global-color-5)","background-image":"","background-repeat":"repeat","background-position":"center center","background-size":"auto","background-attachment":"scroll","background-type":"","background-media":"","overlay-type":"","overlay-color":"","overlay-opacity":"","overlay-gradient":""}}},"product_brand":[],"product_cat":[63,59,27,60],"product_tag":[],"class_list":{"0":"post-2010","1":"product","2":"type-product","3":"status-publish","4":"has-post-thumbnail","6":"product_cat-cleanser-toner","7":"product_cat-ga-aha","8":"product_cat-products","9":"product_cat-professional","10":"desktop-align-center","11":"tablet-align-left","12":"mobile-align-left","14":"first","15":"instock","16":"shipping-taxable","17":"purchasable","18":"product-type-simple"},"_links":{"self":[{"href":"https:\/\/theraderm.vn\/vi\/wp-json\/wp\/v2\/product\/2010","targetHints":{"allow":["GET"]}}],"collection":[{"href":"https:\/\/theraderm.vn\/vi\/wp-json\/wp\/v2\/product"}],"about":[{"href":"https:\/\/theraderm.vn\/vi\/wp-json\/wp\/v2\/types\/product"}],"replies":[{"embeddable":true,"href":"https:\/\/theraderm.vn\/vi\/wp-json\/wp\/v2\/comments?post=2010"}],"wp:featuredmedia":[{"embeddable":true,"href":"https:\/\/theraderm.vn\/vi\/wp-json\/wp\/v2\/media\/2630"}],"wp:attachment":[{"href":"https:\/\/theraderm.vn\/vi\/wp-json\/wp\/v2\/media?parent=2010"}],"wp:term":[{"taxonomy":"product_brand","embeddable":true,"href":"https:\/\/theraderm.vn\/vi\/wp-json\/wp\/v2\/product_brand?post=2010"},{"taxonomy":"product_cat","embeddable":true,"href":"https:\/\/theraderm.vn\/vi\/wp-json\/wp\/v2\/product_cat?post=2010"},{"taxonomy":"product_tag","embeddable":true,"href":"https:\/\/theraderm.vn\/vi\/wp-json\/wp\/v2\/product_tag?post=2010"}],"curies":[{"name":"wp","href":"https:\/\/api.w.org\/{rel}","templated":true}]}}