{"id":2018,"date":"2025-11-06T04:15:12","date_gmt":"2025-11-06T04:15:12","guid":{"rendered":"http:\/\/theraderm.vn\/?post_type=product&#038;p=2018"},"modified":"2025-12-12T03:09:20","modified_gmt":"2025-12-12T03:09:20","slug":"lotus-toner-1000ml","status":"publish","type":"product","link":"https:\/\/theraderm.vn\/vi\/san-pham\/lotus-toner-1000ml\/","title":{"rendered":"N\u01b0\u1edbc hoa h\u1ed3ng Lotus 1000ml"},"content":{"rendered":"<p><img fetchpriority=\"high\" decoding=\"async\" class=\"aligncenter size-full wp-image-2020\" src=\"http:\/\/theraderm.vn\/wp-content\/uploads\/2025\/12\/Lotus-Toner-1000ml.jpg\" alt=\"lotus toner 1000ml-product description\" width=\"1000\" height=\"13910\" \/><\/p>","protected":false},"excerpt":{"rendered":"<p>N\u01b0\u1edbc hoa h\u1ed3ng d\u01b0\u1ee1ng \u1ea9m cho da kh\u00f4 v\u00e0 nh\u1ea1y c\u1ea3m<\/p>\n<p>\u2713 Ki\u1ec3m tra m\u1ef9 ph\u1ea9m v\u00e0 k\u00edch \u1ee9ng da hai ch\u1ee9c n\u0103ng: l\u00e0m tr\u1eafng v\u00e0 c\u1ea3i thi\u1ec7n n\u1ebfp nh\u0103n \u0111\u00e3 ho\u00e0n th\u00e0nh.<\/p>\n<p>N\u01b0\u1edbc hoa h\u1ed3ng n\u00e0y, \u0111\u01b0\u1ee3c b\u1ed5 sung chi\u1ebft xu\u1ea5t hoa sen v\u00e0 ectoine, gi\u00fap b\u1ea3o v\u1ec7 l\u00e0n da \u0111\u1ed3ng th\u1eddi gi\u1eef cho da s\u1ea1ch s\u1ebd v\u00e0 kh\u1ecfe m\u1ea1nh. C\u00f4ng th\u1ee9c d\u1ea1ng n\u01b0\u1edbc c\u1ee7a s\u1ea3n ph\u1ea9m cung c\u1ea5p \u0111\u1ed9 \u1ea9m hi\u1ec7u qu\u1ea3, gi\u00fap duy tr\u00ec \u0111\u1ed9 \u1ea9m v\u00e0 gi\u1eef cho da m\u1ec1m m\u1ea1i v\u00e0 \u0111\u01b0\u1ee3c nu\u00f4i d\u01b0\u1ee1ng.<\/p>","protected":false},"featured_media":2626,"comment_status":"open","ping_status":"closed","template":"","meta":{"site-sidebar-layout":"default","site-content-layout":"","ast-site-content-layout":"default","site-content-style":"default","site-sidebar-style":"default","ast-global-header-display":"","ast-banner-title-visibility":"","ast-main-header-display":"","ast-hfb-above-header-display":"","ast-hfb-below-header-display":"","ast-hfb-mobile-header-display":"","site-post-title":"","ast-breadcrumbs-content":"","ast-featured-img":"","footer-sml-layout":"","ast-disable-related-posts":"","theme-transparent-header-meta":"default","adv-header-id-meta":"","stick-header-meta":"","header-above-stick-meta":"","header-main-stick-meta":"","header-below-stick-meta":"","astra-migrate-meta-layouts":"set","ast-page-background-enabled":"default","ast-page-background-meta":{"desktop":{"background-color":"","background-image":"","background-repeat":"repeat","background-position":"center center","background-size":"auto","background-attachment":"scroll","background-type":"","background-media":"","overlay-type":"","overlay-color":"","overlay-opacity":"","overlay-gradient":""},"tablet":{"background-color":"","background-image":"","background-repeat":"repeat","background-position":"center center","background-size":"auto","background-attachment":"scroll","background-type":"","background-media":"","overlay-type":"","overlay-color":"","overlay-opacity":"","overlay-gradient":""},"mobile":{"background-color":"","background-image":"","background-repeat":"repeat","background-position":"center center","background-size":"auto","background-attachment":"scroll","background-type":"","background-media":"","overlay-type":"","overlay-color":"","overlay-opacity":"","overlay-gradient":""}},"ast-content-background-meta":{"desktop":{"background-color":"var(--ast-global-color-5)","background-image":"","background-repeat":"repeat","background-position":"center center","background-size":"auto","background-attachment":"scroll","background-type":"","background-media":"","overlay-type":"","overlay-color":"","overlay-opacity":"","overlay-gradient":""},"tablet":{"background-color":"var(--ast-global-color-5)","background-image":"","background-repeat":"repeat","background-position":"center center","background-size":"auto","background-attachment":"scroll","background-type":"","background-media":"","overlay-type":"","overlay-color":"","overlay-opacity":"","overlay-gradient":""},"mobile":{"background-color":"var(--ast-global-color-5)","background-image":"","background-repeat":"repeat","background-position":"center center","background-size":"auto","background-attachment":"scroll","background-type":"","background-media":"","overlay-type":"","overlay-color":"","overlay-opacity":"","overlay-gradient":""}}},"product_brand":[],"product_cat":[63,27,60],"product_tag":[],"class_list":{"0":"post-2018","1":"product","2":"type-product","3":"status-publish","4":"has-post-thumbnail","6":"product_cat-cleanser-toner","7":"product_cat-products","8":"product_cat-professional","9":"desktop-align-center","10":"tablet-align-left","11":"mobile-align-left","13":"first","14":"instock","15":"shipping-taxable","16":"purchasable","17":"product-type-simple"},"_links":{"self":[{"href":"https:\/\/theraderm.vn\/vi\/wp-json\/wp\/v2\/product\/2018","targetHints":{"allow":["GET"]}}],"collection":[{"href":"https:\/\/theraderm.vn\/vi\/wp-json\/wp\/v2\/product"}],"about":[{"href":"https:\/\/theraderm.vn\/vi\/wp-json\/wp\/v2\/types\/product"}],"replies":[{"embeddable":true,"href":"https:\/\/theraderm.vn\/vi\/wp-json\/wp\/v2\/comments?post=2018"}],"wp:featuredmedia":[{"embeddable":true,"href":"https:\/\/theraderm.vn\/vi\/wp-json\/wp\/v2\/media\/2626"}],"wp:attachment":[{"href":"https:\/\/theraderm.vn\/vi\/wp-json\/wp\/v2\/media?parent=2018"}],"wp:term":[{"taxonomy":"product_brand","embeddable":true,"href":"https:\/\/theraderm.vn\/vi\/wp-json\/wp\/v2\/product_brand?post=2018"},{"taxonomy":"product_cat","embeddable":true,"href":"https:\/\/theraderm.vn\/vi\/wp-json\/wp\/v2\/product_cat?post=2018"},{"taxonomy":"product_tag","embeddable":true,"href":"https:\/\/theraderm.vn\/vi\/wp-json\/wp\/v2\/product_tag?post=2018"}],"curies":[{"name":"wp","href":"https:\/\/api.w.org\/{rel}","templated":true}]}}