{"id":2030,"date":"2025-11-06T04:30:04","date_gmt":"2025-11-06T04:30:04","guid":{"rendered":"http:\/\/theraderm.vn\/?post_type=product&#038;p=2030"},"modified":"2025-12-12T01:10:34","modified_gmt":"2025-12-12T01:10:34","slug":"azul-mask-250ml","status":"publish","type":"product","link":"https:\/\/theraderm.vn\/vi\/san-pham\/azul-mask-250ml\/","title":{"rendered":"M\u1eb7t n\u1ea1 Azul 250ml"},"content":{"rendered":"<p><img fetchpriority=\"high\" decoding=\"async\" class=\"aligncenter size-full wp-image-2032\" src=\"http:\/\/theraderm.vn\/wp-content\/uploads\/2025\/12\/Azul-Mask-250ml.jpg\" alt=\"Azul Mask 250ml-product description\" width=\"1000\" height=\"9722\" \/><\/p>\n<div class=\"info_top\">\n<div class=\"prd_desc\">\n<p>M\u1eb7t N\u1ea1 D\u01b0\u1ee1ng D\u1ea1ng Kem L\u00e0m D\u1ecbu Da Guai Azulene<\/p>\n<p>M\u1eb7t n\u1ea1 d\u1ea1ng kem ch\u1ee9a Guai Azulene \u2013 th\u00e0nh ph\u1ea7n n\u1ed5i ti\u1ebfng v\u1edbi t\u00e1c d\u1ee5ng l\u00e0m d\u1ecbu da, gi\u00fap gi\u1ea3m c\u1ea3m gi\u00e1c c\u0103ng r\u00e1t v\u00e0 th\u01b0 gi\u00e3n l\u00e0n da, mang l\u1ea1i c\u1ea3m gi\u00e1c d\u1ec5 ch\u1ecbu v\u00e0 tho\u1ea3i m\u00e1i cho da nh\u1ea1y c\u1ea3m ho\u1eb7c d\u1ec5 k\u00edch \u1ee9ng.<\/p>\n<\/div>\n<\/div>\n<p>&nbsp;<\/p>","protected":false},"excerpt":{"rendered":"<div class=\"info_top\">\n<div class=\"prd_desc\">\n<p>M\u1eb7t N\u1ea1 D\u01b0\u1ee1ng D\u1ea1ng Kem L\u00e0m D\u1ecbu Da Guai Azulene<\/p>\n<p>M\u1eb7t n\u1ea1 d\u1ea1ng kem ch\u1ee9a Guai Azulene \u2013 th\u00e0nh ph\u1ea7n n\u1ed5i ti\u1ebfng v\u1edbi t\u00e1c d\u1ee5ng l\u00e0m d\u1ecbu da, gi\u00fap gi\u1ea3m c\u1ea3m gi\u00e1c c\u0103ng r\u00e1t v\u00e0 th\u01b0 gi\u00e3n l\u00e0n da, mang l\u1ea1i c\u1ea3m gi\u00e1c d\u1ec5 ch\u1ecbu v\u00e0 tho\u1ea3i m\u00e1i cho da nh\u1ea1y c\u1ea3m ho\u1eb7c d\u1ec5 k\u00edch \u1ee9ng.<\/p>\n<\/div>\n<\/div>\n<p>&nbsp;<\/p>","protected":false},"featured_media":2624,"comment_status":"open","ping_status":"closed","template":"","meta":{"site-sidebar-layout":"default","site-content-layout":"","ast-site-content-layout":"default","site-content-style":"default","site-sidebar-style":"default","ast-global-header-display":"","ast-banner-title-visibility":"","ast-main-header-display":"","ast-hfb-above-header-display":"","ast-hfb-below-header-display":"","ast-hfb-mobile-header-display":"","site-post-title":"","ast-breadcrumbs-content":"","ast-featured-img":"","footer-sml-layout":"","ast-disable-related-posts":"","theme-transparent-header-meta":"default","adv-header-id-meta":"","stick-header-meta":"","header-above-stick-meta":"","header-main-stick-meta":"","header-below-stick-meta":"","astra-migrate-meta-layouts":"set","ast-page-background-enabled":"default","ast-page-background-meta":{"desktop":{"background-color":"","background-image":"","background-repeat":"repeat","background-position":"center center","background-size":"auto","background-attachment":"scroll","background-type":"","background-media":"","overlay-type":"","overlay-color":"","overlay-opacity":"","overlay-gradient":""},"tablet":{"background-color":"","background-image":"","background-repeat":"repeat","background-position":"center center","background-size":"auto","background-attachment":"scroll","background-type":"","background-media":"","overlay-type":"","overlay-color":"","overlay-opacity":"","overlay-gradient":""},"mobile":{"background-color":"","background-image":"","background-repeat":"repeat","background-position":"center center","background-size":"auto","background-attachment":"scroll","background-type":"","background-media":"","overlay-type":"","overlay-color":"","overlay-opacity":"","overlay-gradient":""}},"ast-content-background-meta":{"desktop":{"background-color":"var(--ast-global-color-5)","background-image":"","background-repeat":"repeat","background-position":"center center","background-size":"auto","background-attachment":"scroll","background-type":"","background-media":"","overlay-type":"","overlay-color":"","overlay-opacity":"","overlay-gradient":""},"tablet":{"background-color":"var(--ast-global-color-5)","background-image":"","background-repeat":"repeat","background-position":"center center","background-size":"auto","background-attachment":"scroll","background-type":"","background-media":"","overlay-type":"","overlay-color":"","overlay-opacity":"","overlay-gradient":""},"mobile":{"background-color":"var(--ast-global-color-5)","background-image":"","background-repeat":"repeat","background-position":"center center","background-size":"auto","background-attachment":"scroll","background-type":"","background-media":"","overlay-type":"","overlay-color":"","overlay-opacity":"","overlay-gradient":""}}},"product_brand":[],"product_cat":[19,62,27,60],"product_tag":[],"class_list":{"0":"post-2030","1":"product","2":"type-product","3":"status-publish","4":"has-post-thumbnail","6":"product_cat-all","7":"product_cat-deep-cleansing-mask","8":"product_cat-products","9":"product_cat-professional","10":"desktop-align-center","11":"tablet-align-left","12":"mobile-align-left","14":"first","15":"instock","16":"shipping-taxable","17":"purchasable","18":"product-type-simple"},"_links":{"self":[{"href":"https:\/\/theraderm.vn\/vi\/wp-json\/wp\/v2\/product\/2030","targetHints":{"allow":["GET"]}}],"collection":[{"href":"https:\/\/theraderm.vn\/vi\/wp-json\/wp\/v2\/product"}],"about":[{"href":"https:\/\/theraderm.vn\/vi\/wp-json\/wp\/v2\/types\/product"}],"replies":[{"embeddable":true,"href":"https:\/\/theraderm.vn\/vi\/wp-json\/wp\/v2\/comments?post=2030"}],"wp:featuredmedia":[{"embeddable":true,"href":"https:\/\/theraderm.vn\/vi\/wp-json\/wp\/v2\/media\/2624"}],"wp:attachment":[{"href":"https:\/\/theraderm.vn\/vi\/wp-json\/wp\/v2\/media?parent=2030"}],"wp:term":[{"taxonomy":"product_brand","embeddable":true,"href":"https:\/\/theraderm.vn\/vi\/wp-json\/wp\/v2\/product_brand?post=2030"},{"taxonomy":"product_cat","embeddable":true,"href":"https:\/\/theraderm.vn\/vi\/wp-json\/wp\/v2\/product_cat?post=2030"},{"taxonomy":"product_tag","embeddable":true,"href":"https:\/\/theraderm.vn\/vi\/wp-json\/wp\/v2\/product_tag?post=2030"}],"curies":[{"name":"wp","href":"https:\/\/api.w.org\/{rel}","templated":true}]}}