{"id":2036,"date":"2025-11-06T04:36:28","date_gmt":"2025-11-06T04:36:28","guid":{"rendered":"http:\/\/theraderm.vn\/?post_type=product&#038;p=2036"},"modified":"2025-12-11T13:57:10","modified_gmt":"2025-12-11T13:57:10","slug":"teatree-cooling-marine-mask-750g","status":"publish","type":"product","link":"https:\/\/theraderm.vn\/vi\/san-pham\/teatree-cooling-marine-mask-750g\/","title":{"rendered":"M\u1eb7t N\u1ea1 Tr\u00e0 Xanh L\u00e0m M\u00e1t 750g"},"content":{"rendered":"<p><img fetchpriority=\"high\" decoding=\"async\" class=\"aligncenter size-full wp-image-2038\" src=\"http:\/\/theraderm.vn\/wp-content\/uploads\/2025\/12\/Teatree-Cooling-Marine-Mask-750g.jpg\" alt=\"teatree cooling marine mask 750g-product description\" width=\"1000\" height=\"5449\" \/><\/p>","protected":false},"excerpt":{"rendered":"<p>Gi\u00fap gi\u1ea3m b\u1edbt v\u1ea5n \u0111\u1ec1 \/ M\u1eb7t n\u1ea1 alginate l\u00e0m d\u1ecbu da<\/p>\n<p>M\u1eb7t n\u1ea1 alginate c\u00f3 t\u00ednh kh\u00e1ng khu\u1ea9n v\u00e0 ch\u1ed1ng vi\u00eam n\u00e0y gi\u00fap c\u1ea3i thi\u1ec7n c\u00e1c v\u1ea5n \u0111\u1ec1 v\u1ec1 da v\u00e0 mang l\u1ea1i c\u1ea3m gi\u00e1c d\u1ecbu nh\u1eb9 cho l\u00e0n da nh\u1ea1y c\u1ea3m, gi\u00fap da tr\u1edf n\u00ean s\u00e1ng m\u1ecbn.<\/p>","protected":false},"featured_media":2622,"comment_status":"open","ping_status":"closed","template":"","meta":{"site-sidebar-layout":"default","site-content-layout":"","ast-site-content-layout":"default","site-content-style":"default","site-sidebar-style":"default","ast-global-header-display":"","ast-banner-title-visibility":"","ast-main-header-display":"","ast-hfb-above-header-display":"","ast-hfb-below-header-display":"","ast-hfb-mobile-header-display":"","site-post-title":"","ast-breadcrumbs-content":"","ast-featured-img":"","footer-sml-layout":"","ast-disable-related-posts":"","theme-transparent-header-meta":"default","adv-header-id-meta":"","stick-header-meta":"","header-above-stick-meta":"","header-main-stick-meta":"","header-below-stick-meta":"","astra-migrate-meta-layouts":"set","ast-page-background-enabled":"default","ast-page-background-meta":{"desktop":{"background-color":"","background-image":"","background-repeat":"repeat","background-position":"center center","background-size":"auto","background-attachment":"scroll","background-type":"","background-media":"","overlay-type":"","overlay-color":"","overlay-opacity":"","overlay-gradient":""},"tablet":{"background-color":"","background-image":"","background-repeat":"repeat","background-position":"center center","background-size":"auto","background-attachment":"scroll","background-type":"","background-media":"","overlay-type":"","overlay-color":"","overlay-opacity":"","overlay-gradient":""},"mobile":{"background-color":"","background-image":"","background-repeat":"repeat","background-position":"center center","background-size":"auto","background-attachment":"scroll","background-type":"","background-media":"","overlay-type":"","overlay-color":"","overlay-opacity":"","overlay-gradient":""}},"ast-content-background-meta":{"desktop":{"background-color":"var(--ast-global-color-5)","background-image":"","background-repeat":"repeat","background-position":"center center","background-size":"auto","background-attachment":"scroll","background-type":"","background-media":"","overlay-type":"","overlay-color":"","overlay-opacity":"","overlay-gradient":""},"tablet":{"background-color":"var(--ast-global-color-5)","background-image":"","background-repeat":"repeat","background-position":"center center","background-size":"auto","background-attachment":"scroll","background-type":"","background-media":"","overlay-type":"","overlay-color":"","overlay-opacity":"","overlay-gradient":""},"mobile":{"background-color":"var(--ast-global-color-5)","background-image":"","background-repeat":"repeat","background-position":"center center","background-size":"auto","background-attachment":"scroll","background-type":"","background-media":"","overlay-type":"","overlay-color":"","overlay-opacity":"","overlay-gradient":""}}},"product_brand":[],"product_cat":[65,19,27,60],"product_tag":[],"class_list":{"0":"post-2036","1":"product","2":"type-product","3":"status-publish","4":"has-post-thumbnail","6":"product_cat-alginate-mask","7":"product_cat-all","8":"product_cat-products","9":"product_cat-professional","10":"desktop-align-center","11":"tablet-align-left","12":"mobile-align-left","14":"first","15":"instock","16":"shipping-taxable","17":"purchasable","18":"product-type-simple"},"_links":{"self":[{"href":"https:\/\/theraderm.vn\/vi\/wp-json\/wp\/v2\/product\/2036","targetHints":{"allow":["GET"]}}],"collection":[{"href":"https:\/\/theraderm.vn\/vi\/wp-json\/wp\/v2\/product"}],"about":[{"href":"https:\/\/theraderm.vn\/vi\/wp-json\/wp\/v2\/types\/product"}],"replies":[{"embeddable":true,"href":"https:\/\/theraderm.vn\/vi\/wp-json\/wp\/v2\/comments?post=2036"}],"wp:featuredmedia":[{"embeddable":true,"href":"https:\/\/theraderm.vn\/vi\/wp-json\/wp\/v2\/media\/2622"}],"wp:attachment":[{"href":"https:\/\/theraderm.vn\/vi\/wp-json\/wp\/v2\/media?parent=2036"}],"wp:term":[{"taxonomy":"product_brand","embeddable":true,"href":"https:\/\/theraderm.vn\/vi\/wp-json\/wp\/v2\/product_brand?post=2036"},{"taxonomy":"product_cat","embeddable":true,"href":"https:\/\/theraderm.vn\/vi\/wp-json\/wp\/v2\/product_cat?post=2036"},{"taxonomy":"product_tag","embeddable":true,"href":"https:\/\/theraderm.vn\/vi\/wp-json\/wp\/v2\/product_tag?post=2036"}],"curies":[{"name":"wp","href":"https:\/\/api.w.org\/{rel}","templated":true}]}}