{"id":2039,"date":"2025-11-06T04:38:57","date_gmt":"2025-11-06T04:38:57","guid":{"rendered":"http:\/\/theraderm.vn\/?post_type=product&#038;p=2039"},"modified":"2025-12-11T13:56:52","modified_gmt":"2025-12-11T13:56:52","slug":"spirulina-cooling-marine-mask-750g","status":"publish","type":"product","link":"https:\/\/theraderm.vn\/vi\/san-pham\/spirulina-cooling-marine-mask-750g\/","title":{"rendered":"M\u1eb7t N\u1ea1 T\u1ea3o Xo\u1eafn L\u00e0m M\u00e1t 750g"},"content":{"rendered":"<p><img fetchpriority=\"high\" decoding=\"async\" class=\"aligncenter size-full wp-image-2041\" src=\"http:\/\/theraderm.vn\/wp-content\/uploads\/2025\/12\/Spirulina-Cooling-Marine-Mask-750g.jpg\" alt=\"spirulina cooling marine mask 750g-product description\" width=\"1000\" height=\"5449\" \/><\/p>","protected":false},"excerpt":{"rendered":"<p>M\u1eb7t n\u1ea1 alginate d\u01b0\u1ee1ng \u1ea9m \/ l\u00e0m m\u00e1t<\/p>\n<p>M\u1eb7t n\u1ea1 alginate n\u00e0y mang l\u1ea1i c\u1ea3m gi\u00e1c d\u1ecbu nh\u1eb9 t\u1ee9c th\u00ec cho da v\u00e0 t\u1ea1o l\u1edbp m\u00e0ng b\u1ea3o v\u1ec7 \u0111\u1ed9 \u1ea9m tr\u00ean b\u1ec1 m\u1eb7t da, gi\u00fap duy tr\u00ec \u0111\u1ed9 \u1ea9m v\u00e0 \u0111\u1ec3 l\u1ea1i l\u00e0n da m\u1ec1m m\u1ea1i, m\u1ecbn m\u00e0ng v\u00e0 \u0111\u01b0\u1ee3c d\u01b0\u1ee1ng \u1ea9m \u0111\u1ea7y \u0111\u1ee7.<\/p>","protected":false},"featured_media":2619,"comment_status":"open","ping_status":"closed","template":"","meta":{"site-sidebar-layout":"default","site-content-layout":"","ast-site-content-layout":"default","site-content-style":"default","site-sidebar-style":"default","ast-global-header-display":"","ast-banner-title-visibility":"","ast-main-header-display":"","ast-hfb-above-header-display":"","ast-hfb-below-header-display":"","ast-hfb-mobile-header-display":"","site-post-title":"","ast-breadcrumbs-content":"","ast-featured-img":"","footer-sml-layout":"","ast-disable-related-posts":"","theme-transparent-header-meta":"default","adv-header-id-meta":"","stick-header-meta":"","header-above-stick-meta":"","header-main-stick-meta":"","header-below-stick-meta":"","astra-migrate-meta-layouts":"set","ast-page-background-enabled":"default","ast-page-background-meta":{"desktop":{"background-color":"","background-image":"","background-repeat":"repeat","background-position":"center center","background-size":"auto","background-attachment":"scroll","background-type":"","background-media":"","overlay-type":"","overlay-color":"","overlay-opacity":"","overlay-gradient":""},"tablet":{"background-color":"","background-image":"","background-repeat":"repeat","background-position":"center center","background-size":"auto","background-attachment":"scroll","background-type":"","background-media":"","overlay-type":"","overlay-color":"","overlay-opacity":"","overlay-gradient":""},"mobile":{"background-color":"","background-image":"","background-repeat":"repeat","background-position":"center center","background-size":"auto","background-attachment":"scroll","background-type":"","background-media":"","overlay-type":"","overlay-color":"","overlay-opacity":"","overlay-gradient":""}},"ast-content-background-meta":{"desktop":{"background-color":"var(--ast-global-color-5)","background-image":"","background-repeat":"repeat","background-position":"center center","background-size":"auto","background-attachment":"scroll","background-type":"","background-media":"","overlay-type":"","overlay-color":"","overlay-opacity":"","overlay-gradient":""},"tablet":{"background-color":"var(--ast-global-color-5)","background-image":"","background-repeat":"repeat","background-position":"center center","background-size":"auto","background-attachment":"scroll","background-type":"","background-media":"","overlay-type":"","overlay-color":"","overlay-opacity":"","overlay-gradient":""},"mobile":{"background-color":"var(--ast-global-color-5)","background-image":"","background-repeat":"repeat","background-position":"center center","background-size":"auto","background-attachment":"scroll","background-type":"","background-media":"","overlay-type":"","overlay-color":"","overlay-opacity":"","overlay-gradient":""}}},"product_brand":[],"product_cat":[65,19,27,60],"product_tag":[],"class_list":{"0":"post-2039","1":"product","2":"type-product","3":"status-publish","4":"has-post-thumbnail","6":"product_cat-alginate-mask","7":"product_cat-all","8":"product_cat-products","9":"product_cat-professional","10":"desktop-align-center","11":"tablet-align-left","12":"mobile-align-left","14":"first","15":"instock","16":"shipping-taxable","17":"purchasable","18":"product-type-simple"},"_links":{"self":[{"href":"https:\/\/theraderm.vn\/vi\/wp-json\/wp\/v2\/product\/2039","targetHints":{"allow":["GET"]}}],"collection":[{"href":"https:\/\/theraderm.vn\/vi\/wp-json\/wp\/v2\/product"}],"about":[{"href":"https:\/\/theraderm.vn\/vi\/wp-json\/wp\/v2\/types\/product"}],"replies":[{"embeddable":true,"href":"https:\/\/theraderm.vn\/vi\/wp-json\/wp\/v2\/comments?post=2039"}],"wp:featuredmedia":[{"embeddable":true,"href":"https:\/\/theraderm.vn\/vi\/wp-json\/wp\/v2\/media\/2619"}],"wp:attachment":[{"href":"https:\/\/theraderm.vn\/vi\/wp-json\/wp\/v2\/media?parent=2039"}],"wp:term":[{"taxonomy":"product_brand","embeddable":true,"href":"https:\/\/theraderm.vn\/vi\/wp-json\/wp\/v2\/product_brand?post=2039"},{"taxonomy":"product_cat","embeddable":true,"href":"https:\/\/theraderm.vn\/vi\/wp-json\/wp\/v2\/product_cat?post=2039"},{"taxonomy":"product_tag","embeddable":true,"href":"https:\/\/theraderm.vn\/vi\/wp-json\/wp\/v2\/product_tag?post=2039"}],"curies":[{"name":"wp","href":"https:\/\/api.w.org\/{rel}","templated":true}]}}