{"id":316,"date":"2025-10-13T09:12:34","date_gmt":"2025-10-13T09:12:34","guid":{"rendered":"http:\/\/theraderm.vn\/product\/anti-aging-skin-toner\/"},"modified":"2025-12-19T15:01:46","modified_gmt":"2025-12-19T08:01:46","slug":"kim-tol-tols-pick-vitamin-c-collagen-bomb-cc-ampoule-serum-50g-whitening-radiance-elasticity-anti-aging-care","status":"publish","type":"product","link":"https:\/\/theraderm.vn\/vi\/san-pham\/kim-tol-tols-pick-vitamin-c-collagen-bomb-cc-ampoule-serum-50g-whitening-radiance-elasticity-anti-aging-care\/","title":{"rendered":"Tinh Ch\u1ea5t Pure C TX 30ml"},"content":{"rendered":"<p><img fetchpriority=\"high\" decoding=\"async\" class=\"aligncenter size-full wp-image-2927\" src=\"https:\/\/theraderm.vn\/wp-content\/uploads\/2025\/12\/Pure-C-TX-Serum.jpg\" alt=\"\" width=\"2083\" height=\"25713\" \/><\/p>","protected":false},"excerpt":{"rendered":"<p>Serum Vitamin C Tinh Khi\u1ebft 13% N\u1ed3ng \u0110\u1ed9 Cao<\/p>\n<p>D\u01b0\u1ee3c m\u1ef9 ph\u1ea9m c\u00f4ng d\u1ee5ng k\u00e9p h\u1ed7 tr\u1ee3 l\u00e0m s\u00e1ng da v\u00e0 c\u1ea3i thi\u1ec7n n\u1ebfp nh\u0103n<\/p>\n<p>Serum l\u00e0m s\u00e1ng da t\u1eadp trung cao n\u00e0y, \u0111\u01b0\u1ee3c b\u1ed5 sung Vitamin C 13%, gi\u00fap t\u0103ng c\u01b0\u1eddng hi\u1ec7u qu\u1ea3 l\u00e0m s\u00e1ng da v\u00e0 ch\u1ed1ng oxy h\u00f3a, h\u1ed7 tr\u1ee3 c\u1ea3i thi\u1ec7n c\u00e1c v\u1ebft th\u00e2m v\u00e0 t\u00ecnh tr\u1ea1ng da kh\u00f4ng \u0111\u1ec1u m\u00e0u, mang l\u1ea1i l\u00e0n da s\u00e1ng h\u01a1n v\u00e0 tr\u1ebb trung h\u01a1n.<\/p>","protected":false},"featured_media":2687,"comment_status":"open","ping_status":"closed","template":"","meta":{"site-sidebar-layout":"no-sidebar","site-content-layout":"boxed-container","ast-site-content-layout":"normal-width-container","site-content-style":"boxed","site-sidebar-style":"boxed","ast-global-header-display":"","ast-banner-title-visibility":"","ast-main-header-display":"","ast-hfb-above-header-display":"","ast-hfb-below-header-display":"","ast-hfb-mobile-header-display":"","site-post-title":"","ast-breadcrumbs-content":"","ast-featured-img":"","footer-sml-layout":"","ast-disable-related-posts":"","theme-transparent-header-meta":"default","adv-header-id-meta":"","stick-header-meta":"","header-above-stick-meta":"","header-main-stick-meta":"","header-below-stick-meta":"","astra-migrate-meta-layouts":"set","ast-page-background-enabled":"default","ast-page-background-meta":{"desktop":{"background-color":"","background-image":"","background-repeat":"repeat","background-position":"center center","background-size":"auto","background-attachment":"scroll","background-type":"","background-media":"","overlay-type":"","overlay-color":"","overlay-opacity":"","overlay-gradient":""},"tablet":{"background-color":"","background-image":"","background-repeat":"repeat","background-position":"center center","background-size":"auto","background-attachment":"scroll","background-type":"","background-media":"","overlay-type":"","overlay-color":"","overlay-opacity":"","overlay-gradient":""},"mobile":{"background-color":"","background-image":"","background-repeat":"repeat","background-position":"center center","background-size":"auto","background-attachment":"scroll","background-type":"","background-media":"","overlay-type":"","overlay-color":"","overlay-opacity":"","overlay-gradient":""}},"ast-content-background-meta":{"desktop":{"background-color":"var(--ast-global-color-5)","background-image":"","background-repeat":"repeat","background-position":"center center","background-size":"auto","background-attachment":"scroll","background-type":"","background-media":"","overlay-type":"","overlay-color":"","overlay-opacity":"","overlay-gradient":""},"tablet":{"background-color":"var(--ast-global-color-5)","background-image":"","background-repeat":"repeat","background-position":"center center","background-size":"auto","background-attachment":"scroll","background-type":"","background-media":"","overlay-type":"","overlay-color":"","overlay-opacity":"","overlay-gradient":""},"mobile":{"background-color":"var(--ast-global-color-5)","background-image":"","background-repeat":"repeat","background-position":"center center","background-size":"auto","background-attachment":"scroll","background-type":"","background-media":"","overlay-type":"","overlay-color":"","overlay-opacity":"","overlay-gradient":""}}},"product_brand":[],"product_cat":[19,56,27,54],"product_tag":[],"class_list":{"0":"post-316","1":"product","2":"type-product","3":"status-publish","4":"has-post-thumbnail","6":"product_cat-all","7":"product_cat-ampoule-serum-spot","8":"product_cat-products","9":"product_cat-retail","10":"desktop-align-center","11":"tablet-align-left","12":"mobile-align-left","14":"first","15":"instock","16":"shipping-taxable","17":"product-type-simple"},"_links":{"self":[{"href":"https:\/\/theraderm.vn\/vi\/wp-json\/wp\/v2\/product\/316","targetHints":{"allow":["GET"]}}],"collection":[{"href":"https:\/\/theraderm.vn\/vi\/wp-json\/wp\/v2\/product"}],"about":[{"href":"https:\/\/theraderm.vn\/vi\/wp-json\/wp\/v2\/types\/product"}],"replies":[{"embeddable":true,"href":"https:\/\/theraderm.vn\/vi\/wp-json\/wp\/v2\/comments?post=316"}],"wp:featuredmedia":[{"embeddable":true,"href":"https:\/\/theraderm.vn\/vi\/wp-json\/wp\/v2\/media\/2687"}],"wp:attachment":[{"href":"https:\/\/theraderm.vn\/vi\/wp-json\/wp\/v2\/media?parent=316"}],"wp:term":[{"taxonomy":"product_brand","embeddable":true,"href":"https:\/\/theraderm.vn\/vi\/wp-json\/wp\/v2\/product_brand?post=316"},{"taxonomy":"product_cat","embeddable":true,"href":"https:\/\/theraderm.vn\/vi\/wp-json\/wp\/v2\/product_cat?post=316"},{"taxonomy":"product_tag","embeddable":true,"href":"https:\/\/theraderm.vn\/vi\/wp-json\/wp\/v2\/product_tag?post=316"}],"curies":[{"name":"wp","href":"https:\/\/api.w.org\/{rel}","templated":true}]}}