{"id":3758,"date":"2026-01-26T14:25:20","date_gmt":"2026-01-26T07:25:20","guid":{"rendered":"https:\/\/theraderm.vn\/?post_type=product&#038;p=3758"},"modified":"2026-01-26T15:08:57","modified_gmt":"2026-01-26T08:08:57","slug":"bio-cell-white-serum","status":"publish","type":"product","link":"https:\/\/theraderm.vn\/vi\/san-pham\/bio-cell-white-serum\/","title":{"rendered":"Bio Cell White Serum"},"content":{"rendered":"","protected":false},"excerpt":{"rendered":"<p><span style=\"font-weight: 400;\">Bio Cell White Serum ph\u00f9 h\u1ee3p \u0111\u1ec3 s\u1eed d\u1ee5ng cho t\u1ea5t c\u1ea3 lo\u1ea1i da c\u00f3 mong mu\u1ed1n t\u00e1i t\u1ea1o v\u00e0 \u0111i\u1ec1u ch\u1ec9nh s\u1eafc t\u1ed1.<\/span><\/p>\n<p><span style=\"font-weight: 400;\">V\u1edbi c\u00e1c th\u00e0nh ph\u1ea7n Syn\u24c7-Coll(Palmitoyl Tripeptide-3): K\u00edch ho\u1ea1t TGF\u03b21 gi\u00fap t\u00e1i t\u1ea1o v\u00e0 tr\u1ebb ho\u00e1 da<br \/>\nSeawater (n\u01b0\u1edbc bi\u1ec3n tinh khi\u1ebft): Gi\u00e0u kho\u00e1ng ch\u1ea5t, c\u00e2n b\u1eb1ng v\u00e0 nu\u00f4i d\u01b0\u1ee1ng da, m\u00f4 ph\u1ecfng m\u00f4i tr\u01b0\u1eddng sinh h\u1ecdc t\u1ef1 nhi\u00ean c\u1ee7a da<br \/>\nArbutin &amp; GIGA White: L\u00e0m s\u00e1ng da, ch\u1ed1ng oxy h\u00f3a, gi\u00fap da \u0111\u1ec1u m\u00e0u v\u00e0 r\u1ea1ng r\u1ee1. S\u1ea3n ph\u1ea9m \u0111\u00e3 \u0111\u01b0\u1ee3c ch\u1ee9ng minh qua th\u00ed nghi\u1ec7m v\u1ec1 t\u00e1c d\u1ee5ng l\u00e0m tr\u1eafng v\u00e0 tr\u1ebb h\u00f3a da.\u00a0<\/span><\/p>","protected":false},"featured_media":3779,"comment_status":"open","ping_status":"closed","template":"","meta":{"site-sidebar-layout":"default","site-content-layout":"","ast-site-content-layout":"default","site-content-style":"default","site-sidebar-style":"default","ast-global-header-display":"","ast-banner-title-visibility":"","ast-main-header-display":"","ast-hfb-above-header-display":"","ast-hfb-below-header-display":"","ast-hfb-mobile-header-display":"","site-post-title":"","ast-breadcrumbs-content":"","ast-featured-img":"","footer-sml-layout":"","ast-disable-related-posts":"","theme-transparent-header-meta":"default","adv-header-id-meta":"","stick-header-meta":"","header-above-stick-meta":"","header-main-stick-meta":"","header-below-stick-meta":"","astra-migrate-meta-layouts":"set","ast-page-background-enabled":"default","ast-page-background-meta":{"desktop":{"background-color":"","background-image":"","background-repeat":"repeat","background-position":"center center","background-size":"auto","background-attachment":"scroll","background-type":"","background-media":"","overlay-type":"","overlay-color":"","overlay-opacity":"","overlay-gradient":""},"tablet":{"background-color":"","background-image":"","background-repeat":"repeat","background-position":"center center","background-size":"auto","background-attachment":"scroll","background-type":"","background-media":"","overlay-type":"","overlay-color":"","overlay-opacity":"","overlay-gradient":""},"mobile":{"background-color":"","background-image":"","background-repeat":"repeat","background-position":"center center","background-size":"auto","background-attachment":"scroll","background-type":"","background-media":"","overlay-type":"","overlay-color":"","overlay-opacity":"","overlay-gradient":""}},"ast-content-background-meta":{"desktop":{"background-color":"var(--ast-global-color-5)","background-image":"","background-repeat":"repeat","background-position":"center center","background-size":"auto","background-attachment":"scroll","background-type":"","background-media":"","overlay-type":"","overlay-color":"","overlay-opacity":"","overlay-gradient":""},"tablet":{"background-color":"var(--ast-global-color-5)","background-image":"","background-repeat":"repeat","background-position":"center center","background-size":"auto","background-attachment":"scroll","background-type":"","background-media":"","overlay-type":"","overlay-color":"","overlay-opacity":"","overlay-gradient":""},"mobile":{"background-color":"var(--ast-global-color-5)","background-image":"","background-repeat":"repeat","background-position":"center center","background-size":"auto","background-attachment":"scroll","background-type":"","background-media":"","overlay-type":"","overlay-color":"","overlay-opacity":"","overlay-gradient":""}}},"product_brand":[],"product_cat":[50,49,27],"product_tag":[],"class_list":{"0":"post-3758","1":"product","2":"type-product","3":"status-publish","4":"has-post-thumbnail","6":"product_cat-bio-cell","7":"product_cat-clinic-treatment","8":"product_cat-products","9":"desktop-align-center","10":"tablet-align-left","11":"mobile-align-left","13":"first","14":"instock","15":"shipping-taxable","16":"product-type-simple"},"_links":{"self":[{"href":"https:\/\/theraderm.vn\/vi\/wp-json\/wp\/v2\/product\/3758","targetHints":{"allow":["GET"]}}],"collection":[{"href":"https:\/\/theraderm.vn\/vi\/wp-json\/wp\/v2\/product"}],"about":[{"href":"https:\/\/theraderm.vn\/vi\/wp-json\/wp\/v2\/types\/product"}],"replies":[{"embeddable":true,"href":"https:\/\/theraderm.vn\/vi\/wp-json\/wp\/v2\/comments?post=3758"}],"wp:featuredmedia":[{"embeddable":true,"href":"https:\/\/theraderm.vn\/vi\/wp-json\/wp\/v2\/media\/3779"}],"wp:attachment":[{"href":"https:\/\/theraderm.vn\/vi\/wp-json\/wp\/v2\/media?parent=3758"}],"wp:term":[{"taxonomy":"product_brand","embeddable":true,"href":"https:\/\/theraderm.vn\/vi\/wp-json\/wp\/v2\/product_brand?post=3758"},{"taxonomy":"product_cat","embeddable":true,"href":"https:\/\/theraderm.vn\/vi\/wp-json\/wp\/v2\/product_cat?post=3758"},{"taxonomy":"product_tag","embeddable":true,"href":"https:\/\/theraderm.vn\/vi\/wp-json\/wp\/v2\/product_tag?post=3758"}],"curies":[{"name":"wp","href":"https:\/\/api.w.org\/{rel}","templated":true}]}}