{"id":3802,"date":"2026-01-27T09:10:33","date_gmt":"2026-01-27T02:10:33","guid":{"rendered":"https:\/\/theraderm.vn\/?post_type=product&#038;p=3802"},"modified":"2026-01-27T16:49:37","modified_gmt":"2026-01-27T09:49:37","slug":"mat-na-acerola-250ml","status":"publish","type":"product","link":"https:\/\/theraderm.vn\/vi\/san-pham\/mat-na-acerola-250ml\/","title":{"rendered":"M\u1eb7t n\u1ea1 Acerola 250ml"},"content":{"rendered":"<p><img fetchpriority=\"high\" decoding=\"async\" class=\"aligncenter size-full wp-image-3821\" src=\"https:\/\/theraderm.vn\/wp-content\/uploads\/2026\/01\/acerola1.jpg\" alt=\"\" width=\"752\" height=\"1158\" srcset=\"https:\/\/theraderm.vn\/wp-content\/uploads\/2026\/01\/acerola1.jpg 752w, https:\/\/theraderm.vn\/wp-content\/uploads\/2026\/01\/acerola1-260x400.jpg 260w, https:\/\/theraderm.vn\/wp-content\/uploads\/2026\/01\/acerola1-8x12.jpg 8w, https:\/\/theraderm.vn\/wp-content\/uploads\/2026\/01\/acerola1-600x924.jpg 600w\" sizes=\"(max-width: 752px) 100vw, 752px\" \/> <img decoding=\"async\" class=\"aligncenter size-full wp-image-3822\" src=\"https:\/\/theraderm.vn\/wp-content\/uploads\/2026\/01\/acelora2.jpg\" alt=\"\" width=\"756\" height=\"1220\" srcset=\"https:\/\/theraderm.vn\/wp-content\/uploads\/2026\/01\/acelora2.jpg 756w, https:\/\/theraderm.vn\/wp-content\/uploads\/2026\/01\/acelora2-248x400.jpg 248w, https:\/\/theraderm.vn\/wp-content\/uploads\/2026\/01\/acelora2-7x12.jpg 7w, https:\/\/theraderm.vn\/wp-content\/uploads\/2026\/01\/acelora2-600x968.jpg 600w\" sizes=\"(max-width: 756px) 100vw, 756px\" \/> <img decoding=\"async\" class=\"aligncenter size-full wp-image-3823\" src=\"https:\/\/theraderm.vn\/wp-content\/uploads\/2026\/01\/acelora3.jpg\" alt=\"\" width=\"754\" height=\"852\" srcset=\"https:\/\/theraderm.vn\/wp-content\/uploads\/2026\/01\/acelora3.jpg 754w, https:\/\/theraderm.vn\/wp-content\/uploads\/2026\/01\/acelora3-354x400.jpg 354w, https:\/\/theraderm.vn\/wp-content\/uploads\/2026\/01\/acelora3-11x12.jpg 11w, https:\/\/theraderm.vn\/wp-content\/uploads\/2026\/01\/acelora3-600x678.jpg 600w\" sizes=\"(max-width: 754px) 100vw, 754px\" \/> <img loading=\"lazy\" decoding=\"async\" class=\"aligncenter size-full wp-image-3824\" src=\"https:\/\/theraderm.vn\/wp-content\/uploads\/2026\/01\/acelora4.jpg\" alt=\"\" width=\"750\" height=\"1036\" srcset=\"https:\/\/theraderm.vn\/wp-content\/uploads\/2026\/01\/acelora4.jpg 750w, https:\/\/theraderm.vn\/wp-content\/uploads\/2026\/01\/acelora4-290x400.jpg 290w, https:\/\/theraderm.vn\/wp-content\/uploads\/2026\/01\/acelora4-9x12.jpg 9w, https:\/\/theraderm.vn\/wp-content\/uploads\/2026\/01\/acelora4-600x829.jpg 600w\" sizes=\"(max-width: 750px) 100vw, 750px\" \/> <img loading=\"lazy\" decoding=\"async\" class=\"aligncenter size-full wp-image-3825\" src=\"https:\/\/theraderm.vn\/wp-content\/uploads\/2026\/01\/acelora5.jpg\" alt=\"\" width=\"750\" height=\"1160\" srcset=\"https:\/\/theraderm.vn\/wp-content\/uploads\/2026\/01\/acelora5.jpg 750w, https:\/\/theraderm.vn\/wp-content\/uploads\/2026\/01\/acelora5-259x400.jpg 259w, https:\/\/theraderm.vn\/wp-content\/uploads\/2026\/01\/acelora5-8x12.jpg 8w, https:\/\/theraderm.vn\/wp-content\/uploads\/2026\/01\/acelora5-600x928.jpg 600w\" sizes=\"(max-width: 750px) 100vw, 750px\" \/> <img loading=\"lazy\" decoding=\"async\" class=\"aligncenter size-full wp-image-3826\" src=\"https:\/\/theraderm.vn\/wp-content\/uploads\/2026\/01\/acelora6.jpg\" alt=\"\" width=\"752\" height=\"1126\" srcset=\"https:\/\/theraderm.vn\/wp-content\/uploads\/2026\/01\/acelora6.jpg 752w, https:\/\/theraderm.vn\/wp-content\/uploads\/2026\/01\/acelora6-267x400.jpg 267w, https:\/\/theraderm.vn\/wp-content\/uploads\/2026\/01\/acelora6-8x12.jpg 8w, https:\/\/theraderm.vn\/wp-content\/uploads\/2026\/01\/acelora6-600x898.jpg 600w\" sizes=\"(max-width: 752px) 100vw, 752px\" \/> <img loading=\"lazy\" decoding=\"async\" class=\"aligncenter size-full wp-image-3827\" src=\"https:\/\/theraderm.vn\/wp-content\/uploads\/2026\/01\/acelora7.jpg\" alt=\"\" width=\"748\" height=\"756\" srcset=\"https:\/\/theraderm.vn\/wp-content\/uploads\/2026\/01\/acelora7.jpg 748w, https:\/\/theraderm.vn\/wp-content\/uploads\/2026\/01\/acelora7-396x400.jpg 396w, https:\/\/theraderm.vn\/wp-content\/uploads\/2026\/01\/acelora7-12x12.jpg 12w, https:\/\/theraderm.vn\/wp-content\/uploads\/2026\/01\/acelora7-600x606.jpg 600w, https:\/\/theraderm.vn\/wp-content\/uploads\/2026\/01\/acelora7-100x100.jpg 100w\" sizes=\"(max-width: 748px) 100vw, 748px\" \/><\/p>","protected":false},"excerpt":{"rendered":"<div class=\"info_top\">\n<div class=\"prd_desc\">\n<p data-start=\"153\" data-end=\"290\">M\u1eb7t n\u1ea1 d\u01b0\u1ee1ng da d\u1ea1ng kem Acerola l\u00e0 gi\u1ea3i ph\u00e1p ch\u0103m s\u00f3c da chuy\u00ean s\u00e2u gi\u00fap c\u1ea3i thi\u1ec7n s\u1eafc t\u1ed1 v\u00e0 b\u1ea3o v\u1ec7 da tr\u01b0\u1edbc c\u00e1c t\u00e1c nh\u00e2n oxy h\u00f3a.<\/p>\n<p data-start=\"292\" data-end=\"535\">Chi\u1ebft xu\u1ea5t t\u1eeb Acerola \u2013 lo\u1ea1i qu\u1ea3 gi\u00e0u Axit L-Ascorbic t\u1ef1 nhi\u00ean nh\u1ea5t, h\u00e0m l\u01b0\u1ee3ng Vitamin C cao v\u01b0\u1ee3t tr\u1ed9i g\u1ea5p nhi\u1ec1u l\u1ea7n so v\u1edbi cam, m\u1eb7t n\u1ea1 gi\u00fap l\u00e0n da tr\u1edf n\u00ean r\u1ea1ng r\u1ee1 v\u00e0 kh\u1ecfe kho\u1eafn h\u01a1n nh\u1edd kh\u1ea3 n\u0103ng \u0111i\u1ec1u h\u00f2a s\u1ef1 h\u00ecnh th\u00e0nh v\u00e0 ph\u00e2n b\u1ed1 Melanin.<\/p>\n<p data-start=\"537\" data-end=\"816\">Kh\u00f4ng ch\u1ec9 mang l\u1ea1i hi\u1ec7u qu\u1ea3 l\u00e0m s\u00e1ng da, Acerola c\u00f2n ph\u00e1t huy ho\u1ea1t t\u00ednh ch\u1ed1ng oxy h\u00f3a m\u1ea1nh m\u1ebd, h\u1ed7 tr\u1ee3 b\u1ea3o v\u1ec7 t\u1ebf b\u00e0o da kh\u1ecfi l\u00e3o h\u00f3a s\u1edbm. \u0110\u1ed3ng th\u1eddi, th\u00e0nh ph\u1ea7n n\u00e0y k\u00edch th\u00edch qu\u00e1 tr\u00ecnh t\u1ed5ng h\u1ee3p collagen, g\u00f3p ph\u1ea7n t\u00e1i t\u1ea1o m\u00f4 trung b\u00ec, gi\u00fap da s\u0103n ch\u1eafc v\u00e0 t\u01b0\u01a1i tr\u1ebb t\u1eeb b\u00ean trong.<\/p>\n<\/div>\n<\/div>","protected":false},"featured_media":3803,"comment_status":"open","ping_status":"closed","template":"","meta":{"site-sidebar-layout":"default","site-content-layout":"","ast-site-content-layout":"default","site-content-style":"default","site-sidebar-style":"default","ast-global-header-display":"","ast-banner-title-visibility":"","ast-main-header-display":"","ast-hfb-above-header-display":"","ast-hfb-below-header-display":"","ast-hfb-mobile-header-display":"","site-post-title":"","ast-breadcrumbs-content":"","ast-featured-img":"","footer-sml-layout":"","ast-disable-related-posts":"","theme-transparent-header-meta":"default","adv-header-id-meta":"","stick-header-meta":"","header-above-stick-meta":"","header-main-stick-meta":"","header-below-stick-meta":"","astra-migrate-meta-layouts":"set","ast-page-background-enabled":"default","ast-page-background-meta":{"desktop":{"background-color":"","background-image":"","background-repeat":"repeat","background-position":"center center","background-size":"auto","background-attachment":"scroll","background-type":"","background-media":"","overlay-type":"","overlay-color":"","overlay-opacity":"","overlay-gradient":""},"tablet":{"background-color":"","background-image":"","background-repeat":"repeat","background-position":"center center","background-size":"auto","background-attachment":"scroll","background-type":"","background-media":"","overlay-type":"","overlay-color":"","overlay-opacity":"","overlay-gradient":""},"mobile":{"background-color":"","background-image":"","background-repeat":"repeat","background-position":"center center","background-size":"auto","background-attachment":"scroll","background-type":"","background-media":"","overlay-type":"","overlay-color":"","overlay-opacity":"","overlay-gradient":""}},"ast-content-background-meta":{"desktop":{"background-color":"var(--ast-global-color-5)","background-image":"","background-repeat":"repeat","background-position":"center center","background-size":"auto","background-attachment":"scroll","background-type":"","background-media":"","overlay-type":"","overlay-color":"","overlay-opacity":"","overlay-gradient":""},"tablet":{"background-color":"var(--ast-global-color-5)","background-image":"","background-repeat":"repeat","background-position":"center center","background-size":"auto","background-attachment":"scroll","background-type":"","background-media":"","overlay-type":"","overlay-color":"","overlay-opacity":"","overlay-gradient":""},"mobile":{"background-color":"var(--ast-global-color-5)","background-image":"","background-repeat":"repeat","background-position":"center center","background-size":"auto","background-attachment":"scroll","background-type":"","background-media":"","overlay-type":"","overlay-color":"","overlay-opacity":"","overlay-gradient":""}}},"product_brand":[],"product_cat":[62,27,60],"product_tag":[],"class_list":{"0":"post-3802","1":"product","2":"type-product","3":"status-publish","4":"has-post-thumbnail","6":"product_cat-deep-cleansing-mask","7":"product_cat-products","8":"product_cat-professional","9":"desktop-align-center","10":"tablet-align-left","11":"mobile-align-left","13":"first","14":"instock","15":"shipping-taxable","16":"product-type-simple"},"_links":{"self":[{"href":"https:\/\/theraderm.vn\/vi\/wp-json\/wp\/v2\/product\/3802","targetHints":{"allow":["GET"]}}],"collection":[{"href":"https:\/\/theraderm.vn\/vi\/wp-json\/wp\/v2\/product"}],"about":[{"href":"https:\/\/theraderm.vn\/vi\/wp-json\/wp\/v2\/types\/product"}],"replies":[{"embeddable":true,"href":"https:\/\/theraderm.vn\/vi\/wp-json\/wp\/v2\/comments?post=3802"}],"wp:featuredmedia":[{"embeddable":true,"href":"https:\/\/theraderm.vn\/vi\/wp-json\/wp\/v2\/media\/3803"}],"wp:attachment":[{"href":"https:\/\/theraderm.vn\/vi\/wp-json\/wp\/v2\/media?parent=3802"}],"wp:term":[{"taxonomy":"product_brand","embeddable":true,"href":"https:\/\/theraderm.vn\/vi\/wp-json\/wp\/v2\/product_brand?post=3802"},{"taxonomy":"product_cat","embeddable":true,"href":"https:\/\/theraderm.vn\/vi\/wp-json\/wp\/v2\/product_cat?post=3802"},{"taxonomy":"product_tag","embeddable":true,"href":"https:\/\/theraderm.vn\/vi\/wp-json\/wp\/v2\/product_tag?post=3802"}],"curies":[{"name":"wp","href":"https:\/\/api.w.org\/{rel}","templated":true}]}}